{"id":18519,"date":"2026-01-19T07:32:37","date_gmt":"2026-01-19T07:32:37","guid":{"rendered":"https:\/\/beautysba.co.uk\/product\/%d0%ba%d1%80%d0%b5%d0%bc-%d0%b4%d0%bb%d1%8f-%d1%83%d1%85%d0%be%d0%b4%d0%b0-%d0%b7%d0%b0-%d0%ba%d0%be%d0%b6%d0%b5%d0%b9-%d0%b7%d0%b5%d0%bb%d0%b5%d0%bd%d1%8b%d0%b9-25-%d0%bc%d0%bb-boro-plus\/"},"modified":"2026-01-19T09:41:26","modified_gmt":"2026-01-19T09:41:26","slug":"%d0%ba%d1%80%d0%b5%d0%bc-%d0%b4%d0%bb%d1%8f-%d1%83%d1%85%d0%be%d0%b4%d0%b0-%d0%b7%d0%b0-%d0%ba%d0%be%d0%b6%d0%b5%d0%b9-%d0%b7%d0%b5%d0%bb%d0%b5%d0%bd%d1%8b%d0%b9-25-%d0%bc%d0%bb-boro-plus","status":"publish","type":"product","link":"https:\/\/beautysba.co.uk\/en\/product\/%d0%ba%d1%80%d0%b5%d0%bc-%d0%b4%d0%bb%d1%8f-%d1%83%d1%85%d0%be%d0%b4%d0%b0-%d0%b7%d0%b0-%d0%ba%d0%be%d0%b6%d0%b5%d0%b9-%d0%b7%d0%b5%d0%bb%d0%b5%d0%bd%d1%8b%d0%b9-25-%d0%bc%d0%bb-boro-plus\/","title":{"rendered":"Skin care cream &#8211; green, 25 ml &#8211; Boro Plus"},"content":{"rendered":"<p>BORO PLUS cream is designed to care for healthy and problem skin. It contains natural extracts of herbs: aloe vera, tulsi (basil), sandalwood, turmeric (haridra), neem (margosa), kapur kachari, vetiver and others with antiseptic action. <\/p>\n<p>The cream forms a protective layer on the skin, protecting it from the aggressive effects of the environment. Moisturizes, nourishes dry skin, relieves burning and irritation. Helps to restore nutrients, tones, eliminates unpleasant odor and gives a feeling of freshness. Cleanses the skin and improves its structure, prevents cracks and weathered skin and lips. Thanks to its antiseptic properties, it helps heal small scratches, abrasions and cuts.    <\/p>\n<p>Indications for use:<br \/>\nProtection of hand skin during washing, cleaning, gardening<br \/>\nCare for dry and irritated skin of the feet<br \/>\nSoftening and protection of skin in children when using diapers<br \/>\nRelief of itching and irritation after insect bites<br \/>\nAs a cream after shaving<br \/>\nFirst aid for minor skin damage<br \/>\nHow to use:<br \/>\nApply a thin layer on the skin of the face, hands or feet. For best results, use at least 3 times a day. If necessary &#8211; as problems arise.   For external use only.<\/p>\n<p>Contains no antibiotics or hormones.<\/p>\n<p>STORAGE CONDITIONS<br \/>\nStore at temperature +5\u00baC &#8211; +25\u00baC, in a dry, dark place out of reach of children.<\/p>\n<p>YIELD: 3 years.<\/p>\n<p>PRODUCTION DATE: see packaging.<\/p>\n<p>PRODUCER: Emami Limited, India.<\/p>\n<p>IMPorter: VITATEKA O\u00dc, M\u00f5isa tee 5, Kostivere alevik, J\u00f5el\u00e4htme vald, Harjumaa, Estonia 74204  <\/p>\n<p>INGREDIENTS INCI: Paraffinum liquidum, Paraffin, Talc, Cera microcristallina, Zinc oxide, Aqua, Cetearyl alcohol, Parfum, Hedychium spicatum extract, Azadirachta indica leaf extract, Aloe barbadensis leaf extract, Santalum album (sandalwood) extract, Vetiveria zizanoides root extract, Hemidesmus indicus root extract, Buchanania latifolia extract, Phenoxyethanol, Ocimum sanctum leaf extract, Curcuma longa (turmeric) rhizome extract, Glycyrrhiza glabra (sweet root) root extract, Ocimum basilicum oil, Sodium lauryl sulfate, Xanthan Gum, Ceteareth-20, Alpha-Isomethyl lone, Benzyl benzoate, Benzyl Salicylate, Butylphenyl Methyl Propional, Cinnamyl alcohol, Citronellol, Citral, Coumarin, Eugenol, Geraniol, Hexyl Cinnamal, Hydroxycitronellal, Limonene, Linalool.<\/p>\n","protected":false},"excerpt":{"rendered":"<p>BORO PLUS cream is designed to care for healthy and problem skin. It contains natural extracts of herbs: aloe vera, tulsi (basil), sandalwood, turmeric (haridra), neem (margosa), kapur kachari, vetiver and others with antiseptic action. The cream forms a protective layer on the skin, protecting it from the aggressive effects of the environment. Moisturizes, nourishes [&hellip;]<\/p>\n","protected":false},"featured_media":18517,"comment_status":"open","ping_status":"closed","template":"","meta":[],"product_brand":[],"product_cat":[72,62,22,97,63],"product_tag":[],"class_list":{"0":"post-18519","1":"product","2":"type-product","3":"status-publish","4":"has-post-thumbnail","6":"product_cat-acne-spots-treatment","7":"product_cat-day-creams","8":"product_cat-face","9":"product_cat-new","10":"product_cat-night-creams","12":"first","13":"instock","14":"shipping-taxable","15":"purchasable","16":"product-type-simple"},"_links":{"self":[{"href":"https:\/\/beautysba.co.uk\/en\/wp-json\/wp\/v2\/product\/18519","targetHints":{"allow":["GET"]}}],"collection":[{"href":"https:\/\/beautysba.co.uk\/en\/wp-json\/wp\/v2\/product"}],"about":[{"href":"https:\/\/beautysba.co.uk\/en\/wp-json\/wp\/v2\/types\/product"}],"replies":[{"embeddable":true,"href":"https:\/\/beautysba.co.uk\/en\/wp-json\/wp\/v2\/comments?post=18519"}],"wp:featuredmedia":[{"embeddable":true,"href":"https:\/\/beautysba.co.uk\/en\/wp-json\/wp\/v2\/media\/18517"}],"wp:attachment":[{"href":"https:\/\/beautysba.co.uk\/en\/wp-json\/wp\/v2\/media?parent=18519"}],"wp:term":[{"taxonomy":"product_brand","embeddable":true,"href":"https:\/\/beautysba.co.uk\/en\/wp-json\/wp\/v2\/product_brand?post=18519"},{"taxonomy":"product_cat","embeddable":true,"href":"https:\/\/beautysba.co.uk\/en\/wp-json\/wp\/v2\/product_cat?post=18519"},{"taxonomy":"product_tag","embeddable":true,"href":"https:\/\/beautysba.co.uk\/en\/wp-json\/wp\/v2\/product_tag?post=18519"}],"curies":[{"name":"wp","href":"https:\/\/api.w.org\/{rel}","templated":true}]}}