{"id":19213,"date":"2026-04-24T10:13:19","date_gmt":"2026-04-24T10:13:19","guid":{"rendered":"https:\/\/beautysba.co.uk\/product\/esvitsin-lotion-tonic-for-hair-growth-300-ml-esvitsin\/"},"modified":"2026-04-24T10:13:35","modified_gmt":"2026-04-24T10:13:35","slug":"esvitsin-lotion-tonic-for-hair-growth-300-ml-esvitsin","status":"publish","type":"product","link":"https:\/\/beautysba.co.uk\/en\/product\/esvitsin-lotion-tonic-for-hair-growth-300-ml-esvitsin\/","title":{"rendered":"Esvitsin lotion-tonic for hair growth 300 ml ESVITSIN"},"content":{"rendered":"<p>Cosmetic product for hair and scalp care: tonic lotion. Esvicine. Odorless aqueous solution containing a complex of microelements  <\/p>\n<p>Quantity<\/p>\n<p>300 ml<\/p>\n<p>Composition (INCI)<\/p>\n<p>Aqua, Methyl salicylate, Magnesium Chloride, Succinic Acid, Sodium Silicate, Chromium Picolinate, Cupric Chloride, Zinc Chloride.  <\/p>\n<p>Application<\/p>\n<p>Apply a small amount to the scalp and hair roots. Gently rub in with massage movements.  Don&#8217;t flush. Use regularly.<\/p>\n<p>Warnings<\/p>\n<p>&#8211; For external use only.<br \/>\n&#8211; Do not use in case of individual intolerance to the components.<br \/>\n&#8211; If allergic reactions occur, discontinue use and consult a physician.<br \/>\n&#8211; Avoid contact with eyes and mucous membranes.<br \/>\n&#8211; Keep out of reach of children.<\/p>\n<p>Storage<\/p>\n<p>Store in a dry and cool place.<\/p>\n<p>Shelf life<\/p>\n<p>See packaging<\/p>\n<p>Person in charge: FitoNordic Lab O\u00dc, S\u00fcgise tn 2a, Aruk\u00fcla alevik, Harjumaa, Eesti 75201<\/p>\n","protected":false},"excerpt":{"rendered":"<p>Cosmetic product for hair and scalp care: tonic lotion. Esvicine. Odorless aqueous solution containing a complex of microelements Quantity 300 ml Composition (INCI) Aqua, Methyl salicylate, Magnesium Chloride, Succinic Acid, Sodium Silicate, Chromium Picolinate, Cupric Chloride, Zinc Chloride. Application Apply a small amount to the scalp and hair roots. Gently rub in with massage movements. [&hellip;]<\/p>\n","protected":false},"featured_media":19210,"comment_status":"open","ping_status":"closed","template":"","meta":[],"product_brand":[],"product_cat":[15,97,48],"product_tag":[],"class_list":{"0":"post-19213","1":"product","2":"type-product","3":"status-publish","4":"has-post-thumbnail","6":"product_cat-hair","7":"product_cat-new","8":"product_cat-oils-and-serums","10":"first","11":"instock","12":"shipping-taxable","13":"purchasable","14":"product-type-simple"},"_links":{"self":[{"href":"https:\/\/beautysba.co.uk\/en\/wp-json\/wp\/v2\/product\/19213","targetHints":{"allow":["GET"]}}],"collection":[{"href":"https:\/\/beautysba.co.uk\/en\/wp-json\/wp\/v2\/product"}],"about":[{"href":"https:\/\/beautysba.co.uk\/en\/wp-json\/wp\/v2\/types\/product"}],"replies":[{"embeddable":true,"href":"https:\/\/beautysba.co.uk\/en\/wp-json\/wp\/v2\/comments?post=19213"}],"wp:featuredmedia":[{"embeddable":true,"href":"https:\/\/beautysba.co.uk\/en\/wp-json\/wp\/v2\/media\/19210"}],"wp:attachment":[{"href":"https:\/\/beautysba.co.uk\/en\/wp-json\/wp\/v2\/media?parent=19213"}],"wp:term":[{"taxonomy":"product_brand","embeddable":true,"href":"https:\/\/beautysba.co.uk\/en\/wp-json\/wp\/v2\/product_brand?post=19213"},{"taxonomy":"product_cat","embeddable":true,"href":"https:\/\/beautysba.co.uk\/en\/wp-json\/wp\/v2\/product_cat?post=19213"},{"taxonomy":"product_tag","embeddable":true,"href":"https:\/\/beautysba.co.uk\/en\/wp-json\/wp\/v2\/product_tag?post=19213"}],"curies":[{"name":"wp","href":"https:\/\/api.w.org\/{rel}","templated":true}]}}