{"id":1878,"date":"2021-09-09T20:10:57","date_gmt":"2021-09-09T20:10:57","guid":{"rendered":"https:\/\/beautysba.co.uk\/faq\/"},"modified":"2021-09-09T20:10:58","modified_gmt":"2021-09-09T20:10:58","slug":"faq","status":"publish","type":"page","link":"https:\/\/beautysba.co.uk\/lt\/faq\/","title":{"rendered":"FAQ"},"content":{"rendered":"\t\t<div data-elementor-type=\"wp-page\" data-elementor-id=\"1878\" class=\"elementor elementor-1878 elementor-1754\">\n\t\t\t\t\t\t<section class=\"elementor-section elementor-top-section elementor-element elementor-element-68163446 elementor-section-boxed elementor-section-height-default elementor-section-height-default\" data-id=\"68163446\" data-element_type=\"section\" data-e-type=\"section\" id=\"xs_faq_1\">\n\t\t\t\t\t\t<div class=\"elementor-container elementor-column-gap-default\">\n\t\t\t\t\t<div class=\"elementor-column elementor-col-100 elementor-top-column elementor-element elementor-element-2bb1d832\" data-id=\"2bb1d832\" data-element_type=\"column\" data-e-type=\"column\">\n\t\t\t<div class=\"elementor-widget-wrap elementor-element-populated\">\n\t\t\t\t\t\t<div class=\"elementor-element elementor-element-25a7b0b0 elementor-widget elementor-widget-elementskit-heading\" data-id=\"25a7b0b0\" data-element_type=\"widget\" data-e-type=\"widget\" data-widget_type=\"elementskit-heading.default\">\n\t\t\t\t<div class=\"elementor-widget-container\">\n\t\t\t\t\t<div class=\"ekit-wid-con\" ><div class=\"ekit-heading elementskit-section-title-wraper center   ekit_heading_tablet-   ekit_heading_mobile-\"><h2 class=\"ekit-heading--title elementskit-section-title \">FAQ<\/h2><div class=\"ekit_heading_separetor_wraper ekit_heading_elementskit-border-divider ekit-dotted\"><div class=\"elementskit-border-divider ekit-dotted\"><\/div><\/div><\/div><\/div>\t\t\t\t<\/div>\n\t\t\t\t<\/div>\n\t\t\t\t<section class=\"elementor-section elementor-inner-section elementor-element elementor-element-1137e94c elementor-section-boxed elementor-section-height-default elementor-section-height-default\" data-id=\"1137e94c\" data-element_type=\"section\" data-e-type=\"section\">\n\t\t\t\t\t\t<div class=\"elementor-container elementor-column-gap-default\">\n\t\t\t\t\t<div class=\"elementor-column elementor-col-50 elementor-inner-column elementor-element elementor-element-57a285e0\" data-id=\"57a285e0\" data-element_type=\"column\" data-e-type=\"column\">\n\t\t\t<div class=\"elementor-widget-wrap elementor-element-populated\">\n\t\t\t\t\t\t<div class=\"elementor-element elementor-element-3d2dfc5c elementor-widget elementor-widget-elementskit-faq\" data-id=\"3d2dfc5c\" data-element_type=\"widget\" data-e-type=\"widget\" data-widget_type=\"elementskit-faq.default\">\n\t\t\t\t<div class=\"elementor-widget-container\">\n\t\t\t\t\t<div class=\"ekit-wid-con\" >\n                <div class=\"elementskit-single-faq elementor-repeater-item-d9fa2c9\">\n            <div class=\"elementskit-faq-header\">\n                <h2 class=\"elementskit-faq-title\">Per kiek laiko i\u0161siun\u010diat prekes?<\/h2>\n            <\/div>\n            <div class=\"elementskit-faq-body\">\n                <p>Per 24val darbo dienomis.<\/p>\n            <\/div>\n        <\/div>\n                <div class=\"elementskit-single-faq elementor-repeater-item-1a01986\">\n            <div class=\"elementskit-faq-header\">\n                <h2 class=\"elementskit-faq-title\">Per kiek laiko ateina prek\u0117s?<\/h2>\n            <\/div>\n            <div class=\"elementskit-faq-body\">\n                <p>2-3 darbo dienos.<\/p>\n            <\/div>\n        <\/div>\n                <div class=\"elementskit-single-faq elementor-repeater-item-c3ee460\">\n            <div class=\"elementskit-faq-header\">\n                <h2 class=\"elementskit-faq-title\">K\u0105 daryti jei gavau sul\u016b\u017eusi\u0105\/sudu\u017eusi\u0105 prek\u0119?<\/h2>\n            <\/div>\n            <div class=\"elementskit-faq-body\">\n                <p><a href=\"https:\/\/beautysba.co.uk\/lt\/susisiekite\/\">Susisiekite<\/a> su mumis.<\/p>\n            <\/div>\n        <\/div>\n                \n    <\/div>\t\t\t\t<\/div>\n\t\t\t\t<\/div>\n\t\t\t\t\t<\/div>\n\t\t<\/div>\n\t\t\t\t<div class=\"elementor-column elementor-col-50 elementor-inner-column elementor-element elementor-element-799ad372\" data-id=\"799ad372\" data-element_type=\"column\" data-e-type=\"column\">\n\t\t\t<div class=\"elementor-widget-wrap elementor-element-populated\">\n\t\t\t\t\t\t<div class=\"elementor-element elementor-element-14157167 elementor-widget elementor-widget-elementskit-faq\" data-id=\"14157167\" data-element_type=\"widget\" data-e-type=\"widget\" data-widget_type=\"elementskit-faq.default\">\n\t\t\t\t<div class=\"elementor-widget-container\">\n\t\t\t\t\t<div class=\"ekit-wid-con\" >\n                <div class=\"elementskit-single-faq elementor-repeater-item-8e6e01e\">\n            <div class=\"elementskit-faq-header\">\n                <h2 class=\"elementskit-faq-title\">K\u0105 daryti jei tr\u016bksta prek\u0117s\/preki\u0173?<\/h2>\n            <\/div>\n            <div class=\"elementskit-faq-body\">\n                <p><a href=\"https:\/\/beautysba.co.uk\/lt\/susisiekite\/\">Susisiekite<\/a> su mumis.<\/p>\n            <\/div>\n        <\/div>\n                <div class=\"elementskit-single-faq elementor-repeater-item-55e5019\">\n            <div class=\"elementskit-faq-header\">\n                <h2 class=\"elementskit-faq-title\">Kiek laiko trunka pristatymas Kal\u0117d\u0173 laikotarpyje?<\/h2>\n            <\/div>\n            <div class=\"elementskit-faq-body\">\n                <p>Nuo Lapkricio 25 iki Sausio 15 pristatymas gali trukti iki 3 savai\u010di\u0173.<\/p>\n            <\/div>\n        <\/div>\n                <div class=\"elementskit-single-faq elementor-repeater-item-b3570ed\">\n            <div class=\"elementskit-faq-header\">\n                <h2 class=\"elementskit-faq-title\">K\u0105 daryti jei siunta neat\u0117jo?<\/h2>\n            <\/div>\n            <div class=\"elementskit-faq-body\">\n                <p><a href=\"https:\/\/beautysba.co.uk\/lt\/susisiekite\/\">Susisiekite<\/a> su mumis.<\/p>\n            <\/div>\n        <\/div>\n                \n    <\/div>\t\t\t\t<\/div>\n\t\t\t\t<\/div>\n\t\t\t\t\t<\/div>\n\t\t<\/div>\n\t\t\t\t\t<\/div>\n\t\t<\/section>\n\t\t\t\t\t<\/div>\n\t\t<\/div>\n\t\t\t\t\t<\/div>\n\t\t<\/section>\n\t\t\t\t<\/div>\n\t\t","protected":false},"excerpt":{"rendered":"<p>FAQ Per kiek laiko i\u0161siun\u010diat prekes? Per 24val darbo dienomis. Per kiek laiko ateina prek\u0117s? 2-3 darbo dienos. K\u0105 daryti jei gavau sul\u016b\u017eusi\u0105\/sudu\u017eusi\u0105 prek\u0119? Susisiekite su mumis. K\u0105 daryti jei tr\u016bksta prek\u0117s\/preki\u0173? Susisiekite su mumis. Kiek laiko trunka pristatymas Kal\u0117d\u0173 laikotarpyje? Nuo Lapkricio 25 iki Sausio 15 pristatymas gali trukti iki 3 savai\u010di\u0173. K\u0105 daryti [&hellip;]<\/p>\n","protected":false},"author":1,"featured_media":0,"parent":0,"menu_order":0,"comment_status":"closed","ping_status":"closed","template":"","meta":{"footnotes":""},"class_list":["post-1878","page","type-page","status-publish","hentry"],"blocksy_meta":{"styles_descriptor":{"styles":{"desktop":"","tablet":"","mobile":""},"google_fonts":[],"version":6}},"_links":{"self":[{"href":"https:\/\/beautysba.co.uk\/lt\/wp-json\/wp\/v2\/pages\/1878","targetHints":{"allow":["GET"]}}],"collection":[{"href":"https:\/\/beautysba.co.uk\/lt\/wp-json\/wp\/v2\/pages"}],"about":[{"href":"https:\/\/beautysba.co.uk\/lt\/wp-json\/wp\/v2\/types\/page"}],"author":[{"embeddable":true,"href":"https:\/\/beautysba.co.uk\/lt\/wp-json\/wp\/v2\/users\/1"}],"replies":[{"embeddable":true,"href":"https:\/\/beautysba.co.uk\/lt\/wp-json\/wp\/v2\/comments?post=1878"}],"version-history":[{"count":1,"href":"https:\/\/beautysba.co.uk\/lt\/wp-json\/wp\/v2\/pages\/1878\/revisions"}],"predecessor-version":[{"id":1879,"href":"https:\/\/beautysba.co.uk\/lt\/wp-json\/wp\/v2\/pages\/1878\/revisions\/1879"}],"wp:attachment":[{"href":"https:\/\/beautysba.co.uk\/lt\/wp-json\/wp\/v2\/media?parent=1878"}],"curies":[{"name":"wp","href":"https:\/\/api.w.org\/{rel}","templated":true}]}}