{"id":1979,"date":"2021-09-10T16:11:08","date_gmt":"2021-09-10T16:11:08","guid":{"rendered":"https:\/\/beautysba.co.uk\/privatumo-politika\/"},"modified":"2021-09-10T16:11:08","modified_gmt":"2021-09-10T16:11:08","slug":"privatumo-politika","status":"publish","type":"page","link":"https:\/\/beautysba.co.uk\/lt\/privatumo-politika\/","title":{"rendered":"Privatumo politika"},"content":{"rendered":"\n<h1 class=\"wp-block-heading\">Beauty SBA privatumo politika<\/h1>\n\n<p>&#8220;Beauty SBA&#8221;, \u012f kuri\u0105 galima patekti per https:\/\/beautysba.co.uk, vienas i\u0161 pagrindini\u0173 prioritet\u0173 yra m\u016bs\u0173 lankytoj\u0173 privatumas. \u0160iame privatumo politikos dokumente pateikiami informacijos, kuri\u0105 renka ir registruoja &#8220;Beauty SBA&#8221;, tipai ir kaip j\u0105 naudojame.<\/p>\n\n<p>Jei turite papildom\u0173 klausim\u0173 arba norite gauti daugiau informacijos apie m\u016bs\u0173 privatumo politik\u0105, nedvejodami susisiekite su mumis.<\/p>\n\n<p>\u0160i privatumo politika taikoma tik m\u016bs\u0173 internetinei veiklai ir galioja m\u016bs\u0173 svetain\u0117s lankytojams d\u0117l informacijos, kuria jie dalijasi ir (arba) kuri\u0105 renka &#8220;Beauty SBA&#8221;. \u0160i politika netaikoma jokiai informacijai, surinktai ne internetu ar kitais kanalais, i\u0161skyrus \u0161i\u0105 svetain\u0119. <\/p>\n\n<h2 class=\"wp-block-heading\">Sutikimas<\/h2>\n\n<p>Naudodamiesi m\u016bs\u0173 svetaine, j\u016bs sutinkate su m\u016bs\u0173 privatumo politika ir sutinkate su jos s\u0105lygomis.<\/p>\n\n<h2 class=\"wp-block-heading\">Renkama informacija<\/h2>\n\n<p>Asmenin\u0117 informacija, kuri\u0105 pra\u0161oma pateikti, ir prie\u017eastys, d\u0117l kuri\u0173 pra\u0161oma j\u0105 pateikti, jums bus paai\u0161kintos tada, kai papra\u0161ysime pateikti asmenin\u0119 informacij\u0105.<\/p>\n\n<p>Jei su mumis susisieksite tiesiogiai, galime gauti papildomos informacijos apie jus, pavyzd\u017eiui, j\u016bs\u0173 vard\u0105 ir pavard\u0119, el. pa\u0161to adres\u0105, telefono numer\u012f, \u017einut\u0117s turin\u012f ir (arba) priedus, kuriuos galite mums si\u0173sti, ir bet koki\u0105 kit\u0105 informacij\u0105, kuri\u0105 galite pasirinkti pateikti.<\/p>\n\n<p>Kai registruojat\u0117s paskyroje, galime papra\u0161yti j\u016bs\u0173 kontaktin\u0117s informacijos, pvz., vardo ir pavard\u0117s, \u012fmon\u0117s pavadinimo, adreso, el. pa\u0161to adreso ir telefono numerio.<\/p>\n\n<h2 class=\"wp-block-heading\">Kaip naudojame j\u016bs\u0173 informacij\u0105<\/h2>\n\n<p>Surinkt\u0105 informacij\u0105 naudojame \u012fvairiais b\u016bdais, \u012fskaitant:<\/p>\n\n<ul class=\"wp-block-list\"><li>Teikti, valdyti ir pri\u017ei\u016br\u0117ti m\u016bs\u0173 svetain\u0119.<\/li><li>Tobulinti, personalizuoti ir pl\u0117sti m\u016bs\u0173 svetain\u0119.<\/li><li>Suprasti ir analizuoti, kaip naudojat\u0117s m\u016bs\u0173 svetaine.<\/li><li>Nauj\u0173 produkt\u0173, paslaug\u0173, funkcij\u0173 ir funkcionalumo k\u016brimas<\/li><li>Bendrauti su jumis tiesiogiai arba per vien\u0105 i\u0161 m\u016bs\u0173 partneri\u0173, \u012fskaitant klient\u0173 aptarnavimo, atnaujinim\u0173 ir kitos su svetaine susijusios informacijos teikimo, rinkodaros ir reklamos tikslais.<\/li><li>Si\u0173sti jums el. lai\u0161kus<\/li><li>Ie\u0161koti suk\u010diavimo atvej\u0173 ir u\u017ekirsti jiems keli\u0105<\/li><\/ul>\n\n<h2 class=\"wp-block-heading\">I\u0161saugoti failus<\/h2>\n\n<p>&#8220;Beauty SBA&#8221; laikosi standartin\u0117s \u017eurnal\u0173 fail\u0173 naudojimo proced\u016bros. \u0160ie failai registruoja lankytojus, kai jie lankosi svetain\u0117se. Tai daro visos prieglobos paslaugas teikian\u010dios \u012fmon\u0117s ir tai yra prieglobos paslaug\u0173 analitikos dalis. \u017durnalo failuose renkama informacija apima interneto protokolo (IP) adresus, nar\u0161ykl\u0117s tip\u0105, interneto paslaug\u0173 teik\u0117j\u0105 (IPT), datos ir laiko \u017eym\u0105, nukreipiamuosius \/ i\u0161einamuosius puslapius ir galb\u016bt paspaudim\u0173 skai\u010di\u0173. \u0160ie duomenys nesusij\u0119 su jokia asmeni\u0161kai identifikuojama informacija. Informacijos paskirtis &#8211; analizuoti tendencijas, administruoti svetain\u0119, sekti naudotoj\u0173 jud\u0117jim\u0105 svetain\u0117je ir rinkti demografin\u0119 informacij\u0105.<\/p>\n\n<h2 class=\"wp-block-heading\">Slapukai ir \u017einiatinklio \u0161vyturiai<\/h2>\n\n<p>Kaip ir bet kurioje kitoje svetain\u0117je, &#8220;Beauty SBA&#8221; naudoja slapukus. \u0160ie slapukai naudojami informacijai, \u012fskaitant lankytoj\u0173 nuostatas ir svetain\u0117s puslapius, kuriuos lankytojas aplank\u0117 arba kuriuose lank\u0117si, i\u0161saugoti. \u0160i informacija naudojama siekiant optimizuoti naudotoj\u0173 patirt\u012f, pritaikant tinklalapio turin\u012f pagal lankytoj\u0173 nar\u0161ykl\u0117s tip\u0105 ir (arba) kit\u0105 informacij\u0105.<\/p>\n\n<p>Reklamos partneriai Privatumo politika<\/p>\n\n<p>\u0160iame s\u0105ra\u0161e galite rasti kiekvieno &#8220;Beauty SBA&#8221; reklamos partnerio privatumo politik\u0105.<\/p>\n\n<p>Tre\u010di\u0173j\u0173 \u0161ali\u0173 skelbim\u0173 serveriai arba skelbim\u0173 tinklai naudoja tokias technologijas kaip slapukai, JavaScript arba \u017einiatinklio \u0161vyturiai, kurie yra naudojami atitinkamose reklamose ir nuorodose, pateikiamose &#8220;Beauty SBA&#8221;, kurios yra siun\u010diamos tiesiai \u012f naudotoj\u0173 nar\u0161ykl\u0119. Tokiu atveju jie automati\u0161kai gauna j\u016bs\u0173 IP adres\u0105. \u0160ios technologijos naudojamos j\u0173 reklamos kampanij\u0173 veiksmingumui matuoti ir (arba) reklamos turiniui, kur\u012f matote j\u016bs\u0173 lankomose svetain\u0117se, pritaikyti.<\/p>\n\n<p>Atkreipkite d\u0117mes\u012f, kad &#8220;Beauty SBA&#8221; neturi prieigos prie \u0161i\u0173 slapuk\u0173, kuriuos naudoja tre\u010di\u0173j\u0173 \u0161ali\u0173 reklamuotojai, ir j\u0173 nekontroliuoja.<\/p>\n\n<h2 class=\"wp-block-heading\">Tre\u010di\u0173j\u0173 \u0161ali\u0173 privatumo politika<\/h2>\n\n<p>Gro\u017eio SBA privatumo politika netaikoma kitiems reklamuotojams ar svetain\u0117ms. Taigi, nor\u0117dami gauti i\u0161samesn\u0117s informacijos, patariame susipa\u017einti su atitinkamomis \u0161i\u0173 tre\u010di\u0173j\u0173 \u0161ali\u0173 skelbim\u0173 serveri\u0173 privatumo politikomis. Joje gali b\u016bti nurodyta j\u0173 praktika ir instrukcijos, kaip atsisakyti tam tikr\u0173 parink\u010di\u0173.<\/p>\n\n<p>Slapukus galite i\u0161jungti naudodamiesi individualiomis nar\u0161ykl\u0117s parinktimis. I\u0161samesn\u0117s informacijos apie slapuk\u0173 valdym\u0105 su konkre\u010diomis interneto nar\u0161ykl\u0117mis rasite atitinkamose nar\u0161ykli\u0173 svetain\u0117se.<\/p>\n\n<h2 class=\"wp-block-heading\">Privatumo teis\u0117s (neparduokite mano asmenin\u0117s informacijos)<\/h2>\n\n<p>Vartotojai turi teis\u0119:<\/p>\n\n<p>Reikalauti, kad vartotojo asmens duomenis renkanti \u012fmon\u0117 atskleist\u0173, koki\u0173 kategorij\u0173 ir kokius konkre\u010dius asmens duomenis apie vartotojus \u012fmon\u0117 surinko.<\/p>\n\n<p>Reikalauti, kad \u012fmon\u0117 i\u0161trint\u0173 visus \u012fmon\u0117s surinktus vartotojo asmens duomenis.<\/p>\n\n<p>Reikalauti, kad \u012fmon\u0117, kuri parduoda vartotojo asmens duomenis, neparduot\u0173 vartotojo asmens duomen\u0173.<\/p>\n\n<p>Jei pateikiate u\u017eklaus\u0105, atsakym\u0105 turime pateikti per m\u0117nes\u012f. Jei norite pasinaudoti bet kuria i\u0161 \u0161i\u0173 teisi\u0173, susisiekite su mumis.<\/p>\n\n<h2 class=\"wp-block-heading\">BDAR duomen\u0173 apsaugos teis\u0117s<\/h2>\n\n<p>Nor\u0117tume \u012fsitikinti, kad \u017einote visas savo teises, susijusias su duomen\u0173 apsauga. Kiekvienas naudotojas turi \u0161ias teises:<\/p>\n\n<p>Teis\u0117 susipa\u017einti &#8211; turite teis\u0119 pra\u0161yti savo asmens duomen\u0173 kopij\u0173. U\u017e \u0161i\u0105 paslaug\u0105 galime imti nedidel\u012f mokest\u012f.<\/p>\n\n<p>Teis\u0117 \u012f i\u0161taisym\u0105 &#8211; turite teis\u0119 pra\u0161yti, kad i\u0161taisytume bet koki\u0105 informacij\u0105, kuri, j\u016bs\u0173 manymu, yra netiksli. Taip pat turite teis\u0119 pra\u0161yti papildyti, j\u016bs\u0173 manymu, nei\u0161sami\u0105 informacij\u0105.<\/p>\n\n<p>Teis\u0117 i\u0161trinti &#8211; tam tikromis s\u0105lygomis turite teis\u0119 pra\u0161yti, kad i\u0161trintume j\u016bs\u0173 asmens duomenis.<\/p>\n\n<p>Teis\u0117 apriboti duomen\u0173 tvarkym\u0105 &#8211; tam tikromis s\u0105lygomis turite teis\u0119 pra\u0161yti, kad apribotume j\u016bs\u0173 asmens duomen\u0173 tvarkym\u0105.<\/p>\n\n<p>Teis\u0117 nesutikti su duomen\u0173 tvarkymu &#8211; tam tikromis s\u0105lygomis turite teis\u0119 nesutikti, kad tvarkytume j\u016bs\u0173 asmens duomenis.<\/p>\n\n<p>Teis\u0117 \u012f duomen\u0173 perk\u0117lim\u0105 &#8211; tam tikromis s\u0105lygomis turite teis\u0119 pra\u0161yti, kad surinktus duomenis perduotume kitai organizacijai arba tiesiogiai jums.<\/p>\n\n<p>Jei pateikiate u\u017eklaus\u0105, atsakym\u0105 turime pateikti per m\u0117nes\u012f. Jei norite pasinaudoti bet kuria i\u0161 \u0161i\u0173 teisi\u0173, susisiekite su mumis.<\/p>\n\n<h2 class=\"wp-block-heading\">Informacija apie vaikus<\/h2>\n\n<p>Kitas m\u016bs\u0173 prioritetas &#8211; u\u017etikrinti vaik\u0173 apsaug\u0105 naudojantis internetu. Raginame t\u0117vus ir glob\u0117jus steb\u0117ti, dalyvauti ir (arba) steb\u0117ti bei vadovauti j\u0173 veiklai internete.<\/p>\n\n<p>&#8220;Beauty SBA&#8221; s\u0105moningai nerenka jokios asmen\u012f identifikuojan\u010dios informacijos i\u0161 jaunesni\u0173 nei 13 met\u0173 am\u017eiaus vaik\u0173. Jei manote, kad j\u016bs\u0173 vaikas pateik\u0117 toki\u0105 informacij\u0105 m\u016bs\u0173 svetain\u0117je, primygtinai raginame nedelsdami susisiekti su mumis ir mes padarysime visk\u0105, k\u0105 galime, kad nedelsiant pa\u0161alintume toki\u0105 informacij\u0105 i\u0161 savo \u012fra\u0161\u0173.<\/p>\n","protected":false},"excerpt":{"rendered":"<p>Beauty SBA privatumo politika &#8220;Beauty SBA&#8221;, \u012f kuri\u0105 galima patekti per https:\/\/beautysba.co.uk, vienas i\u0161 pagrindini\u0173 prioritet\u0173 yra m\u016bs\u0173 lankytoj\u0173 privatumas. \u0160iame privatumo politikos dokumente pateikiami informacijos, kuri\u0105 renka ir registruoja &#8220;Beauty SBA&#8221;, tipai ir kaip j\u0105 naudojame. Jei turite papildom\u0173 klausim\u0173 arba norite gauti daugiau informacijos apie m\u016bs\u0173 privatumo politik\u0105, nedvejodami susisiekite su mumis. \u0160i [&hellip;]<\/p>\n","protected":false},"author":1,"featured_media":0,"parent":0,"menu_order":0,"comment_status":"closed","ping_status":"closed","template":"","meta":{"footnotes":""},"class_list":["post-1979","page","type-page","status-publish","hentry"],"blocksy_meta":{"styles_descriptor":{"styles":{"desktop":"","tablet":"","mobile":""},"google_fonts":[],"version":6}},"_links":{"self":[{"href":"https:\/\/beautysba.co.uk\/lt\/wp-json\/wp\/v2\/pages\/1979","targetHints":{"allow":["GET"]}}],"collection":[{"href":"https:\/\/beautysba.co.uk\/lt\/wp-json\/wp\/v2\/pages"}],"about":[{"href":"https:\/\/beautysba.co.uk\/lt\/wp-json\/wp\/v2\/types\/page"}],"author":[{"embeddable":true,"href":"https:\/\/beautysba.co.uk\/lt\/wp-json\/wp\/v2\/users\/1"}],"replies":[{"embeddable":true,"href":"https:\/\/beautysba.co.uk\/lt\/wp-json\/wp\/v2\/comments?post=1979"}],"version-history":[{"count":1,"href":"https:\/\/beautysba.co.uk\/lt\/wp-json\/wp\/v2\/pages\/1979\/revisions"}],"predecessor-version":[{"id":1980,"href":"https:\/\/beautysba.co.uk\/lt\/wp-json\/wp\/v2\/pages\/1979\/revisions\/1980"}],"wp:attachment":[{"href":"https:\/\/beautysba.co.uk\/lt\/wp-json\/wp\/v2\/media?parent=1979"}],"curies":[{"name":"wp","href":"https:\/\/api.w.org\/{rel}","templated":true}]}}