{"id":5670,"date":"2021-09-16T18:37:35","date_gmt":"2021-09-16T18:37:35","guid":{"rendered":"https:\/\/beautysba.co.uk\/nuostatos-ir-salygos\/"},"modified":"2021-09-16T18:37:35","modified_gmt":"2021-09-16T18:37:35","slug":"nuostatos-ir-salygos","status":"publish","type":"page","link":"https:\/\/beautysba.co.uk\/lt\/nuostatos-ir-salygos\/","title":{"rendered":"Nuostatos ir s\u0105lygos"},"content":{"rendered":"\n<h2 class=\"wp-block-heading\"><strong>Nuostatos ir s\u0105lygos<\/strong><\/h2>\n\n<p>Sveiki atvyk\u0119 \u012f \u201eBeauty SBA\u201c!<\/p>\n\n<p>\u0160iose s\u0105lygose i\u0161d\u0117stytos \u201eBeauty SBA\u201c svetain\u0117s, esan\u010dios https:\/\/beautysba.co.uk, naudojimo taisykl\u0117s ir taisykl\u0117s.<\/p>\n\n<p>Prisijung\u0119 prie \u0161ios svetain\u0117s mes manome, kad sutinkate su \u0161iomis s\u0105lygomis. Nebesinaudokite \u201eBeauty SBA\u201c, jei nesutinkate laikytis vis\u0173 \u0161iame puslapyje nurodyt\u0173 s\u0105lyg\u0173.<\/p>\n\n<p>\u0160i terminija taikoma \u0161ioms taisykl\u0117ms ir nuostatoms, parei\u0161kimui d\u0117l privatumo ir prane\u0161imui apie atsakomyb\u0117s atsisakym\u0105 bei visoms sutartims: \u201eKlientas\u201c, \u201eJ\u016bs\u201c ir \u201eJ\u016bs\u0173\u201c rei\u0161kia jus, asmen\u012f, prisijungus\u012f prie \u0161ios svetain\u0117s, ir atitinkant\u012f Bendrov\u0117s s\u0105lygas. \u201e\u012emon\u0117\u201c, \u201eMes patys\u201c, \u201eMes\u201c, \u201eM\u016bs\u0173\u201c ir \u201eMes\u201c rei\u0161kia m\u016bs\u0173 \u012fmon\u0119. \u201eVakar\u0117lis\u201c, \u201e\u0160alys\u201c arba \u201eMes\u201c rei\u0161kia ir Klient\u0105, ir mus pa\u010dius. Visos s\u0105lygos yra susijusios su pasi\u016blymu, pri\u0117mimu ir apmok\u0117jimu, b\u016btinu tinkamam b\u016bdui atlikti m\u016bs\u0173 pagalbos Klientui proces\u0105, siekiant ai\u0161kiai patenkinti Kliento poreikius, susijusius su Bendrov\u0117s nurodyt\u0173 paslaug\u0173 teikimu. ir pagal galiojan\u010dius Nyderland\u0173 \u012fstatymus. Bet koks auk\u0161\u010diau pateiktos terminijos ar kit\u0173 vienaskaitos, daugiskaitos, did\u017eiosios raid\u0117s ir (arba) jis arba jie vartojami \u017eod\u017eiai yra kei\u010diami ir tod\u0117l rei\u0161kia t\u0105 pat\u012f.<\/p>\n\n<h3 class=\"wp-block-heading\"><strong>Slapukai<\/strong><\/h3>\n\n<p>Mes naudojame slapukus. Prisijung\u0119 prie \u201eBeauty SBA\u201c sutikote naudoti slapukus sutikdami su \u201eBeauty SBA\u201c privatumo politika.<\/p>\n\n<p>Dauguma interaktyvi\u0173 svetaini\u0173 naudoja slapukus, kad gal\u0117tume nuskaityti naudotojo informacij\u0105 apie kiekvien\u0105 apsilankym\u0105. M\u016bs\u0173 svetain\u0117 naudoja slapukus, kad \u012fgalint\u0173 tam tikr\u0173 sri\u010di\u0173 funkcionalum\u0105, kad b\u016bt\u0173 lengviau \u017emon\u0117ms, apsilankiusiems m\u016bs\u0173 svetain\u0117je. Kai kurie m\u016bs\u0173 partneriai\/reklamos partneriai taip pat gali naudoti slapukus.<\/p>\n\n<h3 class=\"wp-block-heading\"><strong>Licencija<\/strong><\/h3>\n\n<p>Jei nenurodyta kitaip, \u201eBeauty SBA\u201c ir (arba) jos licencijos i\u0161dav\u0117jai turi visos \u201eBeauty SBA\u201c med\u017eiagos intelektin\u0117s nuosavyb\u0117s teises. Visos intelektin\u0117s nuosavyb\u0117s teis\u0117s yra saugomos. Tai galite pasiekti i\u0161 \u201eBeauty SBA\u201c savo asmeniniam naudojimui, laikydamiesi \u0161iose s\u0105lygose nustatyt\u0173 apribojim\u0173.<\/p>\n\n<p>Tu netur\u0117tum:<\/p>\n\n<ul class=\"wp-block-list\"><li>I\u0161 naujo paskelbkite \u201eBeauty SBA\u201c med\u017eiag\u0105<\/li><li>Parduokite, i\u0161sinuomokite ar sublicencijuokite \u201eBeauty SBA\u201c med\u017eiag\u0105<\/li><li>Dauginti, kopijuoti ar kopijuoti \u201eBeauty SBA\u201c med\u017eiag\u0105<\/li><li>Perskirstykite \u201eBeauty SBA\u201c turin\u012f<\/li><\/ul>\n\n<p>\u0160i Sutartis \u012fsigalioja jos dien\u0105. <\/p>\n\n<p>\u0160ios svetain\u0117s dalys suteikia galimyb\u0119 vartotojams skelbti ir keistis nuomon\u0117mis ir informacija tam tikrose svetain\u0117s srityse. Gro\u017eio SBA nefiltruoja, neredaguoja, neskelbia ir neper\u017ei\u016bri komentar\u0173 prie\u0161 jiems pasirodant svetain\u0117je. Komentarai neatspindi \u201eBeauty SBA\u201c, jos agent\u0173 ir (arba) susijusi\u0173 \u012fmoni\u0173 nuomoni\u0173 ir nuomoni\u0173. Komentarai atspindi asmens, kuris skelbia savo nuomones ir nuomones, nuomones ir nuomones. Kiek leid\u017eia taikytini \u012fstatymai, \u201eBeauty SBA\u201c neatsako u\u017e komentarus ar bet koki\u0105 atsakomyb\u0119, \u017eal\u0105 ar i\u0161laidas, atsiradusias ir (arba) patirtas d\u0117l bet kokio komentar\u0173 naudojimo ir (arba) paskelbimo ir (arba) pasirodymo. \u0161i\u0105 svetain\u0119.<\/p>\n\n<p>\u201eBeauty SBA\u201c pasilieka teis\u0119 steb\u0117ti visus komentarus ir pa\u0161alinti visus komentarus, kurie gali b\u016bti laikomi netinkamais, \u012f\u017eeid\u017eian\u010diais ar pa\u017eeid\u017eian\u010diais \u0161ias s\u0105lygas.<\/p>\n\n<p>J\u016bs garantuojate ir atstovaujate, kad:<\/p>\n\n<ul class=\"wp-block-list\"><li>J\u016bs turite teis\u0119 paskelbti komentarus m\u016bs\u0173 svetain\u0117je ir turite visas reikalingas licencijas bei sutikimus tai padaryti;<\/li><li>Komentarai nepa\u017eeid\u017eia joki\u0173 intelektin\u0117s nuosavyb\u0117s teisi\u0173, \u012fskaitant, bet neapsiribojant, bet kurios tre\u010diosios \u0161alies autori\u0173 teises, patentus ar preki\u0173 \u017eenklus;<\/li><li>Komentaruose n\u0117ra \u0161mei\u017eiki\u0161kos, \u0161mei\u017eian\u010dios, \u012f\u017eeid\u017eian\u010dios, nepadorios ar kitaip neteis\u0117tos med\u017eiagos, kuri k\u0117sinasi \u012f privatum\u0105<\/li><li>Komentarai nebus naudojami versti ar skatinti versl\u0105 ar papro\u010dius ar pristatyti komercin\u0119 veikl\u0105 ar neteis\u0117t\u0105 veikl\u0105.<\/li><\/ul>\n\n<p>J\u016bs suteikiate \u201eBeauty SBA\u201c nei\u0161skirtin\u0119 licencij\u0105 naudoti, atgaminti, redaguoti ir \u012fgalioti kitus naudoti, atkurti ir redaguoti bet kuriuos j\u016bs\u0173 komentarus bet kokia forma, formatu ar laikmena.<\/p>\n\n<h3 class=\"wp-block-heading\"><strong>Hipersaitai \u012f m\u016bs\u0173 turin\u012f<\/strong><\/h3>\n\n<p>\u0160ios organizacijos gali susieti m\u016bs\u0173 svetain\u0119 be i\u0161ankstinio ra\u0161ti\u0161ko sutikimo:<\/p>\n\n<ul class=\"wp-block-list\"><li>Vyriausyb\u0117s agent\u016bros;<\/li><li>Paie\u0161kos sistemos;<\/li><li>Naujien\u0173 organizacijos;<\/li><li>Internetiniai katalog\u0173 platintojai gali susieti m\u016bs\u0173 svetain\u0119 taip pat, kaip ir hipersait\u0105 \u012f kit\u0173 i\u0161vardyt\u0173 \u012fmoni\u0173 svetaines; ir<\/li><li>Visos sistemos akredituotos \u012fmon\u0117s, i\u0161skyrus nepelno siekian\u010dias organizacijas, labdaros prekybos centrus ir labdaros l\u0117\u0161\u0173 rinkimo grupes, kurios negali hipersait\u0173 \u012f m\u016bs\u0173 svetain\u0119.<\/li><\/ul>\n\n<p>\u0160ios organizacijos gali pateikti nuorod\u0105 \u012f m\u016bs\u0173 pagrindin\u012f puslap\u012f, publikacijas ar kit\u0105 svetain\u0117s informacij\u0105, jei \u0161i nuoroda: a) jokiu b\u016bdu n\u0117ra apgaulingas; b) klaidingai nerei\u0161kia, kad ri\u0161imas, pritarimas ar patvirtinimas siejan\u010diai \u0161aliai ir jos produktams ir (arba) paslaugoms; ir c) tinka susietosios \u0161alies svetain\u0117s kontekstui.<\/p>\n\n<p>Galime apsvarstyti ir patvirtinti kitas \u0161i\u0173 tip\u0173 organizacij\u0173 susiejimo u\u017eklausas:<\/p>\n\n<ul class=\"wp-block-list\"><li>pla\u010diai \u017einomi vartotoj\u0173 ir (arba) verslo informacijos \u0161altiniai;<\/li><li>dot.com bendruomen\u0117s svetain\u0117s;<\/li><li>asociacijos ar kitos labdaros organizacijoms atstovaujan\u010dios grup\u0117s;<\/li><li>internetiniai katalog\u0173 platintojai;<\/li><li>interneto portalai;<\/li><li>apskaitos, teis\u0117s ir konsultacin\u0117s firmos; ir<\/li><li>\u0161vietimo \u012fstaigos ir prekybos asociacijos.<\/li><\/ul>\n\n<p>Patvirtinsime \u0161i\u0173 organizacij\u0173 susiejimo u\u017eklausas, jei nuspr\u0119sime, kad: a) nuoroda neleist\u0173 mums nepalankiai \u017ei\u016br\u0117ti \u012f save ar \u012f akredituotas \u012fmones; b) organizacija neturi neigiam\u0173 \u012fra\u0161\u0173 su mumis; c) hipersaito matomumo nauda mums kompensuoja \u201eBeauty SBA\u201c nebuvim\u0105; ir d) nuoroda yra bendros informacijos apie i\u0161teklius kontekste.<\/p>\n\n<p>\u0160ios organizacijos gali pateikti nuorod\u0105 \u012f m\u016bs\u0173 pagrindin\u012f puslap\u012f, jei yra nuoroda: a) jokiu b\u016bdu n\u0117ra apgaulingas; b) klaidingai nerei\u0161kia, kad ri\u0161imas, patvirtinimas ar patvirtinimas siejan\u010diai \u0161aliai ir jos produktams ar paslaugoms; ir c) tinka susietosios \u0161alies svetain\u0117s kontekstui.<\/p>\n\n<p>Jei esate viena i\u0161 2 dalyje i\u0161vardyt\u0173 organizacij\u0173 ir norite gauti nuorod\u0105 \u012f m\u016bs\u0173 svetain\u0119, turite mus apie tai informuoti si\u0173sdami el. Lai\u0161k\u0105 \u012f Beauty SBA. \u012etraukite savo vard\u0105, organizacijos pavadinim\u0105, kontaktin\u0119 informacij\u0105 ir savo svetain\u0117s URL, vis\u0173 URL, i\u0161 kuri\u0173 ketinate susieti m\u016bs\u0173 svetain\u0119, s\u0105ra\u0161\u0105 ir m\u016bs\u0173 svetain\u0117s, \u012f kuri\u0105 norite nukreipti, s\u0105ra\u0161\u0105 nuoroda. Palaukite 2-3 savaites, kol gausite atsakym\u0105.<\/p>\n\n<p>Patvirtintos organizacijos gali pateikti nuorod\u0105 \u012f m\u016bs\u0173 svetain\u0119 taip:<\/p>\n\n<ul class=\"wp-block-list\"><li>Naudojant m\u016bs\u0173 \u012fmon\u0117s pavadinim\u0105; arba<\/li><li>Naudojant vienod\u0105 i\u0161tekli\u0173 ie\u0161kikl\u012f, susiet\u0105 su; arba<\/li><li>Naudojant bet kur\u012f kit\u0105 m\u016bs\u0173 svetain\u0117s apra\u0161ym\u0105, susiet\u0105 su tuo, yra prasminga susiejan\u010dios \u0161alies svetain\u0117s kontekste ir turinio formate.<\/li><\/ul>\n\n<p>Naudojant \u201eBeauty SBA\u201c logotip\u0105 ar kitus k\u016brinius nebus leid\u017eiama susieti prek\u0117s \u017eenklo licencijos sutarties.<\/p>\n\n<h3 class=\"wp-block-heading\"><strong>\u201eiFrames\u201c<\/strong><\/h3>\n\n<p>Be i\u0161ankstinio sutikimo ir ra\u0161ti\u0161ko leidimo j\u016bs negalite kurti r\u0117meli\u0173 aplink m\u016bs\u0173 tinklalapius, kurie kokiu nors b\u016bdu pakeist\u0173 m\u016bs\u0173 svetain\u0117s vaizd\u0105 ar i\u0161vaizd\u0105.<\/p>\n\n<h3 class=\"wp-block-heading\"><strong>Atsakomyb\u0117 u\u017e turin\u012f<\/strong><\/h3>\n\n<p>Mes neatsakome u\u017e bet kok\u012f j\u016bs\u0173 svetain\u0117je rodom\u0105 turin\u012f. J\u016bs sutinkate mus apsaugoti ir ginti nuo vis\u0173 pretenzij\u0173, kylan\u010di\u0173 j\u016bs\u0173 svetain\u0117je. Svetain\u0117je netur\u0117t\u0173 b\u016bti joki\u0173 nuorod\u0173, kurios gali b\u016bti ai\u0161kinamos kaip \u0161mei\u017eiki\u0161kos, ne\u0161vankios ar nusikalstamos arba kurios pa\u017eeid\u017eia, kitaip pa\u017eeid\u017eia arba pasisako u\u017e tre\u010di\u0173j\u0173 \u0161ali\u0173 teisi\u0173 pa\u017eeidim\u0105 ar kitok\u012f pa\u017eeidim\u0105.<\/p>\n\n<h3 class=\"wp-block-heading\"><strong>J\u016bs\u0173 privatumas<\/strong><\/h3>\n\n<p>Pra\u0161ome perskaityti privatumo politik\u0105<\/p>\n\n<h3 class=\"wp-block-heading\"><strong>Teisi\u0173 rezervavimas<\/strong><\/h3>\n\n<p>Mes pasiliekame teis\u0119 reikalauti, kad pa\u0161alintum\u0117te visas nuorodas ar bet koki\u0105 konkre\u010di\u0105 nuorod\u0105 \u012f m\u016bs\u0173 svetain\u0119. J\u016bs patvirtinate, kad papra\u0161ius nedelsiant pa\u0161alinsite visas nuorodas \u012f m\u016bs\u0173 svetain\u0119. Mes taip pat pasiliekame teis\u0119 bet kuriuo metu pasinaudoti \u0161iomis s\u0105lygomis ir jos susiejimo politika. Nuolat siejantis su m\u016bs\u0173 svetaine, j\u016bs sutinkate laikytis \u0161i\u0173 susiejimo s\u0105lyg\u0173 ir j\u0173 laikytis.<\/p>\n\n<h3 class=\"wp-block-heading\"><strong>Nuorod\u0173 pa\u0161alinimas i\u0161 m\u016bs\u0173 svetain\u0117s<\/strong><\/h3>\n\n<p>Jei m\u016bs\u0173 svetain\u0117je radote koki\u0105 nors \u012f\u017eeid\u017eian\u010di\u0105 nuorod\u0105 d\u0117l bet kokios prie\u017easties, galite bet kuriuo metu susisiekti ir informuoti mus. Mes svarstysime u\u017eklausas pa\u0161alinti nuorodas, bet mes neprivalome ar neturime jums atsakyti.<\/p>\n\n<p>Mes neu\u017etikriname, kad informacija \u0161ioje svetain\u0117je yra teisinga, mes negarantuojame jos i\u0161samumo ar tikslumo; taip pat ne\u017eadame u\u017etikrinti, kad svetain\u0117 i\u0161liks prieinama arba kad svetain\u0117je esanti med\u017eiaga b\u016bt\u0173 nuolat atnaujinama.<\/p>\n\n<h3 class=\"wp-block-heading\"><strong>Atsisakymas<\/strong><\/h3>\n\n<p>Kiek tai leid\u017eia galiojantys \u012fstatymai, mes atmetame visus parei\u0161kimus, garantijas ir s\u0105lygas, susijusias su m\u016bs\u0173 svetaine ir \u0161ios svetain\u0117s naudojimu. Jokia \u0161ios atsakomyb\u0117s atsisakymo nuostata:<\/p>\n\n<ul class=\"wp-block-list\"><li>apriboti ar panaikinti m\u016bs\u0173 ar j\u016bs\u0173 atsakomyb\u0119 u\u017e mirt\u012f ar k\u016bno su\u017ealojim\u0105;<\/li><li>apriboti arba panaikinti m\u016bs\u0173 arba j\u016bs\u0173 atsakomyb\u0119 u\u017e suk\u010diavim\u0105 arba apgauling\u0105 i\u0161kraipym\u0105;<\/li><li>apriboti bet kokius m\u016bs\u0173 ar j\u016bs\u0173 \u012fsipareigojimus bet kokiu b\u016bdu, kuris n\u0117ra leid\u017eiamas pagal galiojan\u010dius \u012fstatymus; arba<\/li><li>netaikyti joki\u0173 m\u016bs\u0173 ar j\u016bs\u0173 \u012fsipareigojim\u0173, kuri\u0173 negalima netaikyti pagal galiojan\u010dius \u012fstatymus.<\/li><\/ul>\n\n<p>\u0160iame skirsnyje ir kitose \u0161io atsisakymo nuo atsakomyb\u0117s vietose nustatyti atsakomyb\u0117s apribojimai ir draudimai: (a) taikomi atsi\u017evelgiant \u012f ankstesn\u0119 pastraip\u0105; ir (b) taikomi visiems \u012fsipareigojimams, atsirandantiems pagal atsisakym\u0105 nuo atsakomyb\u0117s, \u012fskaitant \u012fsipareigojimus, atsirandan\u010dius pagal sutart\u012f, deliktin\u0119 atsakomyb\u0119 ir d\u0117l \u012fstatymuose nustatyt\u0173 pareig\u0173 pa\u017eeidimo.<\/p>\n\n<p>Kol svetain\u0117 ir joje esanti informacija bei paslaugos teikiamos nemokamai, mes neatsakome u\u017e jokius bet kokio pob\u016bd\u017eio nuostolius ar \u017eal\u0105.<\/p>\n","protected":false},"excerpt":{"rendered":"<p>Nuostatos ir s\u0105lygos Sveiki atvyk\u0119 \u012f \u201eBeauty SBA\u201c! \u0160iose s\u0105lygose i\u0161d\u0117stytos \u201eBeauty SBA\u201c svetain\u0117s, esan\u010dios https:\/\/beautysba.co.uk, naudojimo taisykl\u0117s ir taisykl\u0117s. Prisijung\u0119 prie \u0161ios svetain\u0117s mes manome, kad sutinkate su \u0161iomis s\u0105lygomis. Nebesinaudokite \u201eBeauty SBA\u201c, jei nesutinkate laikytis vis\u0173 \u0161iame puslapyje nurodyt\u0173 s\u0105lyg\u0173. \u0160i terminija taikoma \u0161ioms taisykl\u0117ms ir nuostatoms, parei\u0161kimui d\u0117l privatumo ir prane\u0161imui apie [&hellip;]<\/p>\n","protected":false},"author":1,"featured_media":0,"parent":0,"menu_order":0,"comment_status":"closed","ping_status":"closed","template":"","meta":{"footnotes":""},"class_list":["post-5670","page","type-page","status-publish","hentry"],"blocksy_meta":{"styles_descriptor":{"styles":{"desktop":"","tablet":"","mobile":""},"google_fonts":[],"version":6}},"_links":{"self":[{"href":"https:\/\/beautysba.co.uk\/lt\/wp-json\/wp\/v2\/pages\/5670","targetHints":{"allow":["GET"]}}],"collection":[{"href":"https:\/\/beautysba.co.uk\/lt\/wp-json\/wp\/v2\/pages"}],"about":[{"href":"https:\/\/beautysba.co.uk\/lt\/wp-json\/wp\/v2\/types\/page"}],"author":[{"embeddable":true,"href":"https:\/\/beautysba.co.uk\/lt\/wp-json\/wp\/v2\/users\/1"}],"replies":[{"embeddable":true,"href":"https:\/\/beautysba.co.uk\/lt\/wp-json\/wp\/v2\/comments?post=5670"}],"version-history":[{"count":2,"href":"https:\/\/beautysba.co.uk\/lt\/wp-json\/wp\/v2\/pages\/5670\/revisions"}],"predecessor-version":[{"id":5672,"href":"https:\/\/beautysba.co.uk\/lt\/wp-json\/wp\/v2\/pages\/5670\/revisions\/5672"}],"wp:attachment":[{"href":"https:\/\/beautysba.co.uk\/lt\/wp-json\/wp\/v2\/media?parent=5670"}],"curies":[{"name":"wp","href":"https:\/\/api.w.org\/{rel}","templated":true}]}}