{"id":10093,"date":"2022-12-08T12:12:58","date_gmt":"2022-12-08T12:12:58","guid":{"rendered":"https:\/\/beautysba.co.uk\/product\/%d0%bc%d1%91%d0%b4-%d0%b2-%d0%b1%d0%b0%d0%bd%d0%be%d1%87%d0%ba%d0%b0%d1%85-%d0%bd%d0%b0%d0%b1%d0%be%d1%80-%d0%b8%d0%b7-4\/"},"modified":"2026-04-24T09:21:07","modified_gmt":"2026-04-24T09:21:07","slug":"medaus-buteliuke-4-rinkiniai","status":"publish","type":"product","link":"https:\/\/beautysba.co.uk\/lt\/produktas\/medaus-buteliuke-4-rinkiniai\/","title":{"rendered":"Medus stiklainiuose &#8220;4 vnt.&#8221;"},"content":{"rendered":"<p>Skanus medus dovan\u0173 d\u0117\u017eut\u0117je.<br \/>\n95% medaus<br \/>\n5% uog\u0173<\/p>\n<p>4*40g.<\/p>\n","protected":false},"excerpt":{"rendered":"<p>Skanus medus dovan\u0173 d\u0117\u017eut\u0117je. 95% medaus 5% uog\u0173 4*40g.<\/p>\n","protected":false},"featured_media":10091,"comment_status":"open","ping_status":"closed","template":"","meta":[],"product_brand":[],"product_cat":[254,295,279],"product_tag":[],"class_list":{"0":"post-10093","1":"product","2":"type-product","3":"status-publish","4":"has-post-thumbnail","6":"product_cat-is-bityno","7":"product_cat--lt","8":"product_cat---lt","10":"first","11":"instock","12":"shipping-taxable","13":"purchasable","14":"product-type-simple"},"_links":{"self":[{"href":"https:\/\/beautysba.co.uk\/lt\/wp-json\/wp\/v2\/product\/10093","targetHints":{"allow":["GET"]}}],"collection":[{"href":"https:\/\/beautysba.co.uk\/lt\/wp-json\/wp\/v2\/product"}],"about":[{"href":"https:\/\/beautysba.co.uk\/lt\/wp-json\/wp\/v2\/types\/product"}],"replies":[{"embeddable":true,"href":"https:\/\/beautysba.co.uk\/lt\/wp-json\/wp\/v2\/comments?post=10093"}],"wp:featuredmedia":[{"embeddable":true,"href":"https:\/\/beautysba.co.uk\/lt\/wp-json\/wp\/v2\/media\/10091"}],"wp:attachment":[{"href":"https:\/\/beautysba.co.uk\/lt\/wp-json\/wp\/v2\/media?parent=10093"}],"wp:term":[{"taxonomy":"product_brand","embeddable":true,"href":"https:\/\/beautysba.co.uk\/lt\/wp-json\/wp\/v2\/product_brand?post=10093"},{"taxonomy":"product_cat","embeddable":true,"href":"https:\/\/beautysba.co.uk\/lt\/wp-json\/wp\/v2\/product_cat?post=10093"},{"taxonomy":"product_tag","embeddable":true,"href":"https:\/\/beautysba.co.uk\/lt\/wp-json\/wp\/v2\/product_tag?post=10093"}],"curies":[{"name":"wp","href":"https:\/\/api.w.org\/{rel}","templated":true}]}}