{"id":10240,"date":"2023-01-10T09:49:13","date_gmt":"2023-01-10T09:49:13","guid":{"rendered":"https:\/\/beautysba.co.uk\/product\/%d1%81%d1%8b%d0%b2%d0%be%d1%80%d0%be%d1%82%d0%ba%d0%b0-anti-stress-vitamin-c-%d0%b4%d0%bb%d1%8f-%d0%bb%d0%b8%d1%86%d0%b0-%d0%b8-%d0%ba%d0%be%d0%b6%d0%b8-%d0%b2%d0%be%d0%ba%d1%80%d1%83%d0%b3-%d0%b3\/"},"modified":"2023-11-06T12:23:55","modified_gmt":"2023-11-06T12:23:55","slug":"serumas-antistresinis-vitaminas-c-veidui-ir-odvaizdai-g","status":"publish","type":"product","link":"https:\/\/beautysba.co.uk\/lt\/produktas\/serumas-antistresinis-vitaminas-c-veidui-ir-odvaizdai-g\/","title":{"rendered":"&#8220;Beauty Visage&#8221; antistresinis veido ir aki\u0173 serumas su vitaminu C+ 30ml"},"content":{"rendered":"<p>Absoliutus aktyviosios vitamino C formos rekordininkas. Jis skatina kolageno gamyb\u0105, tonizuoja, atjaunina ir apsaugo nuo neigiamo i\u0161orin\u0117s aplinkos poveikio. D\u0117l naujovi\u0161kos formul\u0117s serumas padeda neutralizuoti laisvuosius radikalus ir jau po pirmojo naudojimo suteikia odai \u0161vyt\u0117jimo.<\/p>\n<p>&nbsp;<\/p>\n<p>U\u017etepkite 3-5 la\u0161us serumo ant nuvalytos odos ir lengvai \u012fmasa\u017euokite, kol visi\u0161kai \u012fsigers. J\u012f galima naudoti atskirai arba kartu su kasdien\u0117s prie\u017ei\u016bros priemon\u0117mis.<\/p>\n<p>&nbsp;<\/p>\n<p>Vanduo, kolagenas, natrio askorbilo fosfatas, glicerinas, pantenolis, natrio hialuronatas, alginas, parfumas, benzenkarboksir\u016bg\u0161tis, sorbo r\u016bg\u0161tis, dehidroacto r\u016bg\u0161tis, benzilo alkoholis, CI 18965, CI 17200<\/p>\n","protected":false},"excerpt":{"rendered":"<p>Absoliutus aktyviosios vitamino C formos rekordininkas. Jis skatina kolageno gamyb\u0105, tonizuoja, atjaunina ir apsaugo nuo neigiamo i\u0161orin\u0117s aplinkos poveikio. D\u0117l naujovi\u0161kos formul\u0117s serumas padeda neutralizuoti laisvuosius radikalus ir jau po pirmojo naudojimo suteikia odai \u0161vyt\u0117jimo. &nbsp; U\u017etepkite 3-5 la\u0161us serumo ant nuvalytos odos ir lengvai \u012fmasa\u017euokite, kol visi\u0161kai \u012fsigers. J\u012f galima naudoti atskirai arba kartu [&hellip;]<\/p>\n","protected":false},"featured_media":10237,"comment_status":"open","ping_status":"closed","template":"","meta":[],"product_brand":[],"product_cat":[125,126,210,127],"product_tag":[],"class_list":{"0":"post-10240","1":"product","2":"type-product","3":"status-publish","4":"has-post-thumbnail","6":"product_cat-ispardavimas","7":"product_cat-savaites-pasiulymai","8":"product_cat-serumai","9":"product_cat-veidas","11":"first","12":"outofstock","13":"sale","14":"shipping-taxable","15":"purchasable","16":"product-type-simple"},"_links":{"self":[{"href":"https:\/\/beautysba.co.uk\/lt\/wp-json\/wp\/v2\/product\/10240","targetHints":{"allow":["GET"]}}],"collection":[{"href":"https:\/\/beautysba.co.uk\/lt\/wp-json\/wp\/v2\/product"}],"about":[{"href":"https:\/\/beautysba.co.uk\/lt\/wp-json\/wp\/v2\/types\/product"}],"replies":[{"embeddable":true,"href":"https:\/\/beautysba.co.uk\/lt\/wp-json\/wp\/v2\/comments?post=10240"}],"wp:featuredmedia":[{"embeddable":true,"href":"https:\/\/beautysba.co.uk\/lt\/wp-json\/wp\/v2\/media\/10237"}],"wp:attachment":[{"href":"https:\/\/beautysba.co.uk\/lt\/wp-json\/wp\/v2\/media?parent=10240"}],"wp:term":[{"taxonomy":"product_brand","embeddable":true,"href":"https:\/\/beautysba.co.uk\/lt\/wp-json\/wp\/v2\/product_brand?post=10240"},{"taxonomy":"product_cat","embeddable":true,"href":"https:\/\/beautysba.co.uk\/lt\/wp-json\/wp\/v2\/product_cat?post=10240"},{"taxonomy":"product_tag","embeddable":true,"href":"https:\/\/beautysba.co.uk\/lt\/wp-json\/wp\/v2\/product_tag?post=10240"}],"curies":[{"name":"wp","href":"https:\/\/api.w.org\/{rel}","templated":true}]}}