{"id":10252,"date":"2023-01-10T09:52:30","date_gmt":"2023-01-10T09:52:30","guid":{"rendered":"https:\/\/beautysba.co.uk\/product\/%d1%81%d1%8b%d0%b2%d0%be%d1%80%d0%be%d1%82%d0%ba%d0%b0-sos-%d1%83%d0%b2%d0%bb%d0%b0%d0%b6%d0%bd%d0%b5%d0%bd%d0%b8%d0%b5-%d0%b3%d0%b8%d0%b0%d0%bb%d1%83%d1%80%d0%be%d0%bd%d0%be%d0%b2%d0%b0%d1%8f-%d0%b4\/"},"modified":"2023-11-06T12:23:55","modified_gmt":"2023-11-06T12:23:55","slug":"serumas-sos-moisturising-hyaluronic-d","status":"publish","type":"product","link":"https:\/\/beautysba.co.uk\/lt\/produktas\/serumas-sos-moisturising-hyaluronic-d\/","title":{"rendered":"&#8220;Beauty Visage Sos&#8221; dr\u0117kinamasis hialurono serumas veidui ir aki\u0173 zonai 30ml"},"content":{"rendered":"<p>Naujos kartos, dviej\u0173 fazi\u0173 serumas, pasi\u017eymintis akimirksniu dr\u0117kinan\u010diomis savyb\u0117mis, suteiks jums svajoni\u0173 od\u0105! Sud\u0117tyje esantis didelis kiekis ma\u017eos molekulin\u0117s hialurono r\u016bg\u0161ties padeda prisotinti od\u0105 dr\u0117gm\u0117s l\u0105steliniu lygmeniu, tod\u0117l oda tampa mink\u0161ta ir komforti\u0161ka. Serumas u\u017epildo smulkias rauk\u0161leles ir skaistina aki\u0173 srit\u012f. Rezultatas &#8211; skaisti oda, gaivi ir \u0161vytinti i\u0161vaizda.<\/p>\n<p>&nbsp;<\/p>\n<p>Stipriai pakratykite buteliuk\u0105, kad abi faz\u0117s susimai\u0161yt\u0173. U\u017etepkite 3-5 la\u0161us serumo ant nuvalytos odos ir lengvai \u012fmasa\u017euokite, kol visi\u0161kai \u012fsigers. J\u012f galima naudoti atskirai arba kartu su kasdien\u0117s prie\u017ei\u016bros priemon\u0117mis.<\/p>\n<p>&nbsp;<\/p>\n<p>Vanduo, Olea Europaea vaisi\u0173 aliejus, Camellia Sinensis lap\u0173 vanduo, Aloe Barbadensis ekstraktas, etilheksilo stearatas, Kaprilo ir kaprilo trigliceridas, glicerinas, pantenolis, natrio hialuronatas, alginas, parfumas, benzenkarboksir\u016bg\u0161tis, sorbo r\u016bg\u0161tis, dehidroacto r\u016bg\u0161tis, benzilo alkoholis, CI 42051.<\/p>\n","protected":false},"excerpt":{"rendered":"<p>Naujos kartos, dviej\u0173 fazi\u0173 serumas, pasi\u017eymintis akimirksniu dr\u0117kinan\u010diomis savyb\u0117mis, suteiks jums svajoni\u0173 od\u0105! Sud\u0117tyje esantis didelis kiekis ma\u017eos molekulin\u0117s hialurono r\u016bg\u0161ties padeda prisotinti od\u0105 dr\u0117gm\u0117s l\u0105steliniu lygmeniu, tod\u0117l oda tampa mink\u0161ta ir komforti\u0161ka. Serumas u\u017epildo smulkias rauk\u0161leles ir skaistina aki\u0173 srit\u012f. Rezultatas &#8211; skaisti oda, gaivi ir \u0161vytinti i\u0161vaizda. &nbsp; Stipriai pakratykite buteliuk\u0105, kad abi [&hellip;]<\/p>\n","protected":false},"featured_media":10250,"comment_status":"open","ping_status":"closed","template":"","meta":[],"product_brand":[],"product_cat":[125,126,210,127],"product_tag":[],"class_list":{"0":"post-10252","1":"product","2":"type-product","3":"status-publish","4":"has-post-thumbnail","6":"product_cat-ispardavimas","7":"product_cat-savaites-pasiulymai","8":"product_cat-serumai","9":"product_cat-veidas","11":"first","12":"outofstock","13":"sale","14":"shipping-taxable","15":"purchasable","16":"product-type-simple"},"_links":{"self":[{"href":"https:\/\/beautysba.co.uk\/lt\/wp-json\/wp\/v2\/product\/10252","targetHints":{"allow":["GET"]}}],"collection":[{"href":"https:\/\/beautysba.co.uk\/lt\/wp-json\/wp\/v2\/product"}],"about":[{"href":"https:\/\/beautysba.co.uk\/lt\/wp-json\/wp\/v2\/types\/product"}],"replies":[{"embeddable":true,"href":"https:\/\/beautysba.co.uk\/lt\/wp-json\/wp\/v2\/comments?post=10252"}],"wp:featuredmedia":[{"embeddable":true,"href":"https:\/\/beautysba.co.uk\/lt\/wp-json\/wp\/v2\/media\/10250"}],"wp:attachment":[{"href":"https:\/\/beautysba.co.uk\/lt\/wp-json\/wp\/v2\/media?parent=10252"}],"wp:term":[{"taxonomy":"product_brand","embeddable":true,"href":"https:\/\/beautysba.co.uk\/lt\/wp-json\/wp\/v2\/product_brand?post=10252"},{"taxonomy":"product_cat","embeddable":true,"href":"https:\/\/beautysba.co.uk\/lt\/wp-json\/wp\/v2\/product_cat?post=10252"},{"taxonomy":"product_tag","embeddable":true,"href":"https:\/\/beautysba.co.uk\/lt\/wp-json\/wp\/v2\/product_tag?post=10252"}],"curies":[{"name":"wp","href":"https:\/\/api.w.org\/{rel}","templated":true}]}}