{"id":10264,"date":"2023-01-10T10:14:13","date_gmt":"2023-01-10T10:14:13","guid":{"rendered":"https:\/\/beautysba.co.uk\/product\/%d1%88%d0%b0%d0%bc%d0%bf%d1%83%d0%bd%d1%8c-%d0%b4%d0%be%d0%bc%d0%b0%d1%88%d0%bd%d0%b8%d0%b9-%d0%b4%d0%be%d0%ba%d1%82%d0%be%d1%80-%d0%bc%d1%83%d0%bc%d0%b8%d0%b5-%d0%b0%d0%bb%d1%82%d0%b0%d0%b9%d1%81\/"},"modified":"2026-04-24T09:59:19","modified_gmt":"2026-04-24T09:59:19","slug":"sampunas-namu-gydytojas-mumija-altais","status":"publish","type":"product","link":"https:\/\/beautysba.co.uk\/lt\/produktas\/sampunas-namu-gydytojas-mumija-altais\/","title":{"rendered":"\u0160amp\u016bnas Home Doctor Mumijo Altajus ir medus 1000 ml"},"content":{"rendered":"<p>Altajaus \u0161ila\u017eitas ir medus<\/p>\n<p>Rekomenduojama imituoti plauk\u0173 folikul\u0173 augim\u0105 ir stiprinim\u0105.<br \/>\nIdealiai tinka pa\u017eeistiems, nusilpusiems ir retai besiriebaluojantiems plaukams.<\/p>\n<p>Kaln\u0173 a\u0161arojus \u0161ila\u017eitas plaukams naudojamas kaip labai veiksmingas ingredientas. Naudojant i\u0161ori\u0161kai, pager\u0117ja vietin\u0117 kraujotaka netoli plauk\u0173 folikul\u0173, normalizuojasi vario ir cinko, kurie b\u016btini normaliam plauk\u0173 augimui, kiekis.<br \/>\n\u0160ila\u017eitas turi vidul\u0105stelin\u012f poveik\u012f plauk\u0173 \u0161aknims, stimuliuoja miegan\u010dius folikulus ir stiprina plaukus, kurie jau yra augimo faz\u0117je.<\/p>\n<p>Medus: stiprina plaukus, suteikia jiems \u0161ilkin\u012f \u0161velnum\u0105<\/p>\n<p>Kaip naudoti: u\u017etepkite ant dr\u0117gn\u0173 plauk\u0173, i\u0161skalaukite ir nuplaukite vandeniu.<\/p>\n","protected":false},"excerpt":{"rendered":"<p>\u0160amp\u016bnas \u0161velniai valo plaukus ir galvos od\u0105. Sud\u0117tyje yra Altajaus \u0161ila\u017eito ir medaus ekstrakt\u0173, kurie pla\u010diai naudojami plauk\u0173 augimui skatinti ir plauk\u0173 folikulams stiprinti. \u0160ila\u017eitas yra &#8220;kaln\u0173 a\u0161ara&#8221; &#8211; nat\u016bralus organini\u0173 ir neorganini\u0173 med\u017eiag\u0173 mi\u0161inys, kur\u012f sudaro daugiau kaip 80 komponent\u0173. Pagerina plauk\u0173 i\u0161vaizd\u0105 ir i\u0161ry\u0161kina j\u0173 nat\u016bral\u0173 gro\u017e\u012f. Medaus ekstraktas suteikia plaukams malonaus \u0161ilkinio \u0161velnumo.<\/p>\n","protected":false},"featured_media":10262,"comment_status":"open","ping_status":"closed","template":"","meta":[],"product_brand":[],"product_cat":[211,216],"product_tag":[],"class_list":{"0":"post-10264","1":"product","2":"type-product","3":"status-publish","4":"has-post-thumbnail","6":"product_cat-hair-lt","7":"product_cat-sampunai","9":"first","10":"outofstock","11":"shipping-taxable","12":"purchasable","13":"product-type-simple"},"_links":{"self":[{"href":"https:\/\/beautysba.co.uk\/lt\/wp-json\/wp\/v2\/product\/10264","targetHints":{"allow":["GET"]}}],"collection":[{"href":"https:\/\/beautysba.co.uk\/lt\/wp-json\/wp\/v2\/product"}],"about":[{"href":"https:\/\/beautysba.co.uk\/lt\/wp-json\/wp\/v2\/types\/product"}],"replies":[{"embeddable":true,"href":"https:\/\/beautysba.co.uk\/lt\/wp-json\/wp\/v2\/comments?post=10264"}],"wp:featuredmedia":[{"embeddable":true,"href":"https:\/\/beautysba.co.uk\/lt\/wp-json\/wp\/v2\/media\/10262"}],"wp:attachment":[{"href":"https:\/\/beautysba.co.uk\/lt\/wp-json\/wp\/v2\/media?parent=10264"}],"wp:term":[{"taxonomy":"product_brand","embeddable":true,"href":"https:\/\/beautysba.co.uk\/lt\/wp-json\/wp\/v2\/product_brand?post=10264"},{"taxonomy":"product_cat","embeddable":true,"href":"https:\/\/beautysba.co.uk\/lt\/wp-json\/wp\/v2\/product_cat?post=10264"},{"taxonomy":"product_tag","embeddable":true,"href":"https:\/\/beautysba.co.uk\/lt\/wp-json\/wp\/v2\/product_tag?post=10264"}],"curies":[{"name":"wp","href":"https:\/\/api.w.org\/{rel}","templated":true}]}}