{"id":10481,"date":"2023-03-17T20:30:45","date_gmt":"2023-03-17T20:30:45","guid":{"rendered":"https:\/\/beautysba.co.uk\/product\/perfect-skin-%d0%bc%d0%b0%d1%81%d0%ba%d0%b0-%d0%be%d0%b1%d0%bd%d0%be%d0%b2%d0%bb%d1%8f%d1%8e%d1%89%d0%b0%d1%8f-150%d0%bc%d0%bb\/"},"modified":"2023-04-01T19:47:56","modified_gmt":"2023-04-01T19:47:56","slug":"perfect-skin-renewal-mask-150ml","status":"publish","type":"product","link":"https:\/\/beautysba.co.uk\/lt\/produktas\/perfect-skin-renewal-mask-150ml\/","title":{"rendered":"Tobula od\u0105 atnaujinanti kauk\u0117 150ml"},"content":{"rendered":"<p>Atnaujinanti kauk\u0117 d\u0117l savo aktyviosios formul\u0117s padeda pagerinti odos i\u0161vaizd\u0105.<\/p>\n<p>Baltasis ir raudonasis molis \u0161velniai ir giliai valo poras ir i\u0161lygina odos tekst\u016br\u0105.<\/p>\n<p>Naujovi\u0161k\u0173 komponent\u0173 kompleksas:<\/p>\n<p>Sutraukia poras<br \/>\nJ\u016bs\u0173 oda tampa akivaizd\u017eiai lygesn\u0117 ir \u0161vytinti<br \/>\nMa\u017eina paraudim\u0105, stiprina kapiliarus<br \/>\nSutvirtina veido oval\u0105<\/p>\n<p>Rezultatas: poros ma\u017eiau i\u0161ry\u0161k\u0117ja, veido ovalas pakeliamas, o veido oda tampa lygesn\u0117.<\/p>\n<p>Did\u017eiausi rezultatai pasiekiami, kai visi linijos produktai naudojami kartu.<\/p>\n<p>Poveikis kaupiasi ir i\u0161lieka ilg\u0105 laik\u0105.<\/p>\n<p>Rekomenduojama naudoti nuo 25 met\u0173 am\u017eiaus.<\/p>\n<p>Kauk\u0117s naudojimo taisykl\u0117s:Kruop\u0161\u010diai nuvalykite veid\u0105 makia\u017eo valikliu.<\/p>\n<p>Kauk\u0119 tepkite \u0161velniai, laikydamiesi masa\u017eo linij\u0173: nuo smakro iki smilkini\u0173, nuo vir\u0161utin\u0117s l\u016bpos iki ausies lezgelio, nuo nosies nugar\u0117l\u0117s iki smilkini\u0173.<\/p>\n<p>Atsipalaiduokite, nusiraminkite ir \u012fsitaisykite horizontalioje pad\u0117tyje.<\/p>\n<p>Po kojomis galite pasid\u0117ti nedidel\u0119 pagalv\u0117l\u0119.<\/p>\n<p>Kauk\u0117s negalima tepti aplink akis.<\/p>\n<p>Po 15-20 minu\u010di\u0173 nuplaukite vandeniu arba toniku.<\/p>\n<p>Po proced\u016bros b\u016btinai pasitepkite j\u016bs\u0173 odos tipui tinkamu kremu.<\/p>\n","protected":false},"excerpt":{"rendered":"<p>Atnaujinanti kauk\u0117 d\u0117l savo aktyviosios formul\u0117s padeda pagerinti odos i\u0161vaizd\u0105. Baltasis ir raudonasis molis \u0161velniai ir giliai valo poras ir i\u0161lygina odos tekst\u016br\u0105. Naujovi\u0161k\u0173 komponent\u0173 kompleksas: Sutraukia poras J\u016bs\u0173 oda tampa akivaizd\u017eiai lygesn\u0117 ir \u0161vytinti Ma\u017eina paraudim\u0105, stiprina kapiliarus Sutvirtina veido oval\u0105 Rezultatas: poros ma\u017eiau i\u0161ry\u0161k\u0117ja, veido ovalas pakeliamas, o veido oda tampa lygesn\u0117. Did\u017eiausi [&hellip;]<\/p>\n","protected":false},"featured_media":10479,"comment_status":"open","ping_status":"closed","template":"","meta":[],"product_brand":[],"product_cat":[125,127,204],"product_tag":[],"class_list":{"0":"post-10481","1":"product","2":"type-product","3":"status-publish","4":"has-post-thumbnail","6":"product_cat-ispardavimas","7":"product_cat-veidas","8":"product_cat-veido-kaukes","10":"first","11":"outofstock","12":"sale","13":"shipping-taxable","14":"purchasable","15":"product-type-simple"},"_links":{"self":[{"href":"https:\/\/beautysba.co.uk\/lt\/wp-json\/wp\/v2\/product\/10481","targetHints":{"allow":["GET"]}}],"collection":[{"href":"https:\/\/beautysba.co.uk\/lt\/wp-json\/wp\/v2\/product"}],"about":[{"href":"https:\/\/beautysba.co.uk\/lt\/wp-json\/wp\/v2\/types\/product"}],"replies":[{"embeddable":true,"href":"https:\/\/beautysba.co.uk\/lt\/wp-json\/wp\/v2\/comments?post=10481"}],"wp:featuredmedia":[{"embeddable":true,"href":"https:\/\/beautysba.co.uk\/lt\/wp-json\/wp\/v2\/media\/10479"}],"wp:attachment":[{"href":"https:\/\/beautysba.co.uk\/lt\/wp-json\/wp\/v2\/media?parent=10481"}],"wp:term":[{"taxonomy":"product_brand","embeddable":true,"href":"https:\/\/beautysba.co.uk\/lt\/wp-json\/wp\/v2\/product_brand?post=10481"},{"taxonomy":"product_cat","embeddable":true,"href":"https:\/\/beautysba.co.uk\/lt\/wp-json\/wp\/v2\/product_cat?post=10481"},{"taxonomy":"product_tag","embeddable":true,"href":"https:\/\/beautysba.co.uk\/lt\/wp-json\/wp\/v2\/product_tag?post=10481"}],"curies":[{"name":"wp","href":"https:\/\/api.w.org\/{rel}","templated":true}]}}