{"id":10493,"date":"2023-03-17T20:35:38","date_gmt":"2023-03-17T20:35:38","guid":{"rendered":"https:\/\/beautysba.co.uk\/product\/perfect-skin-%d0%ba%d1%80%d0%b5%d0%bc-%d1%84%d0%b8%d0%bb%d0%bb%d0%b5%d1%80-%d0%b4%d0%bb%d1%8f-%d0%b2%d0%b5%d0%ba-20%d0%bc%d0%bb\/"},"modified":"2023-04-01T19:47:57","modified_gmt":"2023-04-01T19:47:57","slug":"perfect-skin-kremo-uzpildas-vokams-20ml","status":"publish","type":"product","link":"https:\/\/beautysba.co.uk\/lt\/produktas\/perfect-skin-kremo-uzpildas-vokams-20ml\/","title":{"rendered":"&#8220;Perfect Skin&#8221; aki\u0173 kremo u\u017epildas 20ml"},"content":{"rendered":"<p>Aki\u0173 kremo u\u017epildas pagerina odos aplink akis i\u0161vaizd\u0105, j\u0105 patobulina.<\/p>\n<p>Suma\u017e\u0117ja tams\u016bs ratilai ir paburkimas po akimis, o \u017evilgsnis tampa skaidresnis ir \u0161vytintis.<\/p>\n<p>Veikli\u0173j\u0173 sudedam\u0173j\u0173 dali\u0173 kompleksas u\u017etikrina stulbinant\u012f daugialypio poveikio gydym\u0105:<\/p>\n<p>matomas tamsi\u0173 ratil\u0173 suma\u017e\u0117jimas<br \/>\nma\u017einti vok\u0173 patinim\u0105<br \/>\nrauk\u0161li\u0173 u\u017epildymas i\u0161 vidaus<br \/>\nakimirksniu pakelti<\/p>\n<p>Sud\u0117tyje esan\u010dios optin\u0117s mikrodalel\u0117s su nery\u0161kaus fokusavimo technologija ma\u017eina rauk\u0161les.<\/p>\n<p>Akacij\u0173 dervos polisacharidas akimirksniu suteikia liftingo efekt\u0105: aki\u0173 linijos pastebimai i\u0161silygina, o odos pavir\u0161ius tampa lygesnis.<\/p>\n<p>Rezultatas: oda aplink akis tampa akivaizd\u017eiai lygesn\u0117, stangresn\u0117 ir \u0161vytinti, i\u0161nyksta rauk\u0161l\u0117s.<\/p>\n","protected":false},"excerpt":{"rendered":"<p>Aki\u0173 kremo u\u017epildas pagerina odos aplink akis i\u0161vaizd\u0105, j\u0105 patobulina. Suma\u017e\u0117ja tams\u016bs ratilai ir paburkimas po akimis, o \u017evilgsnis tampa skaidresnis ir \u0161vytintis. Veikli\u0173j\u0173 sudedam\u0173j\u0173 dali\u0173 kompleksas u\u017etikrina stulbinant\u012f daugialypio poveikio gydym\u0105: matomas tamsi\u0173 ratil\u0173 suma\u017e\u0117jimas ma\u017einti vok\u0173 patinim\u0105 rauk\u0161li\u0173 u\u017epildymas i\u0161 vidaus akimirksniu pakelti Sud\u0117tyje esan\u010dios optin\u0117s mikrodalel\u0117s su nery\u0161kaus fokusavimo technologija ma\u017eina rauk\u0161les. [&hellip;]<\/p>\n","protected":false},"featured_media":10491,"comment_status":"open","ping_status":"closed","template":"","meta":[],"product_brand":[],"product_cat":[202,127],"product_tag":[],"class_list":{"0":"post-10493","1":"product","2":"type-product","3":"status-publish","4":"has-post-thumbnail","6":"product_cat-akiu-kremai","7":"product_cat-veidas","9":"first","10":"outofstock","11":"shipping-taxable","12":"purchasable","13":"product-type-simple"},"_links":{"self":[{"href":"https:\/\/beautysba.co.uk\/lt\/wp-json\/wp\/v2\/product\/10493","targetHints":{"allow":["GET"]}}],"collection":[{"href":"https:\/\/beautysba.co.uk\/lt\/wp-json\/wp\/v2\/product"}],"about":[{"href":"https:\/\/beautysba.co.uk\/lt\/wp-json\/wp\/v2\/types\/product"}],"replies":[{"embeddable":true,"href":"https:\/\/beautysba.co.uk\/lt\/wp-json\/wp\/v2\/comments?post=10493"}],"wp:featuredmedia":[{"embeddable":true,"href":"https:\/\/beautysba.co.uk\/lt\/wp-json\/wp\/v2\/media\/10491"}],"wp:attachment":[{"href":"https:\/\/beautysba.co.uk\/lt\/wp-json\/wp\/v2\/media?parent=10493"}],"wp:term":[{"taxonomy":"product_brand","embeddable":true,"href":"https:\/\/beautysba.co.uk\/lt\/wp-json\/wp\/v2\/product_brand?post=10493"},{"taxonomy":"product_cat","embeddable":true,"href":"https:\/\/beautysba.co.uk\/lt\/wp-json\/wp\/v2\/product_cat?post=10493"},{"taxonomy":"product_tag","embeddable":true,"href":"https:\/\/beautysba.co.uk\/lt\/wp-json\/wp\/v2\/product_tag?post=10493"}],"curies":[{"name":"wp","href":"https:\/\/api.w.org\/{rel}","templated":true}]}}