{"id":10499,"date":"2023-03-17T20:38:04","date_gmt":"2023-03-17T20:38:04","guid":{"rendered":"https:\/\/beautysba.co.uk\/product\/perfect-skin-%d0%b8%d0%bd%d1%82%d0%b5%d0%bd%d1%81%d0%b8%d0%b2%d0%bd%d1%8b%d0%b9-%d0%ba%d1%80%d0%b5%d0%bc-%d1%81%d1%8b%d0%b2%d0%be%d1%80%d0%be%d1%82%d0%ba%d0%b0-%d1%81%d0%be%d0%b2%d0%b5%d1%80%d1%88\/"},"modified":"2023-04-01T19:47:51","modified_gmt":"2023-04-01T19:47:51","slug":"perfect-skin-intense-cream-serum-perfect","status":"publish","type":"product","link":"https:\/\/beautysba.co.uk\/lt\/produktas\/perfect-skin-intense-cream-serum-perfect\/","title":{"rendered":"&#8220;Perfect Skin&#8221; intensyvus od\u0105 tobulinantis kreminis serumas 45ml"},"content":{"rendered":"<p>Naujov\u0117 tobulai odai: serumo veiksmingumas ir maitinamojo kremo patogumas viename produkte. Intensyvus veido serumo kremas, tobulinantis od\u0105 dien\u0105 ir nakt\u012f, praturtintas unikaliu &#8220;Epidermist&#8221; ingredientu, kuris akivaizd\u017eiai lygina rauk\u0161les, sutraukia poras ir suteikia odai \u0161velnumo bei \u0161ilkinio glotnumo. D\u0117l ypatingos plok\u0161telin\u0117s strukt\u016bros kremas giliai \u012fsiskverbia \u012f vidinius odos sluoksnius ir padeda pagerinti odos i\u0161vaizd\u0105 diena i\u0161 dienos. Akacij\u0173 dervos polisacharidas akimirksniu suteikia liftingo efekt\u0105. Kreminis serumas &#8220;u\u017erakina&#8221; dr\u0117gm\u0119 odos l\u0105stel\u0117se ir u\u017etikrina ilgalaik\u012f dr\u0117kinim\u0105. Puikiai tinka kaip makia\u017eo pagrindas.<\/p>\n","protected":false},"excerpt":{"rendered":"<p>Naujov\u0117 tobulai odai: serumo veiksmingumas ir maitinamojo kremo patogumas viename produkte. Intensyvus veido serumo kremas, tobulinantis od\u0105 dien\u0105 ir nakt\u012f, praturtintas unikaliu &#8220;Epidermist&#8221; ingredientu, kuris akivaizd\u017eiai lygina rauk\u0161les, sutraukia poras ir suteikia odai \u0161velnumo bei \u0161ilkinio glotnumo. D\u0117l ypatingos plok\u0161telin\u0117s strukt\u016bros kremas giliai \u012fsiskverbia \u012f vidinius odos sluoksnius ir padeda pagerinti odos i\u0161vaizd\u0105 diena i\u0161 [&hellip;]<\/p>\n","protected":false},"featured_media":10497,"comment_status":"open","ping_status":"closed","template":"","meta":[],"product_brand":[],"product_cat":[133,209,210,127],"product_tag":[],"class_list":{"0":"post-10499","1":"product","2":"type-product","3":"status-publish","4":"has-post-thumbnail","6":"product_cat-dienos-kremai","7":"product_cat-naktiniai-kremai","8":"product_cat-serumai","9":"product_cat-veidas","11":"first","12":"outofstock","13":"shipping-taxable","14":"purchasable","15":"product-type-simple"},"_links":{"self":[{"href":"https:\/\/beautysba.co.uk\/lt\/wp-json\/wp\/v2\/product\/10499","targetHints":{"allow":["GET"]}}],"collection":[{"href":"https:\/\/beautysba.co.uk\/lt\/wp-json\/wp\/v2\/product"}],"about":[{"href":"https:\/\/beautysba.co.uk\/lt\/wp-json\/wp\/v2\/types\/product"}],"replies":[{"embeddable":true,"href":"https:\/\/beautysba.co.uk\/lt\/wp-json\/wp\/v2\/comments?post=10499"}],"wp:featuredmedia":[{"embeddable":true,"href":"https:\/\/beautysba.co.uk\/lt\/wp-json\/wp\/v2\/media\/10497"}],"wp:attachment":[{"href":"https:\/\/beautysba.co.uk\/lt\/wp-json\/wp\/v2\/media?parent=10499"}],"wp:term":[{"taxonomy":"product_brand","embeddable":true,"href":"https:\/\/beautysba.co.uk\/lt\/wp-json\/wp\/v2\/product_brand?post=10499"},{"taxonomy":"product_cat","embeddable":true,"href":"https:\/\/beautysba.co.uk\/lt\/wp-json\/wp\/v2\/product_cat?post=10499"},{"taxonomy":"product_tag","embeddable":true,"href":"https:\/\/beautysba.co.uk\/lt\/wp-json\/wp\/v2\/product_tag?post=10499"}],"curies":[{"name":"wp","href":"https:\/\/api.w.org\/{rel}","templated":true}]}}