{"id":10512,"date":"2023-03-17T20:51:42","date_gmt":"2023-03-17T20:51:42","guid":{"rendered":"https:\/\/beautysba.co.uk\/product\/skin-aha-clinic-%d0%be%d0%b1%d0%bd%d0%be%d0%b2%d0%bb%d1%8f%d1%8e%d1%89%d0%b0%d1%8f-%d1%8d%d0%ba%d1%81%d0%bf%d1%80%d0%b5%d1%81%d1%81-%d1%81%d1%8b%d0%b2%d0%be%d1%80%d0%be%d1%82%d0%ba%d0%b0-%d0%b4%d0%bb\/"},"modified":"2026-04-24T09:29:48","modified_gmt":"2026-04-24T09:29:48","slug":"skin-aha-clinic-renewing-express-serum-dl","status":"publish","type":"product","link":"https:\/\/beautysba.co.uk\/lt\/produktas\/skin-aha-clinic-renewing-express-serum-dl\/","title":{"rendered":"Skin AHA Clinic atnaujinantis EXPRESS veido serumas su vaisi\u0173 r\u016bg\u0161timi 30ml Belita\/Viteks"},"content":{"rendered":"<p>SAVAITGALIO ODOS EFEKTAS<\/p>\n<p>Naudojimo indikacijos:<\/p>\n<p>Senstanti oda<br \/>\nSmulkios linijos ir rauk\u0161l\u0117s<br \/>\nProblemin\u0117 oda (komedonai, spuogai po akn\u0117s, riebi sebor\u0117ja)<br \/>\nNery\u0161ki, netolygi veido spalva, pigmentacija<br \/>\nGaivinimas &#8211; I\u0161lyginimas &#8211; I\u0161lyginimas<\/p>\n<p>Originali \u0161veicari\u0161ka formul\u0117, praturtinta kapsul\u0117mis su AHA r\u016bg\u0161timis, padeda pagreitinti l\u0105steli\u0173 \u0161veitim\u0105, suma\u017einti pigmentacij\u0105, po akn\u0117s atsiradusias \u017eymes ir juod\u0105sias d\u0117meles, paskatinti odos regeneracijos procesus ir &#8220;atverti&#8221; nauj\u0105 od\u0105 &#8211; lygi\u0105, \u0161vari\u0105, lygi\u0105, gaivi\u0105 od\u0105 be tr\u016bkum\u0173.<\/p>\n<p>Aktyvieji aki\u0173 rausv\u0173j\u0173 blizgu\u010di\u0173, melis\u0173 ir magnolij\u0173 ekstraktai prasiskverbia giliai \u012f od\u0105, be keratinizuoto sluoksnio, ir greitai i\u0161lygina rauk\u0161les, pagerina odos tonus\u0105 ir elastingum\u0105, normalizuoja sebororeguliacij\u0105, u\u017etikrina ilgalaik\u0119 antioksidacin\u0119 l\u0105steli\u0173 apsaug\u0105 ir suteikia odai atsipalaidavimo, \u0161vyt\u0117jimo, tarsi po savaitgalio.<\/p>\n<p>Jis veikia i\u0161 karto ir ilgai.<\/p>\n<p>Gali b\u016bti naudojamas paruo\u0161ti od\u0105 r\u016bg\u0161tiniam \u0161veitimui<\/p>\n<p>Naudojimas: tepkite ryte ir (arba) vakare ant nuvalytos odos.<\/p>\n<p>Sudedamosios dalys: Glikolio r\u016bg\u0161tis, glicerino r\u016bg\u0161tis, gliceriltrikaprilatas\/kapratas, cetearilo alkoholis, polisorbatas-60, PEG-100 stearatas, cetearatas-25, glicerinas, pieno r\u016bg\u0161tis, ciklopentasiloksanas, cikloheksasiloksanas, natrio hidroksidas, akriloildimetiltaurato amonio vinilpirolidono kopolimeras, dimetikono ir vinilo dimetikono kry\u017eminis polimeras, silicio dioksidas, butilenglikolis, magnio natrio silikatas, citrinos r\u016bg\u0161tis, ksantano derva, benzilo alkoholis, benzenkarboksir\u016bg\u0161tis, dihidroacto r\u016bg\u0161tis, natrio benzoatas, kalio sorbatas, vaistin\u0117s eufrazijos ekstraktas, vaistin\u0117s melisos lap\u0173 ekstraktas, Magnolia Biondii (magnolijos) pumpur\u0173 ir (arba) \u017eied\u0173 ekstraktas, lecitinas, alantoinas, kvepal\u0173 kompozicija, butilfenilmetilpropionalas, limonenas, geraniolis, heksilcinnamalas, linalolis<\/p>\n","protected":false},"excerpt":{"rendered":"<p>SAVAITGALIO ODOS EFEKTAS Naudojimo indikacijos: Senstanti oda Smulkios linijos ir rauk\u0161l\u0117s Problemin\u0117 oda (komedonai, spuogai po akn\u0117s, riebi sebor\u0117ja) Nery\u0161ki, netolygi veido spalva, pigmentacija Gaivinimas &#8211; I\u0161lyginimas &#8211; I\u0161lyginimas Originali \u0161veicari\u0161ka formul\u0117, praturtinta kapsul\u0117mis su AHA r\u016bg\u0161timis, padeda pagreitinti l\u0105steli\u0173 \u0161veitim\u0105, suma\u017einti pigmentacij\u0105, po akn\u0117s atsiradusias \u017eymes ir juod\u0105sias d\u0117meles, paskatinti odos regeneracijos procesus ir [&hellip;]<\/p>\n","protected":false},"featured_media":10510,"comment_status":"open","ping_status":"closed","template":"","meta":[],"product_brand":[],"product_cat":[125,210,127],"product_tag":[],"class_list":{"0":"post-10512","1":"product","2":"type-product","3":"status-publish","4":"has-post-thumbnail","6":"product_cat-ispardavimas","7":"product_cat-serumai","8":"product_cat-veidas","10":"first","11":"outofstock","12":"sale","13":"shipping-taxable","14":"purchasable","15":"product-type-simple"},"_links":{"self":[{"href":"https:\/\/beautysba.co.uk\/lt\/wp-json\/wp\/v2\/product\/10512","targetHints":{"allow":["GET"]}}],"collection":[{"href":"https:\/\/beautysba.co.uk\/lt\/wp-json\/wp\/v2\/product"}],"about":[{"href":"https:\/\/beautysba.co.uk\/lt\/wp-json\/wp\/v2\/types\/product"}],"replies":[{"embeddable":true,"href":"https:\/\/beautysba.co.uk\/lt\/wp-json\/wp\/v2\/comments?post=10512"}],"wp:featuredmedia":[{"embeddable":true,"href":"https:\/\/beautysba.co.uk\/lt\/wp-json\/wp\/v2\/media\/10510"}],"wp:attachment":[{"href":"https:\/\/beautysba.co.uk\/lt\/wp-json\/wp\/v2\/media?parent=10512"}],"wp:term":[{"taxonomy":"product_brand","embeddable":true,"href":"https:\/\/beautysba.co.uk\/lt\/wp-json\/wp\/v2\/product_brand?post=10512"},{"taxonomy":"product_cat","embeddable":true,"href":"https:\/\/beautysba.co.uk\/lt\/wp-json\/wp\/v2\/product_cat?post=10512"},{"taxonomy":"product_tag","embeddable":true,"href":"https:\/\/beautysba.co.uk\/lt\/wp-json\/wp\/v2\/product_tag?post=10512"}],"curies":[{"name":"wp","href":"https:\/\/api.w.org\/{rel}","templated":true}]}}