{"id":10542,"date":"2023-03-17T21:02:50","date_gmt":"2023-03-17T21:02:50","guid":{"rendered":"https:\/\/beautysba.co.uk\/product\/skin-aha-clinic-%d0%bf%d0%be%d0%bb%d0%b8%d1%80%d1%83%d1%8e%d1%89%d0%b8%d0%b9-%d1%81%d0%ba%d1%80%d0%b0%d0%b1-%d0%b4%d0%bb%d1%8f-%d0%bb%d0%b8%d1%86%d0%b0-%d1%81-%d1%84%d1%80%d1%83%d0%ba%d1%82%d0%be\/"},"modified":"2023-04-01T19:47:47","modified_gmt":"2023-04-01T19:47:47","slug":"skin-aha-clinic-polishing-facial-scrub-with-fructo","status":"publish","type":"product","link":"https:\/\/beautysba.co.uk\/lt\/produktas\/skin-aha-clinic-polishing-facial-scrub-with-fructo\/","title":{"rendered":"&#8220;Skin AHA Clinic&#8221; poliruojantis veido \u0161veitiklis su vaisi\u0173 r\u016bg\u0161timis 100ml"},"content":{"rendered":"<p>LAZERINIS ODOS POLIRAVIMO EFEKTAS<\/p>\n<p>Naudojimo indikacijos:<\/p>\n<p>Bly\u0161ki, nelygi veido spalva<br \/>\nOdos sen\u0117jimo po\u017eymiai<br \/>\nProblemin\u0117 oda (po spuog\u0173, riebi sebor\u0117ja)<br \/>\nJuodos d\u0117m\u0117s, pigmentacija<br \/>\nATNAUJINIMAS &#8211; I\u0160LYGINIMAS &#8211; ELASTINGUMAS<\/p>\n<p>\u012ekapsuluotos AHA r\u016bg\u0161tys ir \u0161velnios poliravimo dalel\u0117s, sumaniai sujungtos \u012f naujovi\u0161k\u0105 \u0161veicari\u0161k\u0105 formul\u0119, vienu metu mechani\u0161kai ir chemi\u0161kai valo od\u0105 ir lazeriu \u0161vei\u010dia veid\u0105.<\/p>\n<p>Gilus dviej\u0173 lygi\u0173 valymas pa\u0161alina juod\u0105sias d\u0117meles ir i\u0161lygina spuog\u0173 randus, skatina odos regeneracijos procesus, i\u0161lygina odos spalv\u0105, padidina odos tank\u012f ir stangrum\u0105, skaistina ir gaivina veido od\u0105.<\/p>\n<p>Sustiprina po prie\u017ei\u016bros priemoni\u0173 poveik\u012f<\/p>\n<p>Gali b\u016bti naudojamas paruo\u0161ti od\u0105 r\u016bg\u0161tiniam \u0161veitimui<\/p>\n<p>Naudojimas: Tepkite ant dr\u0117gnos odos, vengdami aki\u0173 srities, \u012fmasa\u017euokite, nuplaukite vandeniu.<\/p>\n<p>Rekomenduojama naudoti 1-2 kartus per savait\u0119.<\/p>\n<p>Sudedamosios dalys: Glicerinas, natrio hidroksidas, makadamij\u0173 s\u0117kl\u0173 aliejus, silicio dioksidas, sintetinis bi\u010di\u0173 va\u0161kas, betainas, benzilo alkoholis, benzenkarboksir\u016bg\u0161tis, dihidroacto r\u016bg\u0161tis, pantenolis, natrio benzoatas, kalio sorbatas, ksantano derva, izopropilo miristatas, Triticum vulgare gemal\u0173 aliejus, tokoferilacetatas, BHT, jojobos esteriai, kvepal\u0173 kompozicija, pieno r\u016bg\u0161tis, natrio magnio silikatas, citrinos r\u016bg\u0161tis, butilfenilmetil propionalas, heksilcinamolis, linalolis<\/p>\n","protected":false},"excerpt":{"rendered":"<p>LAZERINIS ODOS POLIRAVIMO EFEKTAS Naudojimo indikacijos: Bly\u0161ki, nelygi veido spalva Odos sen\u0117jimo po\u017eymiai Problemin\u0117 oda (po spuog\u0173, riebi sebor\u0117ja) Juodos d\u0117m\u0117s, pigmentacija ATNAUJINIMAS &#8211; I\u0160LYGINIMAS &#8211; ELASTINGUMAS \u012ekapsuluotos AHA r\u016bg\u0161tys ir \u0161velnios poliravimo dalel\u0117s, sumaniai sujungtos \u012f naujovi\u0161k\u0105 \u0161veicari\u0161k\u0105 formul\u0119, vienu metu mechani\u0161kai ir chemi\u0161kai valo od\u0105 ir lazeriu \u0161vei\u010dia veid\u0105. Gilus dviej\u0173 lygi\u0173 valymas [&hellip;]<\/p>\n","protected":false},"featured_media":10540,"comment_status":"open","ping_status":"closed","template":"","meta":[],"product_brand":[],"product_cat":[127,205],"product_tag":[],"class_list":{"0":"post-10542","1":"product","2":"type-product","3":"status-publish","4":"has-post-thumbnail","6":"product_cat-veidas","7":"product_cat-veido-sveitikliai","9":"first","10":"outofstock","11":"shipping-taxable","12":"purchasable","13":"product-type-simple"},"_links":{"self":[{"href":"https:\/\/beautysba.co.uk\/lt\/wp-json\/wp\/v2\/product\/10542","targetHints":{"allow":["GET"]}}],"collection":[{"href":"https:\/\/beautysba.co.uk\/lt\/wp-json\/wp\/v2\/product"}],"about":[{"href":"https:\/\/beautysba.co.uk\/lt\/wp-json\/wp\/v2\/types\/product"}],"replies":[{"embeddable":true,"href":"https:\/\/beautysba.co.uk\/lt\/wp-json\/wp\/v2\/comments?post=10542"}],"wp:featuredmedia":[{"embeddable":true,"href":"https:\/\/beautysba.co.uk\/lt\/wp-json\/wp\/v2\/media\/10540"}],"wp:attachment":[{"href":"https:\/\/beautysba.co.uk\/lt\/wp-json\/wp\/v2\/media?parent=10542"}],"wp:term":[{"taxonomy":"product_brand","embeddable":true,"href":"https:\/\/beautysba.co.uk\/lt\/wp-json\/wp\/v2\/product_brand?post=10542"},{"taxonomy":"product_cat","embeddable":true,"href":"https:\/\/beautysba.co.uk\/lt\/wp-json\/wp\/v2\/product_cat?post=10542"},{"taxonomy":"product_tag","embeddable":true,"href":"https:\/\/beautysba.co.uk\/lt\/wp-json\/wp\/v2\/product_tag?post=10542"}],"curies":[{"name":"wp","href":"https:\/\/api.w.org\/{rel}","templated":true}]}}