{"id":10548,"date":"2023-03-17T21:08:20","date_gmt":"2023-03-17T21:08:20","guid":{"rendered":"https:\/\/beautysba.co.uk\/product\/vitamin-active-%d0%b2%d0%b8%d1%82%d0%b0%d0%bc%d0%b8%d0%bd%d0%bd%d0%b0%d1%8f-%d0%bf%d0%b8%d0%bb%d0%b8%d0%bd%d0%b3-%d1%81%d0%ba%d0%b0%d1%82%d0%ba%d0%b0-%d0%b4%d0%bb%d1%8f-%d0%bb%d0%b8%d1%86%d0%b0-%d1%81\/"},"modified":"2023-04-01T19:47:44","modified_gmt":"2023-04-01T19:47:44","slug":"vitamin-active-vitamin-peel-peel-facial-scrub","status":"publish","type":"product","link":"https:\/\/beautysba.co.uk\/lt\/produktas\/vitamin-active-vitamin-peel-peel-facial-scrub\/","title":{"rendered":"VITAMIN ACTIVE Vitamin\u0173 veido prausiklis su vaisi\u0173 r\u016bg\u0161timis, 75 ml."},"content":{"rendered":"<p>POR\u0172 VALYMAS<br \/>\nTOKSIN\u0172 \u0160ALINIMAS<br \/>\n\u0160VYTINTIS TOLYGUS TONAS<\/p>\n<p>Labai lengvos, neriebios, apelsin\u0173 spalvos tekst\u016bros, primenan\u010dios gard\u017ei\u0105 vaisi\u0173 \u017eel\u0117, priemon\u0117 \u0161velniai susigeria \u012f od\u0105 ir sugeria ne\u0161varumus, valo poras, absorbuoja toksinus, kartu prisotindama od\u0105 svarbiausi\u0173 vitamin\u0173 ir antioksidant\u0173.<br \/>\nTurtingiausi\u0105 sud\u0117t\u012f sudaro:<br \/>\n&#8211; Veiksminga vaisi\u0173 r\u016bg\u0161\u010di\u0173 (pieno, glikolio, citrinos) koncentracija \u0161velniai nu\u0161vei\u010dia keratinines l\u0105steles, atnaujina ir \u0161viesina od\u0105.<br \/>\n&#8211; naujos kartos vitaminas C, kuris pa\u017eadina odos spindes\u012f ir suteikia gra\u017ei\u0105 veido spalv\u0105.<br \/>\n&#8211; fermentuotas supermaist\u0173 (kalamondino, satsumos, arb\u016bzo, zizifuso, imbiero, lapini\u0173 kop\u016bst\u0173, \u0161alavij\u0173, chia, indi\u0161ko granato, moringos, sezamo), parinkt\u0173 d\u0117l vertingos vitamin\u0173 ir mikroelement\u0173 sud\u0117ties, kokteilis, kuris veikia kaip koncentruotas energijos u\u017etaisas odai.<br \/>\n&#8211; Biologi\u0161kai aktyvus citrusini\u0173 vaisi\u0173 vanduo, kri\u0161tolo skaidrumo ir skaidrumo, skirtas nuostabiai gaiviai ir sudr\u0117kintai odai<br \/>\n&#8211; Vitamin\u0173 A, E, F kokteilis, kad oda ilgai i\u0161likt\u0173 \u0161velni ir \u0161ilkin\u0117.<br \/>\n&#8211; Didel\u0117s molekulin\u0117s mas\u0117s hialurono r\u016bg\u0161tis, papildanti dr\u0117gm\u0117s tr\u016bkum\u0105 net giliausiuose odos sluoksniuose.<\/p>\n<p>ATSKLEISKITE NUOSTAB\u0172 LYGUM\u0104 IR SPINDES\u012e<\/p>\n","protected":false},"excerpt":{"rendered":"<p>POR\u0172 VALYMAS TOKSIN\u0172 \u0160ALINIMAS \u0160VYTINTIS TOLYGUS TONAS Labai lengvos, neriebios, apelsin\u0173 spalvos tekst\u016bros, primenan\u010dios gard\u017ei\u0105 vaisi\u0173 \u017eel\u0117, priemon\u0117 \u0161velniai susigeria \u012f od\u0105 ir sugeria ne\u0161varumus, valo poras, absorbuoja toksinus, kartu prisotindama od\u0105 svarbiausi\u0173 vitamin\u0173 ir antioksidant\u0173. Turtingiausi\u0105 sud\u0117t\u012f sudaro: &#8211; Veiksminga vaisi\u0173 r\u016bg\u0161\u010di\u0173 (pieno, glikolio, citrinos) koncentracija \u0161velniai nu\u0161vei\u010dia keratinines l\u0105steles, atnaujina ir \u0161viesina od\u0105. [&hellip;]<\/p>\n","protected":false},"featured_media":10546,"comment_status":"open","ping_status":"closed","template":"","meta":[],"product_brand":[],"product_cat":[125,127,205],"product_tag":[],"class_list":{"0":"post-10548","1":"product","2":"type-product","3":"status-publish","4":"has-post-thumbnail","6":"product_cat-ispardavimas","7":"product_cat-veidas","8":"product_cat-veido-sveitikliai","10":"first","11":"outofstock","12":"sale","13":"shipping-taxable","14":"purchasable","15":"product-type-simple"},"_links":{"self":[{"href":"https:\/\/beautysba.co.uk\/lt\/wp-json\/wp\/v2\/product\/10548","targetHints":{"allow":["GET"]}}],"collection":[{"href":"https:\/\/beautysba.co.uk\/lt\/wp-json\/wp\/v2\/product"}],"about":[{"href":"https:\/\/beautysba.co.uk\/lt\/wp-json\/wp\/v2\/types\/product"}],"replies":[{"embeddable":true,"href":"https:\/\/beautysba.co.uk\/lt\/wp-json\/wp\/v2\/comments?post=10548"}],"wp:featuredmedia":[{"embeddable":true,"href":"https:\/\/beautysba.co.uk\/lt\/wp-json\/wp\/v2\/media\/10546"}],"wp:attachment":[{"href":"https:\/\/beautysba.co.uk\/lt\/wp-json\/wp\/v2\/media?parent=10548"}],"wp:term":[{"taxonomy":"product_brand","embeddable":true,"href":"https:\/\/beautysba.co.uk\/lt\/wp-json\/wp\/v2\/product_brand?post=10548"},{"taxonomy":"product_cat","embeddable":true,"href":"https:\/\/beautysba.co.uk\/lt\/wp-json\/wp\/v2\/product_cat?post=10548"},{"taxonomy":"product_tag","embeddable":true,"href":"https:\/\/beautysba.co.uk\/lt\/wp-json\/wp\/v2\/product_tag?post=10548"}],"curies":[{"name":"wp","href":"https:\/\/api.w.org\/{rel}","templated":true}]}}