{"id":10554,"date":"2023-03-17T21:10:29","date_gmt":"2023-03-17T21:10:29","guid":{"rendered":"https:\/\/beautysba.co.uk\/product\/vitamin-active-%d1%83%d0%b2%d0%bb%d0%b0%d0%b6%d0%bd%d1%8f%d1%8e%d1%89%d0%b8%d0%b9-%d0%ba%d1%80%d0%b5%d0%bc-%d1%85%d0%b0%d0%b9%d0%bb%d0%b0%d0%b9%d1%82%d0%b5%d1%80-%d0%b4%d0%bb%d1%8f-%d0%bb%d0%b8%d1%86\/"},"modified":"2023-04-01T19:47:54","modified_gmt":"2023-04-01T19:47:54","slug":"vitaminu-aktyvus-drekinamasis-kremas-plaukams-ir-veidui","status":"publish","type":"product","link":"https:\/\/beautysba.co.uk\/lt\/produktas\/vitaminu-aktyvus-drekinamasis-kremas-plaukams-ir-veidui\/","title":{"rendered":"VITAMIN ACTIVE dr\u0117kinamasis veido kremas-gydytojas SPF 15 dn 40ml"},"content":{"rendered":"<p>ANTIOKSIDANT\u0172 APSAUGA<br \/>\nRINDYMAS ir AP\u0160VIETIMAS<br \/>\nAPSAUGA NUO RAUK\u0160LI\u0172<\/p>\n<p>\u0160velnus, \u0161ilkinis ry\u0161kinamasis kremas &#8211; tikras energijos kokteilis odai, kuriai reikia vitamin\u0173.<br \/>\nStabilizuotos formos vitaminas C ilgai i\u0161lieka labai aktyvus ir, giliai \u012fsiskverbdamas \u012f od\u0105, yra ypa\u010d veiksmingas:<br \/>\n&#8211; D\u0117l stipri\u0173 antioksidacini\u0173 savybi\u0173 jis apsaugo od\u0105 nuo neigiamo laisv\u0173j\u0173 radikal\u0173 poveikio.<br \/>\n&#8211; stimuliuoja savojo kolageno gamyb\u0105, akivaizd\u017eiai pagerina odos stangrum\u0105 ir apsaugo nuo rauk\u0161li\u0173 atsiradimo.<br \/>\n&#8211; Ma\u017eina melanino sintez\u0119, \u0161velniai \u0161viesina strazdanas, senatvines d\u0117mes ir po spuog\u0173 atsiradusias \u017eymes, tod\u0117l veido oda tampa skaisti, tolygi ir \u0161velni.<\/p>\n<p>\u012erodytas* vitamino C koncentrato poveikis per 12 savai\u010di\u0173:<br \/>\n40 % padidina antioksidacin\u0119 apsaug\u0105<br \/>\n57 % pagerina kolageno sintez\u0119<br \/>\nI\u0161ry\u0161kina senatvines d\u0117mes 25 proc.<br \/>\nOdos atspalvis suvienodinamas 25 %*<br \/>\n\u012erodyta DSM Nutritional Products, \u0160veicarija<\/p>\n<p>Unikal\u016bs supermaistingi vaisiai (kalamondinas, satsuma, arb\u016bzas, zizifusas, imbieras, kop\u016bstai, chia, indi\u0161kas granatas, moringa, sezamas), parinkti d\u0117l turtingos vitamin\u0173 ir mikroelement\u0173 sud\u0117ties, sumaniai sujungti \u012f fermentuot\u0105 kokteili\u0173 kompleks\u0105, kuris suteikia kremui i\u0161skirtini\u0173 maitinam\u0173j\u0173, dr\u0117kinam\u0173j\u0173 ir regeneruojam\u0173j\u0173 savybi\u0173. Pagrindin\u0117mis med\u017eiagomis prisotinta oda vis\u0105 dien\u0105 i\u0161lieka skais\u010diai stangri, lygi ir \u0161velni.<br \/>\nBiologi\u0161kai aktyvus citrusini\u0173 vaisi\u0173 vanduo, tarsi \u0161vie\u017eia ryto rasa, gr\u0105\u017eina odai jos nat\u016brali\u0105 dr\u0117kinam\u0105j\u0105 gali\u0105 ir atkuria jos gyvybingum\u0105.<br \/>\nVitaminai A, E, F padeda normalizuoti epidermio med\u017eiag\u0173 apykaitos ir regeneracijos procesus, gerina odos apsaugines savybes, didina jos tank\u012f ir elastingum\u0105.<br \/>\nDidel\u0117s molekulin\u0117s mas\u0117s hialurono r\u016bg\u0161tis atkuria dr\u0117gm\u0117s tr\u016bkum\u0105 net gilesniuose odos sluoksniuose: hialurono r\u016bg\u0161ties molekul\u0117s pritraukia dr\u0117gm\u0119 ir didina savo t\u016br\u012f, tod\u0117l oda ilgai i\u0161lieka dr\u0117kinama.<br \/>\nMikronizuoti pigmentai \u0161velniai ir subtiliai ap\u0161vie\u010dia od\u0105, suteikdami jai nat\u016bralaus \u0161vyt\u0117jimo.<br \/>\nNat\u016bralus UV filtras apsaugo nuo UV spinduli\u0173.<\/p>\n<p>PALEPINKITE OD\u0104 VITAMIN\u0172 KOKTEILIU<\/p>\n","protected":false},"excerpt":{"rendered":"<p>ANTIOKSIDANT\u0172 APSAUGA RINDYMAS ir AP\u0160VIETIMAS APSAUGA NUO RAUK\u0160LI\u0172 \u0160velnus, \u0161ilkinis ry\u0161kinamasis kremas &#8211; tikras energijos kokteilis odai, kuriai reikia vitamin\u0173. Stabilizuotos formos vitaminas C ilgai i\u0161lieka labai aktyvus ir, giliai \u012fsiskverbdamas \u012f od\u0105, yra ypa\u010d veiksmingas: &#8211; D\u0117l stipri\u0173 antioksidacini\u0173 savybi\u0173 jis apsaugo od\u0105 nuo neigiamo laisv\u0173j\u0173 radikal\u0173 poveikio. &#8211; stimuliuoja savojo kolageno gamyb\u0105, akivaizd\u017eiai [&hellip;]<\/p>\n","protected":false},"featured_media":10552,"comment_status":"open","ping_status":"closed","template":"","meta":[],"product_brand":[],"product_cat":[133,127],"product_tag":[],"class_list":{"0":"post-10554","1":"product","2":"type-product","3":"status-publish","4":"has-post-thumbnail","6":"product_cat-dienos-kremai","7":"product_cat-veidas","9":"first","10":"outofstock","11":"shipping-taxable","12":"purchasable","13":"product-type-simple"},"_links":{"self":[{"href":"https:\/\/beautysba.co.uk\/lt\/wp-json\/wp\/v2\/product\/10554","targetHints":{"allow":["GET"]}}],"collection":[{"href":"https:\/\/beautysba.co.uk\/lt\/wp-json\/wp\/v2\/product"}],"about":[{"href":"https:\/\/beautysba.co.uk\/lt\/wp-json\/wp\/v2\/types\/product"}],"replies":[{"embeddable":true,"href":"https:\/\/beautysba.co.uk\/lt\/wp-json\/wp\/v2\/comments?post=10554"}],"wp:featuredmedia":[{"embeddable":true,"href":"https:\/\/beautysba.co.uk\/lt\/wp-json\/wp\/v2\/media\/10552"}],"wp:attachment":[{"href":"https:\/\/beautysba.co.uk\/lt\/wp-json\/wp\/v2\/media?parent=10554"}],"wp:term":[{"taxonomy":"product_brand","embeddable":true,"href":"https:\/\/beautysba.co.uk\/lt\/wp-json\/wp\/v2\/product_brand?post=10554"},{"taxonomy":"product_cat","embeddable":true,"href":"https:\/\/beautysba.co.uk\/lt\/wp-json\/wp\/v2\/product_cat?post=10554"},{"taxonomy":"product_tag","embeddable":true,"href":"https:\/\/beautysba.co.uk\/lt\/wp-json\/wp\/v2\/product_tag?post=10554"}],"curies":[{"name":"wp","href":"https:\/\/api.w.org\/{rel}","templated":true}]}}