{"id":10566,"date":"2023-03-17T21:16:19","date_gmt":"2023-03-17T21:16:19","guid":{"rendered":"https:\/\/beautysba.co.uk\/product\/vitamin-active-%d0%bc%d0%b8%d1%86%d0%b5%d0%bb%d0%bb%d1%8f%d1%80%d0%bd%d1%8b%d0%b9-%d1%82%d0%be%d0%bd%d0%b8%d0%ba-%d0%b4%d0%b5%d0%bc%d0%b0%d0%ba%d0%b8%d1%8f%d0%b6-%d0%b4%d0%bb%d1%8f-%d0%bb%d0%b8%d1%86\/"},"modified":"2025-01-19T16:15:55","modified_gmt":"2025-01-19T16:15:55","slug":"vitamin-active-micellar-toner-demake-up-for-face","status":"publish","type":"product","link":"https:\/\/beautysba.co.uk\/lt\/produktas\/vitamin-active-micellar-toner-demake-up-for-face\/","title":{"rendered":"VITAMIN ACTIVE Micelinis tonikas veidui ir aki\u0173 zonai su detoksikuojan\u010diu kompleksu 200 ml"},"content":{"rendered":"<p>DEMAKING<br \/>\nDETOKSINIS VALYMAS<br \/>\nAKTYVUS DR\u0116KINIMAS<\/p>\n<p>Formul\u0117s pagrind\u0105 sudaro biologi\u0161kai aktyvus citrusinis vanduo, fermentuotas kokteili\u0173 kompleksas, kuriame i\u0161radingai derinami supermaisto produktai (kalamondinas, satsuma, arb\u016bzas, zizifusas, imbieras, lapiniai kop\u016bstai, \u0161alavijas, indi\u0161kas granatas, moringa, sezamas), vitaminai A, C, E, F, hialurono r\u016bg\u0161tis ir nat\u016bralus apsauginis kompleksas, tod\u0117l \u0161alinimo tonikas turi trigub\u0105 poveik\u012f:<br \/>\n1. puikiai pa\u0161alina makia\u017e\u0105, tar\u0161\u0105 ir riebalus nuo veido, aki\u0173 ir l\u016bp\u0173 bei skatina odos detoksikacij\u0105.<br \/>\n2. aktyviai dr\u0117kina, akimirksniu suteikia gaivumo ir pa\u017eadina nat\u016bral\u0173 \u0161varios odos \u0161vyt\u0117jim\u0105<br \/>\n3. palieka ant odos nesvar\u0173 apsaugin\u012f \u0161yd\u0105, kuris apsaugo nuo neigiamo aplinkos ter\u0161al\u0173 (dulki\u0173, i\u0161metam\u0173j\u0173 duj\u0173 ir kt.) poveikio.<\/p>\n<p>PARUO\u0160KITE OD\u0104 VITAMIN\u0172 DETOKSIKACIJAI<\/p>\n","protected":false},"excerpt":{"rendered":"<p>DEMAKING DETOKSINIS VALYMAS AKTYVUS DR\u0116KINIMAS Formul\u0117s pagrind\u0105 sudaro biologi\u0161kai aktyvus citrusinis vanduo, fermentuotas kokteili\u0173 kompleksas, kuriame i\u0161radingai derinami supermaisto produktai (kalamondinas, satsuma, arb\u016bzas, zizifusas, imbieras, lapiniai kop\u016bstai, \u0161alavijas, indi\u0161kas granatas, moringa, sezamas), vitaminai A, C, E, F, hialurono r\u016bg\u0161tis ir nat\u016bralus apsauginis kompleksas, tod\u0117l \u0161alinimo tonikas turi trigub\u0105 poveik\u012f: 1. puikiai pa\u0161alina makia\u017e\u0105, tar\u0161\u0105 ir [&hellip;]<\/p>\n","protected":false},"featured_media":10564,"comment_status":"open","ping_status":"closed","template":"","meta":[],"product_brand":[],"product_cat":[125,208,130,127],"product_tag":[],"class_list":{"0":"post-10566","1":"product","2":"type-product","3":"status-publish","4":"has-post-thumbnail","6":"product_cat-ispardavimas","7":"product_cat-micelinis-vanduo","8":"product_cat-valomieji-kremai","9":"product_cat-veidas","11":"first","12":"outofstock","13":"sale","14":"shipping-taxable","15":"purchasable","16":"product-type-simple"},"_links":{"self":[{"href":"https:\/\/beautysba.co.uk\/lt\/wp-json\/wp\/v2\/product\/10566","targetHints":{"allow":["GET"]}}],"collection":[{"href":"https:\/\/beautysba.co.uk\/lt\/wp-json\/wp\/v2\/product"}],"about":[{"href":"https:\/\/beautysba.co.uk\/lt\/wp-json\/wp\/v2\/types\/product"}],"replies":[{"embeddable":true,"href":"https:\/\/beautysba.co.uk\/lt\/wp-json\/wp\/v2\/comments?post=10566"}],"wp:featuredmedia":[{"embeddable":true,"href":"https:\/\/beautysba.co.uk\/lt\/wp-json\/wp\/v2\/media\/10564"}],"wp:attachment":[{"href":"https:\/\/beautysba.co.uk\/lt\/wp-json\/wp\/v2\/media?parent=10566"}],"wp:term":[{"taxonomy":"product_brand","embeddable":true,"href":"https:\/\/beautysba.co.uk\/lt\/wp-json\/wp\/v2\/product_brand?post=10566"},{"taxonomy":"product_cat","embeddable":true,"href":"https:\/\/beautysba.co.uk\/lt\/wp-json\/wp\/v2\/product_cat?post=10566"},{"taxonomy":"product_tag","embeddable":true,"href":"https:\/\/beautysba.co.uk\/lt\/wp-json\/wp\/v2\/product_tag?post=10566"}],"curies":[{"name":"wp","href":"https:\/\/api.w.org\/{rel}","templated":true}]}}