{"id":10584,"date":"2023-03-17T21:23:13","date_gmt":"2023-03-17T21:23:13","guid":{"rendered":"https:\/\/beautysba.co.uk\/product\/%d0%b3%d0%b8%d0%b0%d0%bb%d1%83%d1%80%d0%be%d0%bd-lift-%d0%ba%d1%80%d0%b5%d0%bc-%d0%b4%d0%bb%d1%8f-%d0%bb%d0%b8%d1%86%d0%b0-%d0%b4%d0%bd%d0%b5%d0%b2%d0%bd%d0%be%d0%b9-55-%d1%81%d1%83%d0%bf%d0%b5%d1%80\/"},"modified":"2023-07-03T17:09:18","modified_gmt":"2023-07-03T17:09:18","slug":"hyaluron-lift-facial-cream-daily-55-super","status":"publish","type":"product","link":"https:\/\/beautysba.co.uk\/lt\/produktas\/hyaluron-lift-facial-cream-daily-55-super\/","title":{"rendered":"&#8220;Hyaluron Lift&#8221; veido kremas DAILY 55+ Superlift 45ml"},"content":{"rendered":"<p>Ry\u0161kus V formos efektas:<br \/>\n&#8211; koreguoja veido oval\u0105<br \/>\n&#8211; kovoja su suglebusia oda<br \/>\n&#8211; atkuria skruostikauli\u0173, skruost\u0173 ir smakro form\u0105.<br \/>\nKompensuoja su am\u017eiumi susijus\u012f tarpl\u0105stelinio t\u016brio suma\u017e\u0117jim\u0105<br \/>\nLygina ir u\u017epildo gilias rauk\u0161les<br \/>\nDieninis veido kremas skirtas veido ovalui koreguoti, skruostikauli\u0173, skruost\u0173 ir smakro formai atkurti ir gilioms senatvin\u0117ms rauk\u0161l\u0117ms naikinti. Veikli\u0173j\u0173 med\u017eiag\u0173 sinergija leid\u017eia atkurti tarpl\u0105stelinio odos t\u016brio praradim\u0105, susijus\u012f su am\u017eiaus poky\u010diais.<\/p>\n<p>Naudojimas: Ryte tepkite krem\u0105 ant nuvalytos odos, \u0161velniai \u012fmasa\u017euokite.<\/p>\n","protected":false},"excerpt":{"rendered":"<p>Ry\u0161kus V formos efektas: &#8211; koreguoja veido oval\u0105 &#8211; kovoja su suglebusia oda &#8211; atkuria skruostikauli\u0173, skruost\u0173 ir smakro form\u0105. Kompensuoja su am\u017eiumi susijus\u012f tarpl\u0105stelinio t\u016brio suma\u017e\u0117jim\u0105 Lygina ir u\u017epildo gilias rauk\u0161les Dieninis veido kremas skirtas veido ovalui koreguoti, skruostikauli\u0173, skruost\u0173 ir smakro formai atkurti ir gilioms senatvin\u0117ms rauk\u0161l\u0117ms naikinti. Veikli\u0173j\u0173 med\u017eiag\u0173 sinergija leid\u017eia atkurti [&hellip;]<\/p>\n","protected":false},"featured_media":10582,"comment_status":"open","ping_status":"closed","template":"","meta":[],"product_brand":[],"product_cat":[133,127],"product_tag":[],"class_list":{"0":"post-10584","1":"product","2":"type-product","3":"status-publish","4":"has-post-thumbnail","6":"product_cat-dienos-kremai","7":"product_cat-veidas","9":"first","10":"outofstock","11":"shipping-taxable","12":"purchasable","13":"product-type-simple"},"_links":{"self":[{"href":"https:\/\/beautysba.co.uk\/lt\/wp-json\/wp\/v2\/product\/10584","targetHints":{"allow":["GET"]}}],"collection":[{"href":"https:\/\/beautysba.co.uk\/lt\/wp-json\/wp\/v2\/product"}],"about":[{"href":"https:\/\/beautysba.co.uk\/lt\/wp-json\/wp\/v2\/types\/product"}],"replies":[{"embeddable":true,"href":"https:\/\/beautysba.co.uk\/lt\/wp-json\/wp\/v2\/comments?post=10584"}],"wp:featuredmedia":[{"embeddable":true,"href":"https:\/\/beautysba.co.uk\/lt\/wp-json\/wp\/v2\/media\/10582"}],"wp:attachment":[{"href":"https:\/\/beautysba.co.uk\/lt\/wp-json\/wp\/v2\/media?parent=10584"}],"wp:term":[{"taxonomy":"product_brand","embeddable":true,"href":"https:\/\/beautysba.co.uk\/lt\/wp-json\/wp\/v2\/product_brand?post=10584"},{"taxonomy":"product_cat","embeddable":true,"href":"https:\/\/beautysba.co.uk\/lt\/wp-json\/wp\/v2\/product_cat?post=10584"},{"taxonomy":"product_tag","embeddable":true,"href":"https:\/\/beautysba.co.uk\/lt\/wp-json\/wp\/v2\/product_tag?post=10584"}],"curies":[{"name":"wp","href":"https:\/\/api.w.org\/{rel}","templated":true}]}}