{"id":10590,"date":"2023-03-17T21:25:00","date_gmt":"2023-03-17T21:25:00","guid":{"rendered":"https:\/\/beautysba.co.uk\/product\/%d0%b3%d0%b8%d0%b0%d0%bb%d1%83%d1%80%d0%be%d0%bd-lift-%d0%ba%d1%80%d0%b5%d0%bc-%d0%b4%d0%bb%d1%8f-%d0%bb%d0%b8%d1%86%d0%b0-%d0%bd%d0%be%d1%87%d0%bd%d0%be%d0%b9-55-%d1%81%d1%83%d0%bf%d0%b5%d1%80%d0%bb\/"},"modified":"2023-04-01T19:47:44","modified_gmt":"2023-04-01T19:47:44","slug":"hialurono-liftingo-kremas-veidui-nakciai-55-superl","status":"publish","type":"product","link":"https:\/\/beautysba.co.uk\/lt\/produktas\/hialurono-liftingo-kremas-veidui-nakciai-55-superl\/","title":{"rendered":"&#8220;Hyaluron Lift&#8221; veido kremas NIGHT 55+ Superlift 45ml"},"content":{"rendered":"<p>V formos efektas: &#8211; stangrina veido oval\u0105 &#8211; kovoja su suglebusia oda &#8211; atstato skruostikaulius, skruostus ir smakr\u0105 &#8211; skatina odos l\u0105steli\u0173 regeneracij\u0105 &#8211; lygina ir u\u017epildo gilias rauk\u0161les &#8211; intensyviai maitina ir mink\u0161tina od\u0105 Naktinis kremas skirtas skatinti odos l\u0105steli\u0173 regeneracij\u0105, kovoti su odos suglebimu nakt\u012f: jo veikliosios med\u017eiagos intensyviai maitina ir mink\u0161tina od\u0105, lygina ir u\u017epildo gilias rauk\u0161les.<\/p>\n<p>D\u0117l to sutraukiamas veido ovalas, atstatoma skruostikauli\u0173, skruost\u0173 ir smakro forma.<\/p>\n<p>Naudojimas: tepkite krem\u0105 vakare ant nuvalytos odos, \u0161velniai \u012fmasa\u017euokite.<\/p>\n","protected":false},"excerpt":{"rendered":"<p>V formos efektas: &#8211; stangrina veido oval\u0105 &#8211; kovoja su suglebusia oda &#8211; atstato skruostikaulius, skruostus ir smakr\u0105 &#8211; skatina odos l\u0105steli\u0173 regeneracij\u0105 &#8211; lygina ir u\u017epildo gilias rauk\u0161les &#8211; intensyviai maitina ir mink\u0161tina od\u0105 Naktinis kremas skirtas skatinti odos l\u0105steli\u0173 regeneracij\u0105, kovoti su odos suglebimu nakt\u012f: jo veikliosios med\u017eiagos intensyviai maitina ir mink\u0161tina od\u0105, [&hellip;]<\/p>\n","protected":false},"featured_media":10588,"comment_status":"open","ping_status":"closed","template":"","meta":[],"product_brand":[],"product_cat":[209,127],"product_tag":[],"class_list":{"0":"post-10590","1":"product","2":"type-product","3":"status-publish","4":"has-post-thumbnail","6":"product_cat-naktiniai-kremai","7":"product_cat-veidas","9":"first","10":"outofstock","11":"shipping-taxable","12":"purchasable","13":"product-type-simple"},"_links":{"self":[{"href":"https:\/\/beautysba.co.uk\/lt\/wp-json\/wp\/v2\/product\/10590","targetHints":{"allow":["GET"]}}],"collection":[{"href":"https:\/\/beautysba.co.uk\/lt\/wp-json\/wp\/v2\/product"}],"about":[{"href":"https:\/\/beautysba.co.uk\/lt\/wp-json\/wp\/v2\/types\/product"}],"replies":[{"embeddable":true,"href":"https:\/\/beautysba.co.uk\/lt\/wp-json\/wp\/v2\/comments?post=10590"}],"wp:featuredmedia":[{"embeddable":true,"href":"https:\/\/beautysba.co.uk\/lt\/wp-json\/wp\/v2\/media\/10588"}],"wp:attachment":[{"href":"https:\/\/beautysba.co.uk\/lt\/wp-json\/wp\/v2\/media?parent=10590"}],"wp:term":[{"taxonomy":"product_brand","embeddable":true,"href":"https:\/\/beautysba.co.uk\/lt\/wp-json\/wp\/v2\/product_brand?post=10590"},{"taxonomy":"product_cat","embeddable":true,"href":"https:\/\/beautysba.co.uk\/lt\/wp-json\/wp\/v2\/product_cat?post=10590"},{"taxonomy":"product_tag","embeddable":true,"href":"https:\/\/beautysba.co.uk\/lt\/wp-json\/wp\/v2\/product_tag?post=10590"}],"curies":[{"name":"wp","href":"https:\/\/api.w.org\/{rel}","templated":true}]}}