{"id":10596,"date":"2023-03-17T21:27:42","date_gmt":"2023-03-17T21:27:42","guid":{"rendered":"https:\/\/beautysba.co.uk\/product\/%d0%b3%d0%b8%d0%b0%d0%bb%d1%83%d1%80%d0%be%d0%bd-lift-%d0%ba%d1%80%d0%b5%d0%bc-%d1%84%d0%b8%d0%bb%d0%bb%d0%b5%d1%80-%d0%b4%d0%bb%d1%8f-%d0%ba%d0%be%d0%b6%d0%b8-%d0%b2%d0%be%d0%ba%d1%80%d1%83%d0%b3\/"},"modified":"2023-04-01T19:47:43","modified_gmt":"2023-04-01T19:47:43","slug":"hialurono-liftingo-kremo-uzpildas-odai-aplink","status":"publish","type":"product","link":"https:\/\/beautysba.co.uk\/lt\/produktas\/hialurono-liftingo-kremo-uzpildas-odai-aplink\/","title":{"rendered":"&#8220;Hyaluron Lift&#8221; aki\u0173 ir l\u016bp\u0173 kremas, u\u017epildas &#8220;55+ Superlift&#8221; 20ml"},"content":{"rendered":"<p>Antigravitacinis poveikis:- stangrina vir\u0161utinio voko od\u0105- lygina od\u0105 aplink akis ir l\u016bpas U\u017epildo gilias rauk\u0161les I\u0161ry\u0161kina tamsius ratilus, ma\u017eina paburkim\u0105 po akimisKremo u\u017epildas yra itin tiksli odos aplink akis ir l\u016bpas proced\u016bra.<\/p>\n<p>Naujovi\u0161ki ingredientai suteikia &#8220;antigravitacin\u012f&#8221; poveik\u012f: stangrina vir\u0161utinio voko od\u0105, padeda i\u0161lyginti od\u0105 aplink akis ir l\u016bpas, \u0161viesina tamsius ratilus po akimis, ma\u017eina paburkim\u0105 ir u\u017epildo gilias rauk\u0161les.<\/p>\n<p>Naudojimas: Kremu-u\u017epildu lengvai patepkite aplink akis ir l\u016bpas.<\/p>\n","protected":false},"excerpt":{"rendered":"<p>Antigravitacinis poveikis:- stangrina vir\u0161utinio voko od\u0105- lygina od\u0105 aplink akis ir l\u016bpas U\u017epildo gilias rauk\u0161les I\u0161ry\u0161kina tamsius ratilus, ma\u017eina paburkim\u0105 po akimisKremo u\u017epildas yra itin tiksli odos aplink akis ir l\u016bpas proced\u016bra. Naujovi\u0161ki ingredientai suteikia &#8220;antigravitacin\u012f&#8221; poveik\u012f: stangrina vir\u0161utinio voko od\u0105, padeda i\u0161lyginti od\u0105 aplink akis ir l\u016bpas, \u0161viesina tamsius ratilus po akimis, ma\u017eina paburkim\u0105 [&hellip;]<\/p>\n","protected":false},"featured_media":10594,"comment_status":"open","ping_status":"closed","template":"","meta":[],"product_brand":[],"product_cat":[202,125,127],"product_tag":[],"class_list":{"0":"post-10596","1":"product","2":"type-product","3":"status-publish","4":"has-post-thumbnail","6":"product_cat-akiu-kremai","7":"product_cat-ispardavimas","8":"product_cat-veidas","10":"first","11":"outofstock","12":"sale","13":"shipping-taxable","14":"purchasable","15":"product-type-simple"},"_links":{"self":[{"href":"https:\/\/beautysba.co.uk\/lt\/wp-json\/wp\/v2\/product\/10596","targetHints":{"allow":["GET"]}}],"collection":[{"href":"https:\/\/beautysba.co.uk\/lt\/wp-json\/wp\/v2\/product"}],"about":[{"href":"https:\/\/beautysba.co.uk\/lt\/wp-json\/wp\/v2\/types\/product"}],"replies":[{"embeddable":true,"href":"https:\/\/beautysba.co.uk\/lt\/wp-json\/wp\/v2\/comments?post=10596"}],"wp:featuredmedia":[{"embeddable":true,"href":"https:\/\/beautysba.co.uk\/lt\/wp-json\/wp\/v2\/media\/10594"}],"wp:attachment":[{"href":"https:\/\/beautysba.co.uk\/lt\/wp-json\/wp\/v2\/media?parent=10596"}],"wp:term":[{"taxonomy":"product_brand","embeddable":true,"href":"https:\/\/beautysba.co.uk\/lt\/wp-json\/wp\/v2\/product_brand?post=10596"},{"taxonomy":"product_cat","embeddable":true,"href":"https:\/\/beautysba.co.uk\/lt\/wp-json\/wp\/v2\/product_cat?post=10596"},{"taxonomy":"product_tag","embeddable":true,"href":"https:\/\/beautysba.co.uk\/lt\/wp-json\/wp\/v2\/product_tag?post=10596"}],"curies":[{"name":"wp","href":"https:\/\/api.w.org\/{rel}","templated":true}]}}