{"id":10608,"date":"2023-03-17T21:31:32","date_gmt":"2023-03-17T21:31:32","guid":{"rendered":"https:\/\/beautysba.co.uk\/product\/%d0%b3%d0%b8%d0%b0%d0%bb%d1%83%d1%80%d0%be%d0%bd-lift-%d0%ba%d1%80%d0%b5%d0%bc-%d0%b4%d0%bd%d0%b5%d0%b2%d0%bd%d0%be%d0%b9-%d0%b4%d0%bb%d1%8f-%d0%bb%d0%b8%d1%86%d0%b0-%d1%88%d0%b5%d0%b8-%d0%b8-%d0%b4\/"},"modified":"2023-04-01T19:51:43","modified_gmt":"2023-04-01T19:51:43","slug":"hialurono-liftingo-dienos-kremas-veidui-kaklui-ir-d","status":"publish","type":"product","link":"https:\/\/beautysba.co.uk\/lt\/produktas\/hialurono-liftingo-dienos-kremas-veidui-kaklui-ir-d\/","title":{"rendered":"&#8220;Hyaluron Lift&#8221; dieninis kremas veidui, kaklui ir dekolt\u0117 45+ &#8220;Superlift"},"content":{"rendered":"<p>Itin koncentruota hialurono r\u016bg\u0161tis ir kamienin\u0117s l\u0105stel\u0117s<\/p>\n<p>atkurti tarpl\u0105stelin\u012f t\u016br\u012f<br \/>\nstangrina ir stangrina veido ir kaklo od\u0105.<br \/>\ngr\u0105\u017einti kont\u016br\u0173 ai\u0161kum\u0105.<br \/>\ni\u0161lyginti rauk\u0161les<br \/>\n\u0160is dieninis kremas padeda atkurti odos tarpl\u0105stelin\u0119 apimt\u012f, gr\u0105\u017eina veido kont\u016brams ai\u0161kum\u0105, stangrina ir stangrina veid\u0105, kakl\u0105 ir dekolt\u0117.<br \/>\n\u0160velnus kremas akimirksniu suteikia liftingo efekt\u0105, palikdamas ant odos \u0161veln\u0173 \u0161ilkin\u012f \u0161yd\u0105.<br \/>\nVeikliosios med\u017eiagos: itin koncentruota hialurono r\u016bg\u0161tis, Edelveis\u0173 kamienin\u0117s l\u0105stel\u0117s, Renesanso peptid\u0173 kompleksas.<br \/>\nNaudojimas: ryte lengvais masa\u017eo judesiais tepkite krem\u0105 ant nuvalytos odos.<\/p>\n","protected":false},"excerpt":{"rendered":"<p>Itin koncentruota hialurono r\u016bg\u0161tis ir kamienin\u0117s l\u0105stel\u0117s atkurti tarpl\u0105stelin\u012f t\u016br\u012f stangrina ir stangrina veido ir kaklo od\u0105. gr\u0105\u017einti kont\u016br\u0173 ai\u0161kum\u0105. i\u0161lyginti rauk\u0161les \u0160is dieninis kremas padeda atkurti odos tarpl\u0105stelin\u0119 apimt\u012f, gr\u0105\u017eina veido kont\u016brams ai\u0161kum\u0105, stangrina ir stangrina veid\u0105, kakl\u0105 ir dekolt\u0117. \u0160velnus kremas akimirksniu suteikia liftingo efekt\u0105, palikdamas ant odos \u0161veln\u0173 \u0161ilkin\u012f \u0161yd\u0105. Veikliosios med\u017eiagos: [&hellip;]<\/p>\n","protected":false},"featured_media":10606,"comment_status":"open","ping_status":"closed","template":"","meta":[],"product_brand":[],"product_cat":[133,127],"product_tag":[],"class_list":{"0":"post-10608","1":"product","2":"type-product","3":"status-publish","4":"has-post-thumbnail","6":"product_cat-dienos-kremai","7":"product_cat-veidas","9":"first","10":"outofstock","11":"shipping-taxable","12":"purchasable","13":"product-type-simple"},"_links":{"self":[{"href":"https:\/\/beautysba.co.uk\/lt\/wp-json\/wp\/v2\/product\/10608","targetHints":{"allow":["GET"]}}],"collection":[{"href":"https:\/\/beautysba.co.uk\/lt\/wp-json\/wp\/v2\/product"}],"about":[{"href":"https:\/\/beautysba.co.uk\/lt\/wp-json\/wp\/v2\/types\/product"}],"replies":[{"embeddable":true,"href":"https:\/\/beautysba.co.uk\/lt\/wp-json\/wp\/v2\/comments?post=10608"}],"wp:featuredmedia":[{"embeddable":true,"href":"https:\/\/beautysba.co.uk\/lt\/wp-json\/wp\/v2\/media\/10606"}],"wp:attachment":[{"href":"https:\/\/beautysba.co.uk\/lt\/wp-json\/wp\/v2\/media?parent=10608"}],"wp:term":[{"taxonomy":"product_brand","embeddable":true,"href":"https:\/\/beautysba.co.uk\/lt\/wp-json\/wp\/v2\/product_brand?post=10608"},{"taxonomy":"product_cat","embeddable":true,"href":"https:\/\/beautysba.co.uk\/lt\/wp-json\/wp\/v2\/product_cat?post=10608"},{"taxonomy":"product_tag","embeddable":true,"href":"https:\/\/beautysba.co.uk\/lt\/wp-json\/wp\/v2\/product_tag?post=10608"}],"curies":[{"name":"wp","href":"https:\/\/api.w.org\/{rel}","templated":true}]}}