{"id":10614,"date":"2023-03-17T21:33:14","date_gmt":"2023-03-17T21:33:14","guid":{"rendered":"https:\/\/beautysba.co.uk\/product\/%d0%b3%d0%b8%d0%b0%d0%bb%d1%83%d1%80%d0%be%d0%bd-lift-%d0%ba%d1%80%d0%b5%d0%bc-%d0%b4%d0%bb%d1%8f-%d0%bb%d0%b8%d1%86%d0%b0-%d1%88%d0%b5%d0%b8-%d0%b8-%d0%b4%d0%b5%d0%ba%d0%be%d0%bb%d1%8c%d1%82%d0%b5\/"},"modified":"2023-04-01T19:51:41","modified_gmt":"2023-04-01T19:51:41","slug":"hialurono-liftingo-kremas-veidui-kaklui-ir-dekolte","status":"publish","type":"product","link":"https:\/\/beautysba.co.uk\/lt\/produktas\/hialurono-liftingo-kremas-veidui-kaklui-ir-dekolte\/","title":{"rendered":"&#8220;Hyaluron Lift&#8221; veido, kaklo ir dekolt\u0117 srities naktinis kremas 45+ Superlift 45ml"},"content":{"rendered":"<p>Itin koncentruotas hialurono r\u016bg\u0161ties ir peptid\u0173 kompleksas<\/p>\n<p>atkurti tarpl\u0105stelin\u012f t\u016br\u012f<br \/>\nskatina kolageno ir elastino gamyb\u0105.<br \/>\nModeliuoti veido oval\u0105<br \/>\ni\u0161lyginti rauk\u0161les<\/p>\n<p>Kremas pasi\u017eymi ry\u0161kiu liftingo poveikiu, lygina rauk\u0161les ir neleid\u017eia atsirasti naujoms, modeliuoja veido oval\u0105, atkuria odos elastingum\u0105.<\/p>\n<p>D\u0117l to atstatomas tarpl\u0105stelinis t\u016bris, i\u0161ry\u0161k\u0117ja veido kont\u016brai ir i\u0161silygina rauk\u0161l\u0117s.<\/p>\n<p>Veikliosios med\u017eiagos: itin koncentruota hialurono r\u016bg\u0161tis, &#8220;Renaissance&#8221; peptid\u0173 kompleksas.<\/p>\n<p>Naudojimas: kiekvien\u0105 vakar\u0105 tepkite krem\u0105 ant nuvalytos veido, kaklo ir dekolt\u0117 srities odos.<\/p>\n<p>Kad poveikis b\u016bt\u0173 maksimalus, taip pat naudokite dienin\u012f veido krem\u0105.<\/p>\n","protected":false},"excerpt":{"rendered":"<p>Itin koncentruotas hialurono r\u016bg\u0161ties ir peptid\u0173 kompleksas atkurti tarpl\u0105stelin\u012f t\u016br\u012f skatina kolageno ir elastino gamyb\u0105. Modeliuoti veido oval\u0105 i\u0161lyginti rauk\u0161les Kremas pasi\u017eymi ry\u0161kiu liftingo poveikiu, lygina rauk\u0161les ir neleid\u017eia atsirasti naujoms, modeliuoja veido oval\u0105, atkuria odos elastingum\u0105. D\u0117l to atstatomas tarpl\u0105stelinis t\u016bris, i\u0161ry\u0161k\u0117ja veido kont\u016brai ir i\u0161silygina rauk\u0161l\u0117s. Veikliosios med\u017eiagos: itin koncentruota hialurono r\u016bg\u0161tis, &#8220;Renaissance&#8221; [&hellip;]<\/p>\n","protected":false},"featured_media":10612,"comment_status":"open","ping_status":"closed","template":"","meta":[],"product_brand":[],"product_cat":[209,127],"product_tag":[],"class_list":{"0":"post-10614","1":"product","2":"type-product","3":"status-publish","4":"has-post-thumbnail","6":"product_cat-naktiniai-kremai","7":"product_cat-veidas","9":"first","10":"outofstock","11":"shipping-taxable","12":"purchasable","13":"product-type-simple"},"_links":{"self":[{"href":"https:\/\/beautysba.co.uk\/lt\/wp-json\/wp\/v2\/product\/10614","targetHints":{"allow":["GET"]}}],"collection":[{"href":"https:\/\/beautysba.co.uk\/lt\/wp-json\/wp\/v2\/product"}],"about":[{"href":"https:\/\/beautysba.co.uk\/lt\/wp-json\/wp\/v2\/types\/product"}],"replies":[{"embeddable":true,"href":"https:\/\/beautysba.co.uk\/lt\/wp-json\/wp\/v2\/comments?post=10614"}],"wp:featuredmedia":[{"embeddable":true,"href":"https:\/\/beautysba.co.uk\/lt\/wp-json\/wp\/v2\/media\/10612"}],"wp:attachment":[{"href":"https:\/\/beautysba.co.uk\/lt\/wp-json\/wp\/v2\/media?parent=10614"}],"wp:term":[{"taxonomy":"product_brand","embeddable":true,"href":"https:\/\/beautysba.co.uk\/lt\/wp-json\/wp\/v2\/product_brand?post=10614"},{"taxonomy":"product_cat","embeddable":true,"href":"https:\/\/beautysba.co.uk\/lt\/wp-json\/wp\/v2\/product_cat?post=10614"},{"taxonomy":"product_tag","embeddable":true,"href":"https:\/\/beautysba.co.uk\/lt\/wp-json\/wp\/v2\/product_tag?post=10614"}],"curies":[{"name":"wp","href":"https:\/\/api.w.org\/{rel}","templated":true}]}}