{"id":10620,"date":"2023-03-17T21:35:21","date_gmt":"2023-03-17T21:35:21","guid":{"rendered":"https:\/\/beautysba.co.uk\/product\/%d0%b3%d0%b8%d0%b0%d0%bb%d1%83%d1%80%d0%be%d0%bd-lift-%d0%bc%d0%b0%d1%81%d0%ba%d0%b0-%d0%b4%d0%bb%d1%8f-%d0%bb%d0%b8%d1%86%d0%b0-%d0%bd%d0%be%d1%87%d0%bd%d0%b0%d1%8f-%d0%bd%d0%b5%d1%81%d0%bc%d1%8b\/"},"modified":"2023-04-01T19:51:42","modified_gmt":"2023-04-01T19:51:42","slug":"hialurono-liftingo-kauke-veidui-nakciai","status":"publish","type":"product","link":"https:\/\/beautysba.co.uk\/lt\/produktas\/hialurono-liftingo-kauke-veidui-nakciai\/","title":{"rendered":"&#8220;Hyaluron Lift Super Lifting&#8221; naktin\u0117 veido kauk\u0117 100ml"},"content":{"rendered":"<p>Itin koncentruota hialurono r\u016bg\u0161tis, peptid\u0173 kompleksas ir kamienin\u0117s l\u0105stel\u0117s<br \/>\natkurti odos tarpl\u0105stelin\u012f t\u016br\u012f.<br \/>\nstangrina ir stangrina veido ir kaklo od\u0105.<br \/>\ngr\u0105\u017einti kont\u016br\u0173 ai\u0161kum\u0105.<br \/>\ni\u0161lyginti rauk\u0161les<br \/>\nNaktinio kremo kauk\u0117s formul\u0117 stebuklingai pakei\u010dia j\u016bs\u0173 od\u0105, suteikia jai gaivumo ir jaunatvi\u0161kumo.<br \/>\nNaktin\u0117 kauk\u0117 stebuklingai veikia miegant: atkuria tarpl\u0105stelin\u012f t\u016br\u012f, modeliuoja veido oval\u0105, i\u0161lygina rauk\u0161les ir ilgai dr\u0117kina.<br \/>\nVeikliosios med\u017eiagos: itin koncentruota hialurono r\u016bg\u0161tis, &#8220;Renaissance&#8221; peptid\u0173 kompleksas, kamienin\u0117s l\u0105stel\u0117s.<br \/>\nNaudojimas: 30-40 min. prie\u0161 mieg\u0105 plonu sluoksniu u\u017etepkite kremo-kauk\u0117s ant skruost\u0173, kaktos ir smakro.<br \/>\nVenkite patekimo \u012f akis.<br \/>\nNegalima nuplauti!<\/p>\n","protected":false},"excerpt":{"rendered":"<p>Itin koncentruota hialurono r\u016bg\u0161tis, peptid\u0173 kompleksas ir kamienin\u0117s l\u0105stel\u0117s atkurti odos tarpl\u0105stelin\u012f t\u016br\u012f. stangrina ir stangrina veido ir kaklo od\u0105. gr\u0105\u017einti kont\u016br\u0173 ai\u0161kum\u0105. i\u0161lyginti rauk\u0161les Naktinio kremo kauk\u0117s formul\u0117 stebuklingai pakei\u010dia j\u016bs\u0173 od\u0105, suteikia jai gaivumo ir jaunatvi\u0161kumo. Naktin\u0117 kauk\u0117 stebuklingai veikia miegant: atkuria tarpl\u0105stelin\u012f t\u016br\u012f, modeliuoja veido oval\u0105, i\u0161lygina rauk\u0161les ir ilgai dr\u0117kina. Veikliosios [&hellip;]<\/p>\n","protected":false},"featured_media":10618,"comment_status":"open","ping_status":"closed","template":"","meta":[],"product_brand":[],"product_cat":[125,127,204],"product_tag":[],"class_list":{"0":"post-10620","1":"product","2":"type-product","3":"status-publish","4":"has-post-thumbnail","6":"product_cat-ispardavimas","7":"product_cat-veidas","8":"product_cat-veido-kaukes","10":"first","11":"outofstock","12":"sale","13":"shipping-taxable","14":"purchasable","15":"product-type-simple"},"_links":{"self":[{"href":"https:\/\/beautysba.co.uk\/lt\/wp-json\/wp\/v2\/product\/10620","targetHints":{"allow":["GET"]}}],"collection":[{"href":"https:\/\/beautysba.co.uk\/lt\/wp-json\/wp\/v2\/product"}],"about":[{"href":"https:\/\/beautysba.co.uk\/lt\/wp-json\/wp\/v2\/types\/product"}],"replies":[{"embeddable":true,"href":"https:\/\/beautysba.co.uk\/lt\/wp-json\/wp\/v2\/comments?post=10620"}],"wp:featuredmedia":[{"embeddable":true,"href":"https:\/\/beautysba.co.uk\/lt\/wp-json\/wp\/v2\/media\/10618"}],"wp:attachment":[{"href":"https:\/\/beautysba.co.uk\/lt\/wp-json\/wp\/v2\/media?parent=10620"}],"wp:term":[{"taxonomy":"product_brand","embeddable":true,"href":"https:\/\/beautysba.co.uk\/lt\/wp-json\/wp\/v2\/product_brand?post=10620"},{"taxonomy":"product_cat","embeddable":true,"href":"https:\/\/beautysba.co.uk\/lt\/wp-json\/wp\/v2\/product_cat?post=10620"},{"taxonomy":"product_tag","embeddable":true,"href":"https:\/\/beautysba.co.uk\/lt\/wp-json\/wp\/v2\/product_tag?post=10620"}],"curies":[{"name":"wp","href":"https:\/\/api.w.org\/{rel}","templated":true}]}}