{"id":10682,"date":"2023-04-01T13:29:23","date_gmt":"2023-04-01T13:29:23","guid":{"rendered":"https:\/\/beautysba.co.uk\/product\/%d0%bd%d0%be%d1%80%d0%ba%d0%b8%d0%bd-%d0%b6%d0%b8%d1%80-%d1%81-%d0%bf%d1%87%d0%b5%d0%bb%d0%b8%d0%bd%d1%8b%d0%bc-%d1%8f%d0%b4%d0%be%d0%bc-%d0%b3%d0%b5%d0%bb%d1%8c-%d1%8d%d0%bb%d0%b8%d0%ba\/"},"modified":"2023-04-06T12:16:26","modified_gmt":"2023-04-06T12:16:26","slug":"minkin-grease-as-bee-juice-gel-elik","status":"publish","type":"product","link":"https:\/\/beautysba.co.uk\/lt\/produktas\/minkin-grease-as-bee-juice-gel-elik\/","title":{"rendered":"&#8220;Norkin&#8221; riebalai su bi\u010di\u0173 nuod\u0173 geliu &#8211; \u0161ildantis k\u016bno eliksyras. 70\u0433"},"content":{"rendered":"<p>I\u0161skirtinis \u0161io produkto bruo\u017eas &#8211; mink\u0173 aliejaus, bi\u010di\u0173 nuod\u0173, propolio ir melasos ekstrakto derinys.<\/p>\n<p>Veiksmas:<br \/>\n&#8211; palaiko \u0161ilum\u0105,<br \/>\n&#8211; Pagerina kraujotak\u0105, sukeldamas greit\u0105 kraujo tek\u0117jim\u0105 \u012f gydom\u0105 srit\u012f,<br \/>\n&#8211; gerina kraujagysli\u0173 elastingum\u0105,<br \/>\n&#8211; padeda mal\u0161inti tarp\u0161onkaulini\u0173 raumen\u0173 ir rai\u0161\u010di\u0173 u\u017edegim\u0105,<br \/>\n&#8211; padeda nuo nugaros skausmo,<\/p>\n<p>Tikslas:<br \/>\n&#8211; i\u0161ialgija,<br \/>\n&#8211; reumatas,<br \/>\n&#8211; artritas,<br \/>\n&#8211; lokali\u0173 arterin\u0117s periferin\u0117s kraujotakos sutrikim\u0173 atveju,<br \/>\n&#8211; &#8220;\u0161audymo skyl\u0117s&#8221; ir raumen\u0173 skausmai nugaroje,<br \/>\n&#8211; rank\u0173 ir koj\u0173 patinimas,<br \/>\n&#8211; d\u0117l patempim\u0173, i\u0161nirim\u0173 ir kit\u0173 su\u017ealojim\u0173,<br \/>\n&#8211; prie\u0161 sporto treniruot\u0119, kad kuo grei\u010diau su\u0161ildytum\u0117te raumenis,<\/p>\n<p>Kaip naudoti: nedidel\u012f kiek\u012f tepkite ant odos. \u0160velniai \u012fmasa\u017euokite.<\/p>\n<p>Pa\u017eym\u0117tina, kad &#8220;Norkin&#8221; riebal\u0173 geli\u0173 sud\u0117tyje yra veikli\u0173j\u0173 med\u017eiag\u0173, kurios n\u0117ra egzoti\u0161kos ir jau \u0161imtme\u010dius naudojamos liaudies medicinoje.<\/p>\n<p>Privalumai:<br \/>\n&#8211; turi unikali\u0105 \u0161ildom\u0105j\u0105 savyb\u0119,<br \/>\n&#8211; Naujovi\u0161ka produkto formul\u0117 u\u017etikrina puik\u0173 veikli\u0173j\u0173 ingredient\u0173 prasiskverbim\u0105 giliai \u012f poras ir greit\u0105 poveik\u012f,<br \/>\n&#8211; Nesukelia dirginimo<\/p>\n","protected":false},"excerpt":{"rendered":"<p>I\u0161skirtinis \u0161io produkto bruo\u017eas &#8211; mink\u0173 aliejaus, bi\u010di\u0173 nuod\u0173, propolio ir melasos ekstrakto derinys. Veiksmas: &#8211; palaiko \u0161ilum\u0105, &#8211; Pagerina kraujotak\u0105, sukeldamas greit\u0105 kraujo tek\u0117jim\u0105 \u012f gydom\u0105 srit\u012f, &#8211; gerina kraujagysli\u0173 elastingum\u0105, &#8211; padeda mal\u0161inti tarp\u0161onkaulini\u0173 raumen\u0173 ir rai\u0161\u010di\u0173 u\u017edegim\u0105, &#8211; padeda nuo nugaros skausmo, Tikslas: &#8211; i\u0161ialgija, &#8211; reumatas, &#8211; artritas, &#8211; lokali\u0173 arterin\u0117s [&hellip;]<\/p>\n","protected":false},"featured_media":10680,"comment_status":"open","ping_status":"closed","template":"","meta":[],"product_brand":[],"product_cat":[218,217],"product_tag":[],"class_list":{"0":"post-10682","1":"product","2":"type-product","3":"status-publish","4":"has-post-thumbnail","6":"product_cat-kuno-prieziura","7":"product_cat-sveikatos-prieziura","9":"first","10":"outofstock","11":"shipping-taxable","12":"purchasable","13":"product-type-simple"},"_links":{"self":[{"href":"https:\/\/beautysba.co.uk\/lt\/wp-json\/wp\/v2\/product\/10682","targetHints":{"allow":["GET"]}}],"collection":[{"href":"https:\/\/beautysba.co.uk\/lt\/wp-json\/wp\/v2\/product"}],"about":[{"href":"https:\/\/beautysba.co.uk\/lt\/wp-json\/wp\/v2\/types\/product"}],"replies":[{"embeddable":true,"href":"https:\/\/beautysba.co.uk\/lt\/wp-json\/wp\/v2\/comments?post=10682"}],"wp:featuredmedia":[{"embeddable":true,"href":"https:\/\/beautysba.co.uk\/lt\/wp-json\/wp\/v2\/media\/10680"}],"wp:attachment":[{"href":"https:\/\/beautysba.co.uk\/lt\/wp-json\/wp\/v2\/media?parent=10682"}],"wp:term":[{"taxonomy":"product_brand","embeddable":true,"href":"https:\/\/beautysba.co.uk\/lt\/wp-json\/wp\/v2\/product_brand?post=10682"},{"taxonomy":"product_cat","embeddable":true,"href":"https:\/\/beautysba.co.uk\/lt\/wp-json\/wp\/v2\/product_cat?post=10682"},{"taxonomy":"product_tag","embeddable":true,"href":"https:\/\/beautysba.co.uk\/lt\/wp-json\/wp\/v2\/product_tag?post=10682"}],"curies":[{"name":"wp","href":"https:\/\/api.w.org\/{rel}","templated":true}]}}