{"id":10830,"date":"2023-05-06T17:36:56","date_gmt":"2023-05-06T17:36:56","guid":{"rendered":"https:\/\/beautysba.co.uk\/product\/%d0%b3%d0%bb%d0%b8%d1%86%d0%b8%d0%bd-%d0%b0%d0%ba%d1%82%d0%b8%d0%b2-%d1%82%d0%b0%d0%b1%d0%bb%d0%b5%d1%82%d0%ba%d0%b8-100-%d0%bc%d0%b3-50-%d1%88%d1%82\/"},"modified":"2026-04-24T09:45:20","modified_gmt":"2026-04-24T09:45:20","slug":"%d0%b3%d0%bb%d0%b8%d1%86%d0%b8%d0%bd-%d0%b0%d0%ba%d1%82%d0%b8%d0%b2-%d1%82%d0%b0%d0%b1%d0%bb%d0%b5%d1%82%d0%ba%d0%b8-100-%d0%bc%d0%b3-50-%d1%88%d1%82","status":"publish","type":"product","link":"https:\/\/beautysba.co.uk\/lt\/produktas\/%d0%b3%d0%bb%d0%b8%d1%86%d0%b8%d0%bd-%d0%b0%d0%ba%d1%82%d0%b8%d0%b2-%d1%82%d0%b0%d0%b1%d0%bb%d0%b5%d1%82%d0%ba%d0%b8-100-%d0%bc%d0%b3-50-%d1%88%d1%82\/","title":{"rendered":"Glicinas Aktyviosios tablet\u0117s 100 mg, 50 vnt."},"content":{"rendered":"<p>Glicinas-Aktiv normalizuoja med\u017eiag\u0173 apykait\u0105, pasi\u017eymi nootropiniu, antiepilepsiniu, antistresiniu ir raminamuoju poveikiu.<\/p>\n<p>Kaip vartoti, gydymo kursas ir dozavimas<br \/>\nSuaugusieji vartoja po 3 tabletes 3 kartus per dien\u0105 valgio metu. Vartojimo trukm\u0117 &#8211; 1 m\u0117nuo.<\/p>\n","protected":false},"excerpt":{"rendered":"<p>Glicinas-Aktiv normalizuoja med\u017eiag\u0173 apykait\u0105, pasi\u017eymi nootropiniu, antiepilepsiniu, antistresiniu ir raminamuoju poveikiu. Kaip vartoti, gydymo kursas ir dozavimas Suaugusieji vartoja po 3 tabletes 3 kartus per dien\u0105 valgio metu. Vartojimo trukm\u0117 &#8211; 1 m\u0117nuo.<\/p>\n","protected":false},"featured_media":10828,"comment_status":"open","ping_status":"closed","template":"","meta":[],"product_brand":[],"product_cat":[217,220],"product_tag":[],"class_list":{"0":"post-10830","1":"product","2":"type-product","3":"status-publish","4":"has-post-thumbnail","6":"product_cat-sveikatos-prieziura","7":"product_cat-zarnyno-sveikata","9":"first","10":"instock","11":"shipping-taxable","12":"purchasable","13":"product-type-simple"},"_links":{"self":[{"href":"https:\/\/beautysba.co.uk\/lt\/wp-json\/wp\/v2\/product\/10830","targetHints":{"allow":["GET"]}}],"collection":[{"href":"https:\/\/beautysba.co.uk\/lt\/wp-json\/wp\/v2\/product"}],"about":[{"href":"https:\/\/beautysba.co.uk\/lt\/wp-json\/wp\/v2\/types\/product"}],"replies":[{"embeddable":true,"href":"https:\/\/beautysba.co.uk\/lt\/wp-json\/wp\/v2\/comments?post=10830"}],"wp:featuredmedia":[{"embeddable":true,"href":"https:\/\/beautysba.co.uk\/lt\/wp-json\/wp\/v2\/media\/10828"}],"wp:attachment":[{"href":"https:\/\/beautysba.co.uk\/lt\/wp-json\/wp\/v2\/media?parent=10830"}],"wp:term":[{"taxonomy":"product_brand","embeddable":true,"href":"https:\/\/beautysba.co.uk\/lt\/wp-json\/wp\/v2\/product_brand?post=10830"},{"taxonomy":"product_cat","embeddable":true,"href":"https:\/\/beautysba.co.uk\/lt\/wp-json\/wp\/v2\/product_cat?post=10830"},{"taxonomy":"product_tag","embeddable":true,"href":"https:\/\/beautysba.co.uk\/lt\/wp-json\/wp\/v2\/product_tag?post=10830"}],"curies":[{"name":"wp","href":"https:\/\/api.w.org\/{rel}","templated":true}]}}