{"id":10833,"date":"2023-05-06T17:38:38","date_gmt":"2023-05-06T17:38:38","guid":{"rendered":"https:\/\/beautysba.co.uk\/product\/%d0%bc%d0%b0%d0%b3%d0%bd%d0%b8%d0%b9-%d0%b26-60-%d1%82%d0%b0%d0%b1-%d0%bf%d0%be-300-%d0%bc%d0%b3\/"},"modified":"2026-04-24T09:52:23","modified_gmt":"2026-04-24T09:52:23","slug":"%d0%bc%d0%b0%d0%b3%d0%bd%d0%b8%d0%b9-%d0%b26-60-%d1%82%d0%b0%d0%b1-%d0%bf%d0%be-300-%d0%bc%d0%b3","status":"publish","type":"product","link":"https:\/\/beautysba.co.uk\/lt\/produktas\/%d0%bc%d0%b0%d0%b3%d0%bd%d0%b8%d0%b9-%d0%b26-60-%d1%82%d0%b0%d0%b1-%d0%bf%d0%be-300-%d0%bc%d0%b3\/","title":{"rendered":"Magnis + B6, 60 tab. 300 mg"},"content":{"rendered":"<p>Magnis yra gyvybi\u0161kai svarbus elementas, esantis visuose k\u016bno audiniuose, b\u016btinas normaliai l\u0105steli\u0173 funkcijai ir dalyvaujantis daugumoje med\u017eiag\u0173 apykaitos reakcij\u0173. Vis\u0173 pirma jis dalyvauja reguliuojant nervini\u0173 impuls\u0173 perdavim\u0105 ir raumen\u0173 susitraukim\u0105. Magnio organizmas gauna i\u0161 maisto. Magnio gali tr\u016bkti, kai organizmas netaisyklingai maitinasi (dieta) arba kai padid\u0117ja magnio poreikis (padid\u0117j\u0119s fizinis ir protinis kr\u016bvis, stresas, n\u0117\u0161tumas, diuretik\u0173 vartojimas). Piridoksinas (vitaminas B6) dalyvauja daugelyje med\u017eiag\u0173 apykaitos proces\u0173 ir nerv\u0173 sistemos med\u017eiag\u0173 apykaitos reguliavime. Vitaminas B6 gerina magnio \u012fsisavinim\u0105 i\u0161 vir\u0161kinamojo trakto ir jo \u012fsiskverbim\u0105 \u012f l\u0105steles. Magnio kiekis serume: &#8211; 12-17 mg\/l (0,5-0,7 mmol\/l) rodo vidutin\u012f magnio tr\u016bkum\u0105, &#8211; ma\u017eiau kaip 12 mg\/l (0,5 mmol\/l) rodo sunk\u0173 magnio tr\u016bkum\u0105.<br \/>\nFarmakokinetika<br \/>\nMagnis vir\u0161kinimo trakte absorbuojamas ne daugiau kaip 50 % suvartotos doz\u0117s. 99 % organizmo magnio yra l\u0105stel\u0117se. Ma\u017edaug 2\/3 vidul\u0105stelinio magnio yra kauliniame audinyje, o kita 1\/3 &#8211; lygiuosiuose ir skersaruo\u017eiuosiuose raumenyse. Magnis daugiausia i\u0161siskiria su \u0161lapimu. Ne ma\u017eiau kaip 1\/3 suvartotos magnio doz\u0117s i\u0161siskiria su \u0161lapimu.<br \/>\nIndikacijos<br \/>\nNustatytas magnio tr\u016bkumas, pavienis arba susij\u0119s su kitais tr\u016bkumo po\u017eymiais, kai pasirei\u0161kia tokie simptomai kaip: padid\u0117j\u0119s dirglumas, nedideli miego sutrikimai, skrand\u017eio ir \u017earnyno spazmai ar \u0161irdies plakimas, padid\u0117j\u0119s nuovargis, raumen\u0173 skausmai ir spazmai, dilg\u010diojimo poj\u016btis.<\/p>\n","protected":false},"excerpt":{"rendered":"<p>Magnis yra gyvybi\u0161kai svarbus elementas, esantis visuose k\u016bno audiniuose, b\u016btinas normaliai l\u0105steli\u0173 funkcijai ir dalyvaujantis daugumoje med\u017eiag\u0173 apykaitos reakcij\u0173. Vis\u0173 pirma jis dalyvauja reguliuojant nervini\u0173 impuls\u0173 perdavim\u0105 ir raumen\u0173 susitraukim\u0105. Magnio organizmas gauna i\u0161 maisto. Magnio gali tr\u016bkti, kai organizmas netaisyklingai maitinasi (dieta) arba kai padid\u0117ja magnio poreikis (padid\u0117j\u0119s fizinis ir protinis kr\u016bvis, stresas, n\u0117\u0161tumas, [&hellip;]<\/p>\n","protected":false},"featured_media":10902,"comment_status":"open","ping_status":"closed","template":"","meta":[],"product_brand":[],"product_cat":[217,220],"product_tag":[],"class_list":{"0":"post-10833","1":"product","2":"type-product","3":"status-publish","4":"has-post-thumbnail","6":"product_cat-sveikatos-prieziura","7":"product_cat-zarnyno-sveikata","9":"first","10":"instock","11":"shipping-taxable","12":"purchasable","13":"product-type-simple"},"_links":{"self":[{"href":"https:\/\/beautysba.co.uk\/lt\/wp-json\/wp\/v2\/product\/10833","targetHints":{"allow":["GET"]}}],"collection":[{"href":"https:\/\/beautysba.co.uk\/lt\/wp-json\/wp\/v2\/product"}],"about":[{"href":"https:\/\/beautysba.co.uk\/lt\/wp-json\/wp\/v2\/types\/product"}],"replies":[{"embeddable":true,"href":"https:\/\/beautysba.co.uk\/lt\/wp-json\/wp\/v2\/comments?post=10833"}],"wp:featuredmedia":[{"embeddable":true,"href":"https:\/\/beautysba.co.uk\/lt\/wp-json\/wp\/v2\/media\/10902"}],"wp:attachment":[{"href":"https:\/\/beautysba.co.uk\/lt\/wp-json\/wp\/v2\/media?parent=10833"}],"wp:term":[{"taxonomy":"product_brand","embeddable":true,"href":"https:\/\/beautysba.co.uk\/lt\/wp-json\/wp\/v2\/product_brand?post=10833"},{"taxonomy":"product_cat","embeddable":true,"href":"https:\/\/beautysba.co.uk\/lt\/wp-json\/wp\/v2\/product_cat?post=10833"},{"taxonomy":"product_tag","embeddable":true,"href":"https:\/\/beautysba.co.uk\/lt\/wp-json\/wp\/v2\/product_tag?post=10833"}],"curies":[{"name":"wp","href":"https:\/\/api.w.org\/{rel}","templated":true}]}}