{"id":10850,"date":"2023-05-11T19:34:43","date_gmt":"2023-05-11T19:34:43","guid":{"rendered":"https:\/\/beautysba.co.uk\/product\/asian-secrets-%d0%bc%d0%b0%d1%81%d0%ba%d0%b0-%d0%ba%d0%be%d1%80%d1%80%d0%b5%d0%ba%d1%82%d0%be%d1%80-%d0%b4%d0%bb%d1%8f-%d0%bb%d0%b8%d1%86%d0%b0-%d1%88%d0%b5%d0%b8-%d0%b8-%d0%b4%d0%b5%d0%ba%d0%be\/"},"modified":"2023-09-05T06:52:45","modified_gmt":"2023-09-05T06:52:45","slug":"asian-secrets-maska-korektorius-veida-neck-and-deco","status":"publish","type":"product","link":"https:\/\/beautysba.co.uk\/lt\/produktas\/asian-secrets-maska-korektorius-veida-neck-and-deco\/","title":{"rendered":"Azijos paslaptys. Veido, kaklo ir dekolt\u0117 srities koreguojamoji kauk\u0117 nuo kar\u0161\u010dio"},"content":{"rendered":"<p>3D-RETINOL<\/p>\n<p>TSUBAKI ALIEJUS<\/p>\n<p>IMPERIALUS GINSENGAS<\/p>\n<p>GARNETAS<\/p>\n<p>AHA r\u016bg\u0161tys<\/p>\n<p>&#8211; Lygina rauk\u0161les ir neleid\u017eia joms atsirasti<\/p>\n<p>&#8211; i\u0161lygina odos mikrostrukt\u016br\u0105 ir tonus\u0105<\/p>\n<p>&#8211; Pa\u0161alina matin\u012f veido atspalv\u012f ir suteikia rafinuoto \u0161vyt\u0117jimo.<\/p>\n<p>Koreguojamoji kauk\u0117 skirta rauk\u0161l\u0117ms i\u0161lyginti, odos mikrostrukt\u016brai ir tonui suvienodinti, kad oda b\u016bt\u0173 lyg \u0161ilkin\u0117.<\/p>\n<p>3D-RETINOLAS, veikdamas i\u0161 karto keliomis kryptimis, atkuria kolageno skaidulas ir neleid\u017eia joms suirti, didina odos tank\u012f ir lygina net giliausias rauk\u0161les, lygina ir skaistina veido spalv\u0105.<\/p>\n<p>Tsubaki aliejus yra senov\u0117s Azijos gro\u017eio paslaptis &#8211; jame gausu vitamin\u0173 A, B ir E, neso\u010di\u0173j\u0173 riebal\u0173, kolageno ir antioksidant\u0173, jis prasiskverbia giliai \u012f odos sluoksnius, aktyviai maitina ir dr\u0117kina od\u0105, apsaugo j\u0105 nuo rauk\u0161li\u0173 atsiradimo.<\/p>\n<p>IMPERATOR GIENSE gerina odos tonus\u0105, slopina laisvuosius radikalus, kurie greitina sen\u0117jimo procesus.<\/p>\n<p>GRANATAS &#8211; palaiko odos jaunyst\u0119 ir sveikat\u0105, apsaugo nuo dehidratacijos, sutraukia poras ir pagerina veido spalv\u0105.<\/p>\n<p>AHA r\u016bg\u0161tys i\u0161lygina odos mikrostrukt\u016br\u0105 ir tonus\u0105, tod\u0117l ji tampa \u0161vytinti ir \u0161ilkin\u0117.<\/p>\n<p>Tinka visiems odos tipams.<\/p>\n<p>Naudojimas: plonu sluoksniu u\u017etepkite kauk\u0119 ant nuvalytos odos 10-15 minu\u010di\u0173, vengdami aki\u0173 srities. Nuplaukite vandeniu. U\u017etepkite kremo. Pirm\u0105sias 2-3 minutes kauk\u0117 gali kand\u017eiotis. Jei dilg\u010diojimas sustipr\u0117ja, nuplaukite kauk\u0119 vandeniu.<\/p>\n<p>100 ml<\/p>\n<p>Sudedamosios dalys: Glikolio r\u016bg\u0161tis, etilheksilizononanoatas, cetearilo alkoholis, polisorbatas-60, PEG-100 stearatas, cetearatas-25, pieno r\u016bg\u0161tis, natrio hidroksidas, dimetikonas, glicerinas, citrinos r\u016bg\u0161tis, pantenolis, sorbitolis, lecitinas, retinilo palmitatas, ksantano derva, Vigna Aconitifolia ekstraktas, natrio kokoilglutamatas, raudonojo \u017een\u0161enio (Polygonum Bistorta) \u0161akn\u0173 ekstraktas, granatini\u0173 granat\u0173 (Punica Granatum) ekstraktas, izopropilo miristatas, paprast\u0173j\u0173 kvie\u010di\u0173 (Triticum vulgare) gemal\u0173 aliejus, tokoferilacetatas, BHT, Camellia Japonica (zubaki) s\u0117kl\u0173 aliejus, alantoinas, fenoksietanolis, metilparabenas, etilparabenas, propilparabenas, kvepal\u0173 kompozicija, 2-bromo-2-nitropropan-1,3-diolis, heksilcinnamalas<\/p>\n","protected":false},"excerpt":{"rendered":"<p>3D-RETINOL TSUBAKI ALIEJUS IMPERIALUS GINSENGAS GARNETAS AHA r\u016bg\u0161tys &#8211; Lygina rauk\u0161les ir neleid\u017eia joms atsirasti &#8211; i\u0161lygina odos mikrostrukt\u016br\u0105 ir tonus\u0105 &#8211; Pa\u0161alina matin\u012f veido atspalv\u012f ir suteikia rafinuoto \u0161vyt\u0117jimo. Koreguojamoji kauk\u0117 skirta rauk\u0161l\u0117ms i\u0161lyginti, odos mikrostrukt\u016brai ir tonui suvienodinti, kad oda b\u016bt\u0173 lyg \u0161ilkin\u0117. 3D-RETINOLAS, veikdamas i\u0161 karto keliomis kryptimis, atkuria kolageno skaidulas ir [&hellip;]<\/p>\n","protected":false},"featured_media":10848,"comment_status":"open","ping_status":"closed","template":"","meta":[],"product_brand":[],"product_cat":[127,204],"product_tag":[],"class_list":{"0":"post-10850","1":"product","2":"type-product","3":"status-publish","4":"has-post-thumbnail","6":"product_cat-veidas","7":"product_cat-veido-kaukes","9":"first","10":"outofstock","11":"shipping-taxable","12":"purchasable","13":"product-type-simple"},"_links":{"self":[{"href":"https:\/\/beautysba.co.uk\/lt\/wp-json\/wp\/v2\/product\/10850","targetHints":{"allow":["GET"]}}],"collection":[{"href":"https:\/\/beautysba.co.uk\/lt\/wp-json\/wp\/v2\/product"}],"about":[{"href":"https:\/\/beautysba.co.uk\/lt\/wp-json\/wp\/v2\/types\/product"}],"replies":[{"embeddable":true,"href":"https:\/\/beautysba.co.uk\/lt\/wp-json\/wp\/v2\/comments?post=10850"}],"wp:featuredmedia":[{"embeddable":true,"href":"https:\/\/beautysba.co.uk\/lt\/wp-json\/wp\/v2\/media\/10848"}],"wp:attachment":[{"href":"https:\/\/beautysba.co.uk\/lt\/wp-json\/wp\/v2\/media?parent=10850"}],"wp:term":[{"taxonomy":"product_brand","embeddable":true,"href":"https:\/\/beautysba.co.uk\/lt\/wp-json\/wp\/v2\/product_brand?post=10850"},{"taxonomy":"product_cat","embeddable":true,"href":"https:\/\/beautysba.co.uk\/lt\/wp-json\/wp\/v2\/product_cat?post=10850"},{"taxonomy":"product_tag","embeddable":true,"href":"https:\/\/beautysba.co.uk\/lt\/wp-json\/wp\/v2\/product_tag?post=10850"}],"curies":[{"name":"wp","href":"https:\/\/api.w.org\/{rel}","templated":true}]}}