{"id":10856,"date":"2023-05-11T19:37:59","date_gmt":"2023-05-11T19:37:59","guid":{"rendered":"https:\/\/beautysba.co.uk\/product\/asian-secrets-%d0%ba%d1%80%d0%b5%d0%bc-%d0%b4%d0%bb%d1%8f-%d0%bb%d0%b8%d1%86%d0%b0-%d0%b8-%d0%ba%d0%be%d0%b6%d0%b8-%d0%b2%d0%be%d0%ba%d1%80%d1%83%d0%b3-%d0%b3%d0%bb%d0%b0%d0%b7-%d0%be%d1%82-%d0%bf\/"},"modified":"2023-09-05T06:52:46","modified_gmt":"2023-09-05T06:52:46","slug":"asian-secrets-cream-for-face-and-skin-round-eye-from-the-p","status":"publish","type":"product","link":"https:\/\/beautysba.co.uk\/lt\/produktas\/asian-secrets-cream-for-face-and-skin-round-eye-from-the-p\/","title":{"rendered":"Azijos paslaptys. veido ir aki\u0173 kremas pirmosioms rauk\u0161l\u0117ms nakties 30+"},"content":{"rendered":"<p>3D-RETINOL<\/p>\n<p>TSUBAKI ALIEJUS<\/p>\n<p>GARNETAS<\/p>\n<p>\u0160ILKO BALTYMAI<\/p>\n<p>Veikli\u0173j\u0173 med\u017eiag\u0173 kompleksas:<\/p>\n<p>&#8211; Lygina mimikos linijas ir pradines rauk\u0161les<\/p>\n<p>&#8211; stiprina kolageno ir elastino gamyb\u0105<\/p>\n<p>&#8211; dr\u0117kina ir suteikia odai energijos.<\/p>\n<p>&#8211; &#8220;i\u0161trina&#8221; streso ir nuovargio p\u0117dsakus.<\/p>\n<p>Turtingas naktinis kremas stimuliuoja atstatymo ir atjauninimo proces\u0105 miego metu. Pa\u0161alindamas dienos streso p\u0117dsakus, kremas didina odos elastingum\u0105 ir suteikia jai energijos, tod\u0117l veiksmingai kovoja su rauk\u0161l\u0117mis ir ankstyvu sen\u0117jimu.<\/p>\n<p>3D -RETINOL &#8211; 3 aktyvios retinolio formos, veikian\u010dios keliomis kryptimis vienu metu:<\/p>\n<p>LPD vitaminas A &#8211; inkapsuliuotas retinolis &#8211; labai gerai \u012fsiskverbia \u012f od\u0105, ilgai i\u0161lieka ir veikia i\u0161 karto po naudojimo: jis stiprina kolageno skaidulas ir neleid\u017eia kolagenui suirti, gerina odos stangrum\u0105 ir 33 %* lygina rauk\u0161les.<\/p>\n<p>&#8220;Vit-A-Like&#8221; stimuliuoja kolageno sintez\u0119, spartina l\u0105steli\u0173 atsinaujinimo procesus, ma\u017eina rauk\u0161les ir suvienodina odos spalv\u0105.<\/p>\n<p>Vitaminas A atkuria odos apsaugines funkcijas ir kovoja su laisvaisiais radikalais, apsaugodamas nuo ankstyvo sen\u0117jimo.<\/p>\n<p>Tsubaki aliejus yra senov\u0117s Azijos gro\u017eio paslaptis &#8211; jame gausu vitamin\u0173 A, B ir E, neso\u010di\u0173j\u0173 riebal\u0173, kolageno ir antioksidant\u0173, jis prasiskverbia giliai \u012f od\u0105, aktyviai maitina ir dr\u0117kina od\u0105, atkuria odos epidermio barjer\u0105, apsaugo nuo rauk\u0161li\u0173 atsiradimo ir gerina odos tonus\u0105, 25 %** sul\u0117tina ankstyv\u0105 odos sen\u0117jim\u0105.<\/p>\n<p>\u0160ilko baltymai i\u0161lygina odos mikrostrukt\u016br\u0105, giliai dr\u0117kina ir pagerina odos elastingum\u0105, tod\u0117l ji tampa \u0161ilkiniu \u0161velnumu ir glotnumu.<\/p>\n<p>GRANAT &#8211; tai galinga priemon\u0117 nuo sen\u0117jimo, kuri patikimai apsaugo od\u0105 nuo laisv\u0173j\u0173 radikal\u0173, i\u0161laiko j\u0105 jaun\u0105 ir sveik\u0105, apsaugo nuo dehidratacijos, i\u0161lygina odos tekst\u016br\u0105 ir pagerina veido spalv\u0105.<\/p>\n<p>*i\u0161bandyta &#8220;Infinitec&#8221; (Ispanija)<\/p>\n<p>**patikrinta &#8220;Biospectrum Inc&#8221; (Kor\u0117ja).<\/p>\n<p>Tinka visiems odos tipams.<\/p>\n<p>Naudojimas: lengvais masa\u017euojamaisiais judesiais vakare tepkite krem\u0105 ant nuvalytos odos.<\/p>\n<p>50 ml<\/p>\n<p>Sud\u0117tis: Vanduo, cetearilo alkoholis, dicetilo fosfatas, ceteto-10 fosfatas, ciklopentasiloksanas, cikloheksasiloksanas, Butyrospermum parkii (taukmed\u017eio) aliejus, BCP-15 stearilo eteris, Vigna Aconitifolia (motiejuko) ekstraktas, natrio kokoilglutamatas, dimetikono skerspj\u016bvis, sorbitolis, lecitinas, retinilo palmitatas, ksantano derva, Macadamia Integrifolia (makadamij\u0173) s\u0117kl\u0173 aliejus, betainas, skvalanas, Punica Granatum (granat\u0173) ekstraktas, Camellia Japonica (zubaki\u0173) s\u0117kl\u0173 aliejus, akriloil dimetiltauratas, amonio vinilpirolidono kopolimeras Euphrasia officinalis ekstraktas, Melissa officinalis lap\u0173 ekstraktas, Magnolia Biondii pumpur\u0173 ir (arba) \u017eied\u0173 ekstraktas, tokoferilacetatas, izopropilo miristatas, Triticum vulgare daig\u0173 aliejus, BHT, \u0161ilko aminor\u016bg\u0161tys, fenoksietanolis, metilo parabenas, etilparabenas, propilparabenas, kvepal\u0173 kompozicija, natrio hidroksidas, 2-bromo-2-nitropropan-1,3-diolis, alfa-izometiliononas, benzilo salicilatas, butilfenilmetilpropionalas, citronelolis, kumarinas, limonenas, geraniolis, heksilcinnamalas, linalolis<\/p>\n","protected":false},"excerpt":{"rendered":"<p>3D-RETINOL TSUBAKI ALIEJUS GARNETAS \u0160ILKO BALTYMAI Veikli\u0173j\u0173 med\u017eiag\u0173 kompleksas: &#8211; Lygina mimikos linijas ir pradines rauk\u0161les &#8211; stiprina kolageno ir elastino gamyb\u0105 &#8211; dr\u0117kina ir suteikia odai energijos. &#8211; &#8220;i\u0161trina&#8221; streso ir nuovargio p\u0117dsakus. Turtingas naktinis kremas stimuliuoja atstatymo ir atjauninimo proces\u0105 miego metu. Pa\u0161alindamas dienos streso p\u0117dsakus, kremas didina odos elastingum\u0105 ir suteikia jai [&hellip;]<\/p>\n","protected":false},"featured_media":10854,"comment_status":"open","ping_status":"closed","template":"","meta":[],"product_brand":[],"product_cat":[125,209,127],"product_tag":[],"class_list":{"0":"post-10856","1":"product","2":"type-product","3":"status-publish","4":"has-post-thumbnail","6":"product_cat-ispardavimas","7":"product_cat-naktiniai-kremai","8":"product_cat-veidas","10":"first","11":"outofstock","12":"sale","13":"shipping-taxable","14":"purchasable","15":"product-type-simple"},"_links":{"self":[{"href":"https:\/\/beautysba.co.uk\/lt\/wp-json\/wp\/v2\/product\/10856","targetHints":{"allow":["GET"]}}],"collection":[{"href":"https:\/\/beautysba.co.uk\/lt\/wp-json\/wp\/v2\/product"}],"about":[{"href":"https:\/\/beautysba.co.uk\/lt\/wp-json\/wp\/v2\/types\/product"}],"replies":[{"embeddable":true,"href":"https:\/\/beautysba.co.uk\/lt\/wp-json\/wp\/v2\/comments?post=10856"}],"wp:featuredmedia":[{"embeddable":true,"href":"https:\/\/beautysba.co.uk\/lt\/wp-json\/wp\/v2\/media\/10854"}],"wp:attachment":[{"href":"https:\/\/beautysba.co.uk\/lt\/wp-json\/wp\/v2\/media?parent=10856"}],"wp:term":[{"taxonomy":"product_brand","embeddable":true,"href":"https:\/\/beautysba.co.uk\/lt\/wp-json\/wp\/v2\/product_brand?post=10856"},{"taxonomy":"product_cat","embeddable":true,"href":"https:\/\/beautysba.co.uk\/lt\/wp-json\/wp\/v2\/product_cat?post=10856"},{"taxonomy":"product_tag","embeddable":true,"href":"https:\/\/beautysba.co.uk\/lt\/wp-json\/wp\/v2\/product_tag?post=10856"}],"curies":[{"name":"wp","href":"https:\/\/api.w.org\/{rel}","templated":true}]}}