{"id":10939,"date":"2023-06-03T18:57:10","date_gmt":"2023-06-03T18:57:10","guid":{"rendered":"https:\/\/beautysba.co.uk\/product\/%d0%b6%d0%b5%d0%bb%d0%b5%d0%b7%d0%be%d1%84%d0%be%d0%bb%d0%b8%d0%b5%d0%b2%d0%b0%d1%8f-%d0%ba%d0%b8%d1%81%d0%bb%d0%be%d1%82%d0%b0-30-%d1%82%d0%b0%d0%b1%d0%bb%d0%b5%d1%82%d0%be%d0%ba\/"},"modified":"2026-04-24T09:45:22","modified_gmt":"2026-04-24T09:45:22","slug":"ironfoliate-acid-30-tableciu","status":"publish","type":"product","link":"https:\/\/beautysba.co.uk\/lt\/produktas\/ironfoliate-acid-30-tableciu\/","title":{"rendered":"Gele\u017eis + folio r\u016bg\u0161tis 30 table\u010di\u0173"},"content":{"rendered":"<p>Vitamin\u0173 ir mineral\u0173 kompleksas su gele\u017eimi ir folio r\u016bg\u0161timi &#8211; tai preparatas, kurio sud\u0117tyje yra gele\u017eies drusk\u0173, folio r\u016bg\u0161ties ir kai kuri\u0173 vitamin\u0173 (C, B12). Skirtas gele\u017eies tr\u016bkumui organizme papildyti ir aneminiam poveikiui ma\u017einti.<\/p>\n<p>\u0160iuose kompleksuose esanti folio r\u016bg\u0161tis pagerina klinikin\u012f vaist\u0173 poveik\u012f ir pagerina gele\u017eies jon\u0173 absorbcij\u0105.<\/p>\n<p>Be to, folio r\u016bg\u0161tis b\u016btina normaliam megaloblast\u0173 brendimui ir normoblast\u0173 susidarymui; ji skatina eritropoez\u0119, dalyvauja aminor\u016bg\u0161\u010di\u0173 (glicino, metionino), nukleino r\u016bg\u0161\u010di\u0173, purin\u0173, pirimidin\u0173, cholino, histidino apykaitoje.<\/p>\n<p>Vartojimo instrukcija: Suaugusiesiems ir vyresniems nei 12 met\u0173 paaugliams, sergantiems latentiniu gele\u017eies tr\u016bkumu, taip pat gele\u017eies ir folio r\u016bg\u0161ties tr\u016bkumo profilaktikai paprastai skiriama po 1 tablet\u0119 kart\u0105 per dien\u0105. Profilaktinio gydymo trukm\u0117 &#8211; 1-2 m\u0117nesiai.<\/p>\n","protected":false},"excerpt":{"rendered":"<p>Vitamin\u0173 ir mineral\u0173 kompleksas su gele\u017eimi ir folio r\u016bg\u0161timi &#8211; tai preparatas, kurio sud\u0117tyje yra gele\u017eies drusk\u0173, folio r\u016bg\u0161ties ir kai kuri\u0173 vitamin\u0173 (C, B12). Skirtas gele\u017eies tr\u016bkumui organizme papildyti ir aneminiam poveikiui ma\u017einti. \u0160iuose kompleksuose esanti folio r\u016bg\u0161tis pagerina klinikin\u012f vaist\u0173 poveik\u012f ir pagerina gele\u017eies jon\u0173 absorbcij\u0105. Be to, folio r\u016bg\u0161tis b\u016btina normaliam megaloblast\u0173 [&hellip;]<\/p>\n","protected":false},"featured_media":10937,"comment_status":"open","ping_status":"closed","template":"","meta":[],"product_brand":[],"product_cat":[217,220],"product_tag":[],"class_list":{"0":"post-10939","1":"product","2":"type-product","3":"status-publish","4":"has-post-thumbnail","6":"product_cat-sveikatos-prieziura","7":"product_cat-zarnyno-sveikata","9":"first","10":"instock","11":"shipping-taxable","12":"purchasable","13":"product-type-simple"},"_links":{"self":[{"href":"https:\/\/beautysba.co.uk\/lt\/wp-json\/wp\/v2\/product\/10939","targetHints":{"allow":["GET"]}}],"collection":[{"href":"https:\/\/beautysba.co.uk\/lt\/wp-json\/wp\/v2\/product"}],"about":[{"href":"https:\/\/beautysba.co.uk\/lt\/wp-json\/wp\/v2\/types\/product"}],"replies":[{"embeddable":true,"href":"https:\/\/beautysba.co.uk\/lt\/wp-json\/wp\/v2\/comments?post=10939"}],"wp:featuredmedia":[{"embeddable":true,"href":"https:\/\/beautysba.co.uk\/lt\/wp-json\/wp\/v2\/media\/10937"}],"wp:attachment":[{"href":"https:\/\/beautysba.co.uk\/lt\/wp-json\/wp\/v2\/media?parent=10939"}],"wp:term":[{"taxonomy":"product_brand","embeddable":true,"href":"https:\/\/beautysba.co.uk\/lt\/wp-json\/wp\/v2\/product_brand?post=10939"},{"taxonomy":"product_cat","embeddable":true,"href":"https:\/\/beautysba.co.uk\/lt\/wp-json\/wp\/v2\/product_cat?post=10939"},{"taxonomy":"product_tag","embeddable":true,"href":"https:\/\/beautysba.co.uk\/lt\/wp-json\/wp\/v2\/product_tag?post=10939"}],"curies":[{"name":"wp","href":"https:\/\/api.w.org\/{rel}","templated":true}]}}