{"id":11015,"date":"2023-07-15T19:05:08","date_gmt":"2023-07-15T19:05:08","guid":{"rendered":"https:\/\/beautysba.co.uk\/product\/%d0%ba%d0%b8%d1%82%d0%b0%d0%b9%d1%81%d0%ba%d0%b8%d0%b9-%d1%82%d1%80%d0%b0%d0%b2%d1%8f%d0%bd%d0%be%d0%b9-%d1%87%d0%b0%d0%b9-%d0%b4%d0%bb%d1%8f-%d0%bf%d0%be%d1%85%d1%83%d0%b4%d0%b5%d0%bd%d0%b8%d1%8f-30\/"},"modified":"2023-07-15T19:25:12","modified_gmt":"2023-07-15T19:25:12","slug":"kinu-zoleliu-svorio-netekimo-arbata-30","status":"publish","type":"product","link":"https:\/\/beautysba.co.uk\/lt\/produktas\/kinu-zoleliu-svorio-netekimo-arbata-30\/","title":{"rendered":"Kin\u0173 vaista\u017eoli\u0173 arbata svoriui ma\u017einti, 30 paket\u0117li\u0173"},"content":{"rendered":"<p>Veiksmas:<\/p>\n<p>Svorio metimas:<br \/>\n\u017doleli\u0173 arbata padeda ma\u017einti svor\u012f ir riebalus. Reguliuoja vir\u0161kinamojo trakto veikl\u0105.<\/p>\n<p>Valomasis poveikis (detoksikacija):<br \/>\n\u017dalioji arbata kartu su kitomis \u017eolel\u0117mis turi valom\u0105j\u012f poveik\u012f organizmui ir padeda suma\u017einti toksin\u0173 kiek\u012f.<\/p>\n<p>vidurius laisvinantis poveikis:<br \/>\n\u017doleli\u0173 arbata veiksmingai padeda nuo viduri\u0173 u\u017ekiet\u0117jimo. Pirmosiomis dienomis d\u0117l valom\u0173j\u0173 ir vidurius laisvinan\u010di\u0173 \u017eoleli\u0173 savybi\u0173 gali atsirasti diegli\u0173.<\/p>\n<p>Turinys:<\/p>\n<p>Malva, bambuko lapai, abrikosai, lotosas, \u017ealioji arbata.<\/p>\n<p>Taikymo b\u016bdas:<\/p>\n<p>Vien\u0105 200 ml filtro pakuot\u0119 2-3 minutes palaikykite kar\u0161tame vandenyje. Gerkite vien\u0105 kart\u0105 prie\u0161 mieg\u0105 po valgio.<\/p>\n<p>Nenaudoti n\u0117\u0161\u010dioms moterims ir jaunesniems nei 12 met\u0173 vaikams.<\/p>\n<p>Pakuot\u0117: 30 filtr\u0173 pakuo\u010di\u0173 po 2,5 g<\/p>\n","protected":false},"excerpt":{"rendered":"<p>Veiksmas: Svorio metimas: \u017doleli\u0173 arbata padeda ma\u017einti svor\u012f ir riebalus. Reguliuoja vir\u0161kinamojo trakto veikl\u0105. Valomasis poveikis (detoksikacija): \u017dalioji arbata kartu su kitomis \u017eolel\u0117mis turi valom\u0105j\u012f poveik\u012f organizmui ir padeda suma\u017einti toksin\u0173 kiek\u012f. vidurius laisvinantis poveikis: \u017doleli\u0173 arbata veiksmingai padeda nuo viduri\u0173 u\u017ekiet\u0117jimo. Pirmosiomis dienomis d\u0117l valom\u0173j\u0173 ir vidurius laisvinan\u010di\u0173 \u017eoleli\u0173 savybi\u0173 gali atsirasti diegli\u0173. Turinys: [&hellip;]<\/p>\n","protected":false},"featured_media":11013,"comment_status":"open","ping_status":"closed","template":"","meta":[],"product_brand":[],"product_cat":[217,270],"product_tag":[],"class_list":{"0":"post-11015","1":"product","2":"type-product","3":"status-publish","4":"has-post-thumbnail","6":"product_cat-sveikatos-prieziura","7":"product_cat----lt","9":"first","10":"outofstock","11":"shipping-taxable","12":"purchasable","13":"product-type-simple"},"_links":{"self":[{"href":"https:\/\/beautysba.co.uk\/lt\/wp-json\/wp\/v2\/product\/11015","targetHints":{"allow":["GET"]}}],"collection":[{"href":"https:\/\/beautysba.co.uk\/lt\/wp-json\/wp\/v2\/product"}],"about":[{"href":"https:\/\/beautysba.co.uk\/lt\/wp-json\/wp\/v2\/types\/product"}],"replies":[{"embeddable":true,"href":"https:\/\/beautysba.co.uk\/lt\/wp-json\/wp\/v2\/comments?post=11015"}],"wp:featuredmedia":[{"embeddable":true,"href":"https:\/\/beautysba.co.uk\/lt\/wp-json\/wp\/v2\/media\/11013"}],"wp:attachment":[{"href":"https:\/\/beautysba.co.uk\/lt\/wp-json\/wp\/v2\/media?parent=11015"}],"wp:term":[{"taxonomy":"product_brand","embeddable":true,"href":"https:\/\/beautysba.co.uk\/lt\/wp-json\/wp\/v2\/product_brand?post=11015"},{"taxonomy":"product_cat","embeddable":true,"href":"https:\/\/beautysba.co.uk\/lt\/wp-json\/wp\/v2\/product_cat?post=11015"},{"taxonomy":"product_tag","embeddable":true,"href":"https:\/\/beautysba.co.uk\/lt\/wp-json\/wp\/v2\/product_tag?post=11015"}],"curies":[{"name":"wp","href":"https:\/\/api.w.org\/{rel}","templated":true}]}}