{"id":11027,"date":"2023-07-15T19:10:56","date_gmt":"2023-07-15T19:10:56","guid":{"rendered":"https:\/\/beautysba.co.uk\/product\/%d0%ba%d0%b0%d0%bb%d1%8c%d1%86%d0%b8%d0%b9-%d0%bc%d0%b0%d0%b3%d0%bd%d0%b8%d0%b9-%d1%86%d0%b8%d0%bd%d0%ba%d0%b2%d0%b8%d1%82%d0%b0%d0%bc%d0%b8%d0%bd-d3-%d1%84%d0%be%d1%80%d1%82%d0%b5-%d0%bf%d0%b8\/"},"modified":"2023-09-03T07:59:00","modified_gmt":"2023-09-03T07:59:00","slug":"kalcio-magnio-cinko-vitamino-d3-forte-pi","status":"publish","type":"product","link":"https:\/\/beautysba.co.uk\/lt\/produktas\/kalcio-magnio-cinko-vitamino-d3-forte-pi\/","title":{"rendered":"Kalcis, magnis, cinkas + vitaminas D3 Forte. Maisto papildas, 60 table\u010di\u0173."},"content":{"rendered":"<p>Kalcis ir vitaminas K1 skatina sveikus dantis, normal\u0173 kraujo kre\u0161\u0117jim\u0105.<\/p>\n<p>Magnis ir vitaminas B6 padeda: ma\u017einti nuovarg\u012f, u\u017etikrinti normali\u0105 nerv\u0173 sistemos veikl\u0105.<\/p>\n<p>Vitaminas D3 skatina kalcio \u012fsisavinim\u0105, sveikus dantis ir kaulus.<\/p>\n<p>Veikliosios med\u017eiagos 1 tablet\u0117je ir % RNP* :<\/p>\n<p>Kalcis 400 mg (50 %), magnis 187,50 mg (50 %), cinkas 5 mg (50 %), vitaminas B6 0,7 mg (50 %), vitaminas D3 2,5 \u00b5g (50 %), vitaminas K1 37,5 \u00b5g (50 %)<\/p>\n<p>* rekomenduojamos suvartojimo normos<\/p>\n<p>Rekomenduojama doz\u0117: suaugusiesiems ir vaikams nuo 12 met\u0173 1-2 tablet\u0117s per dien\u0105 po valgio, u\u017egeriant pakankamu kiekiu skys\u010dio. Neskirta jaunesniems nei 12 met\u0173 vaikams. Nevir\u0161ykite rekomenduojamos paros doz\u0117s. Produktas n\u0117ra skirtas pakeisti subalansuot\u0105 mityb\u0105.<\/p>\n<p>Sudedamosios dalys: kalcio karbonatas, magnio oksidas, saldikliai: sorbitolis, cinko citratas, stabilizatorius: polietilenglikolis, u\u017epildas: mikrokristalin\u0117 celiulioz\u0117, lipnum\u0105 reguliuojanti med\u017eiaga: riebal\u0173 r\u016bg\u0161\u010di\u0173 magnio druskos, piridoksino hidrochloridas, filochinonas, cholekalciferolis.<\/p>\n","protected":false},"excerpt":{"rendered":"<p>Kalcis ir vitaminas K1 skatina sveikus dantis, normal\u0173 kraujo kre\u0161\u0117jim\u0105. Magnis ir vitaminas B6 padeda: ma\u017einti nuovarg\u012f, u\u017etikrinti normali\u0105 nerv\u0173 sistemos veikl\u0105. Vitaminas D3 skatina kalcio \u012fsisavinim\u0105, sveikus dantis ir kaulus. Veikliosios med\u017eiagos 1 tablet\u0117je ir % RNP* : Kalcis 400 mg (50 %), magnis 187,50 mg (50 %), cinkas 5 mg (50 %), vitaminas [&hellip;]<\/p>\n","protected":false},"featured_media":11025,"comment_status":"open","ping_status":"closed","template":"","meta":[],"product_brand":[],"product_cat":[217,220],"product_tag":[],"class_list":{"0":"post-11027","1":"product","2":"type-product","3":"status-publish","4":"has-post-thumbnail","6":"product_cat-sveikatos-prieziura","7":"product_cat-zarnyno-sveikata","9":"first","10":"outofstock","11":"shipping-taxable","12":"purchasable","13":"product-type-simple"},"_links":{"self":[{"href":"https:\/\/beautysba.co.uk\/lt\/wp-json\/wp\/v2\/product\/11027","targetHints":{"allow":["GET"]}}],"collection":[{"href":"https:\/\/beautysba.co.uk\/lt\/wp-json\/wp\/v2\/product"}],"about":[{"href":"https:\/\/beautysba.co.uk\/lt\/wp-json\/wp\/v2\/types\/product"}],"replies":[{"embeddable":true,"href":"https:\/\/beautysba.co.uk\/lt\/wp-json\/wp\/v2\/comments?post=11027"}],"wp:featuredmedia":[{"embeddable":true,"href":"https:\/\/beautysba.co.uk\/lt\/wp-json\/wp\/v2\/media\/11025"}],"wp:attachment":[{"href":"https:\/\/beautysba.co.uk\/lt\/wp-json\/wp\/v2\/media?parent=11027"}],"wp:term":[{"taxonomy":"product_brand","embeddable":true,"href":"https:\/\/beautysba.co.uk\/lt\/wp-json\/wp\/v2\/product_brand?post=11027"},{"taxonomy":"product_cat","embeddable":true,"href":"https:\/\/beautysba.co.uk\/lt\/wp-json\/wp\/v2\/product_cat?post=11027"},{"taxonomy":"product_tag","embeddable":true,"href":"https:\/\/beautysba.co.uk\/lt\/wp-json\/wp\/v2\/product_tag?post=11027"}],"curies":[{"name":"wp","href":"https:\/\/api.w.org\/{rel}","templated":true}]}}