{"id":11103,"date":"2023-08-12T20:17:10","date_gmt":"2023-08-12T20:17:10","guid":{"rendered":"https:\/\/beautysba.co.uk\/product\/%d0%b1%d0%b0%d0%bb%d1%8c%d0%b7%d0%b0%d0%bc-dr-sante-keratin-%d0%b1%d0%bb%d0%b5%d1%81%d0%ba-%d0%b8-%d1%8d%d0%bb%d0%b0%d1%81%d1%82%d0%b8%d1%87%d0%bd%d0%be%d1%81%d1%82%d1%8c-200-%d0%bc%d0%bb\/"},"modified":"2023-12-28T11:31:13","modified_gmt":"2023-12-28T11:31:13","slug":"balzamas-dr-sante-keratino-blizgesys-ir-elastingumas-200ml","status":"publish","type":"product","link":"https:\/\/beautysba.co.uk\/lt\/produktas\/balzamas-dr-sante-keratino-blizgesys-ir-elastingumas-200ml\/","title":{"rendered":"Dr.Sante Keratino blizgesio ir elastingumo balzamas, 200 ml"},"content":{"rendered":"<p>Keratinas + argininas + kolagenas<br \/>\nPlauk\u0173 strukt\u016bros atk\u016brimas<br \/>\nPlauk\u0173 blizgesys ir elastingumas<br \/>\nNuobodiems ir l\u016b\u017ein\u0117jantiems plaukams<br \/>\n0% paraben\u0173, mineralini\u0173 aliej\u0173<\/p>\n<p>Balzamas su baltym\u0173 kompleksu apsaugo plaukus nuo aplinkos poveikio (v\u0117jo, saul\u0117s, \u0161al\u010dio), u\u017etikrina termin\u0119 plauk\u0173 apsaug\u0105 (plauk\u0173 d\u017eiovintuvas, lygintuvas), apsaugo nuo l\u016b\u017ein\u0117jimo ir nuovargio, dr\u0117kina ir maitina, palengvina \u0161ukavim\u0105.<\/p>\n<p>Rezultatas: gerai pri\u017ei\u016br\u0117ti plaukai per vis\u0105 ilg\u012f.<\/p>\n","protected":false},"excerpt":{"rendered":"<p>Keratinas + argininas + kolagenas Plauk\u0173 strukt\u016bros atk\u016brimas Plauk\u0173 blizgesys ir elastingumas Nuobodiems ir l\u016b\u017ein\u0117jantiems plaukams 0% paraben\u0173, mineralini\u0173 aliej\u0173 Balzamas su baltym\u0173 kompleksu apsaugo plaukus nuo aplinkos poveikio (v\u0117jo, saul\u0117s, \u0161al\u010dio), u\u017etikrina termin\u0119 plauk\u0173 apsaug\u0105 (plauk\u0173 d\u017eiovintuvas, lygintuvas), apsaugo nuo l\u016b\u017ein\u0117jimo ir nuovargio, dr\u0117kina ir maitina, palengvina \u0161ukavim\u0105. Rezultatas: gerai pri\u017ei\u016br\u0117ti plaukai per vis\u0105 [&hellip;]<\/p>\n","protected":false},"featured_media":11101,"comment_status":"open","ping_status":"closed","template":"","meta":[],"product_brand":[],"product_cat":[211,212],"product_tag":[],"class_list":{"0":"post-11103","1":"product","2":"type-product","3":"status-publish","4":"has-post-thumbnail","6":"product_cat-hair-lt","7":"product_cat-kondicionieriai-balzamai","9":"first","10":"outofstock","11":"shipping-taxable","12":"purchasable","13":"product-type-simple"},"_links":{"self":[{"href":"https:\/\/beautysba.co.uk\/lt\/wp-json\/wp\/v2\/product\/11103","targetHints":{"allow":["GET"]}}],"collection":[{"href":"https:\/\/beautysba.co.uk\/lt\/wp-json\/wp\/v2\/product"}],"about":[{"href":"https:\/\/beautysba.co.uk\/lt\/wp-json\/wp\/v2\/types\/product"}],"replies":[{"embeddable":true,"href":"https:\/\/beautysba.co.uk\/lt\/wp-json\/wp\/v2\/comments?post=11103"}],"wp:featuredmedia":[{"embeddable":true,"href":"https:\/\/beautysba.co.uk\/lt\/wp-json\/wp\/v2\/media\/11101"}],"wp:attachment":[{"href":"https:\/\/beautysba.co.uk\/lt\/wp-json\/wp\/v2\/media?parent=11103"}],"wp:term":[{"taxonomy":"product_brand","embeddable":true,"href":"https:\/\/beautysba.co.uk\/lt\/wp-json\/wp\/v2\/product_brand?post=11103"},{"taxonomy":"product_cat","embeddable":true,"href":"https:\/\/beautysba.co.uk\/lt\/wp-json\/wp\/v2\/product_cat?post=11103"},{"taxonomy":"product_tag","embeddable":true,"href":"https:\/\/beautysba.co.uk\/lt\/wp-json\/wp\/v2\/product_tag?post=11103"}],"curies":[{"name":"wp","href":"https:\/\/api.w.org\/{rel}","templated":true}]}}