{"id":11127,"date":"2023-08-12T20:44:16","date_gmt":"2023-08-12T20:44:16","guid":{"rendered":"https:\/\/beautysba.co.uk\/product\/like-me-%d0%bc%d0%b0%d1%82%d0%b8%d1%80%d1%83%d1%8e%d1%89%d0%b0%d1%8f-%d0%b4%d0%b5%d1%82%d0%be%d0%ba%d1%81-%d0%bc%d0%b0%d1%81%d0%ba%d0%b0-%d0%b4%d0%bb%d1%8f-%d1%81%d1%83%d0%b6%d0%b5%d0%bd%d0%b8%d1%8f\/"},"modified":"2023-08-12T21:12:21","modified_gmt":"2023-08-12T21:12:21","slug":"kaip-me-maitinanti-detoksikuojanti-dziovinanti-dziovinanti-kauke","status":"publish","type":"product","link":"https:\/\/beautysba.co.uk\/lt\/produktas\/kaip-me-maitinanti-detoksikuojanti-dziovinanti-dziovinanti-kauke\/","title":{"rendered":"&#8220;Like Me&#8221; matin\u0117 DETOX kauk\u0117 veidui poras ma\u017einanti kauk\u0117 su \u017ealiuoju moliu 75 ml"},"content":{"rendered":"<p>VITEKS detoksikacin\u0117 kauk\u0117, kuri pad\u0117s kontroliuoti rieb\u0173 blizges\u012f ir por\u0173 dyd\u012f. Naujovi\u0161kas, \u012frodyto veikimo ingredient\u0173 derinys veikia greitai ir veiksmingai: valo od\u0105, ma\u017eina poras, \u0161alina toksinus, normalizuoja sebor\u0117jos reguliacij\u0105, suteikia ilgalaikio mati\u0161kumo ir aksominio \u0161velnumo.<\/p>\n<p>\u017daliasis molis puikiai tinka mi\u0161riai odai su i\u0161sipl\u0117tusiomis poromis arba linkusiai riebaluotis. Sugeria ne\u0161varumus, padeda i\u0161vengti por\u0173 u\u017esikim\u0161imo, prisotina od\u0105 svarbiausi\u0173 mikroelement\u0173, atgaivina od\u0105, pagerina jos stangrum\u0105 ir elastingum\u0105.<br \/>\nBaltasis molis (kaolinas) teigiamai veikia riebi\u0105 ir \u012f akn\u0119 linkusi\u0105 od\u0105, ramina, veikia prie\u0161u\u017edegimi\u0161kai ir detoksikuojan\u010diai, d\u017eiovina esamus u\u017edegimus ir greitina j\u0173 gijim\u0105.<br \/>\nEGG-COLLAGEN kompleksas &#8211; kolageno, ferment\u0173, B grup\u0117s vitamin\u0173 ir mineral\u0173 \u0161altinis, kuris didina odos ir por\u0173 sieneli\u0173 elastingum\u0105, tod\u0117l i\u0161sipl\u0117tusios poros palaipsniui susitraukia ir suma\u017e\u0117ja. Kiau\u0161inio baltymas padeda kovoti su aktyvia riebalini\u0173 liauk\u0173 veikla ir pastebimai susiaurina poras, veiksmingai \u0161alina riebalus i\u0161 giliai porose esan\u010di\u0173 viet\u0173, naikina juodas d\u0117mes ir u\u017ekerta keli\u0105 j\u0173 atsiradimui. Jis padeda i\u0161laikyti dr\u0117gm\u0119, sukurdamas vandens atsargas odoje, tod\u0117l mink\u0161tina ir lygina od\u0105 bei apsaugo j\u0105 nuo saus\u0173 d\u0117mi\u0173 atsiradimo.<br \/>\nEpidermistas (unikalus nat\u016bralios kilm\u0117s komponentas)<br \/>\nSiaurina poras (-11 % viso matomo por\u0173 ploto)*<br \/>\nLygesn\u0117 oda (-19 % \u0161iurk\u0161tumo)*<br \/>\n\u0160viesesn\u0117 oda (pasteb\u0117ta 64 % savanori\u0173)*<br \/>\nMa\u017eina u\u017edegimo ir paraudimo sukelt\u0173 bakterij\u0173 dauginim\u0105si (-10 %)*<br \/>\nSuma\u017eina odos reaktyvum\u0105 (-37 %)*<br \/>\nGerina l\u0105steli\u0173 atsinaujinim\u0105 (+31%)*<\/p>\n<p>&#8220;Phytotal Os&#8221; giliai valo od\u0105, sutraukia poras, reguliuoja riebal\u0173 gamyb\u0105 ir atkuria nat\u016brali\u0105 odos pusiausvyr\u0105.<br \/>\nPersik\u0173 ir taukmed\u017eio sviestai maitina ir dr\u0117kina od\u0105, tod\u0117l ji tampa \u0161velni ir \u0161ilkin\u0117.<br \/>\n* \u012frod\u0117 \u201eCodif\u201c (Pranc\u016bzija)<\/p>\n","protected":false},"excerpt":{"rendered":"<p>VITEKS detoksikacin\u0117 kauk\u0117, kuri pad\u0117s kontroliuoti rieb\u0173 blizges\u012f ir por\u0173 dyd\u012f. Naujovi\u0161kas, \u012frodyto veikimo ingredient\u0173 derinys veikia greitai ir veiksmingai: valo od\u0105, ma\u017eina poras, \u0161alina toksinus, normalizuoja sebor\u0117jos reguliacij\u0105, suteikia ilgalaikio mati\u0161kumo ir aksominio \u0161velnumo. \u017daliasis molis puikiai tinka mi\u0161riai odai su i\u0161sipl\u0117tusiomis poromis arba linkusiai riebaluotis. Sugeria ne\u0161varumus, padeda i\u0161vengti por\u0173 u\u017esikim\u0161imo, prisotina od\u0105 [&hellip;]<\/p>\n","protected":false},"featured_media":11125,"comment_status":"open","ping_status":"closed","template":"","meta":[],"product_brand":[],"product_cat":[125,128,127,204],"product_tag":[],"class_list":{"0":"post-11127","1":"product","2":"type-product","3":"status-publish","4":"has-post-thumbnail","6":"product_cat-ispardavimas","7":"product_cat-spuogu-demiu-gydymas","8":"product_cat-veidas","9":"product_cat-veido-kaukes","11":"first","12":"outofstock","13":"sale","14":"shipping-taxable","15":"purchasable","16":"product-type-simple"},"_links":{"self":[{"href":"https:\/\/beautysba.co.uk\/lt\/wp-json\/wp\/v2\/product\/11127","targetHints":{"allow":["GET"]}}],"collection":[{"href":"https:\/\/beautysba.co.uk\/lt\/wp-json\/wp\/v2\/product"}],"about":[{"href":"https:\/\/beautysba.co.uk\/lt\/wp-json\/wp\/v2\/types\/product"}],"replies":[{"embeddable":true,"href":"https:\/\/beautysba.co.uk\/lt\/wp-json\/wp\/v2\/comments?post=11127"}],"wp:featuredmedia":[{"embeddable":true,"href":"https:\/\/beautysba.co.uk\/lt\/wp-json\/wp\/v2\/media\/11125"}],"wp:attachment":[{"href":"https:\/\/beautysba.co.uk\/lt\/wp-json\/wp\/v2\/media?parent=11127"}],"wp:term":[{"taxonomy":"product_brand","embeddable":true,"href":"https:\/\/beautysba.co.uk\/lt\/wp-json\/wp\/v2\/product_brand?post=11127"},{"taxonomy":"product_cat","embeddable":true,"href":"https:\/\/beautysba.co.uk\/lt\/wp-json\/wp\/v2\/product_cat?post=11127"},{"taxonomy":"product_tag","embeddable":true,"href":"https:\/\/beautysba.co.uk\/lt\/wp-json\/wp\/v2\/product_tag?post=11127"}],"curies":[{"name":"wp","href":"https:\/\/api.w.org\/{rel}","templated":true}]}}