{"id":11164,"date":"2023-08-12T21:02:59","date_gmt":"2023-08-12T21:02:59","guid":{"rendered":"https:\/\/beautysba.co.uk\/product\/%d0%b0%d0%bd%d1%82%d0%b8%d1%86%d0%b5%d0%bb%d0%bb%d1%8e%d0%bb%d0%b8%d1%82%d0%bd%d1%8b%d0%b9-%d0%bc%d0%b0%d1%81%d1%81%d0%b0%d0%b6%d0%b5%d1%80-inter-vion-%d1%80%d0%be%d0%b7%d0%be%d0%b2%d1%8b%d0%b9\/"},"modified":"2023-09-03T14:25:48","modified_gmt":"2023-09-03T14:25:48","slug":"anticeliulitinis-masazuoklis-inter-vion-pink","status":"publish","type":"product","link":"https:\/\/beautysba.co.uk\/lt\/produktas\/anticeliulitinis-masazuoklis-inter-vion-pink\/","title":{"rendered":"INTER-VION ANTICELLULITINIS MASA\u017dUOTOJAS Ro\u017einis"},"content":{"rendered":"<p>Anticeliulitinis masa\u017euoklis yra nepakei\u010diamas prietaisas kovoje su celiulitu. Skirtingo dyd\u017eio i\u0161kilimai masa\u017euoja od\u0105, tod\u0117l riebalai skyla. Masa\u017euoklis labai pagerina odos kraujotak\u0105, tod\u0117l anticeliulitinis preparatas \u012fsisavinamas daug geriau. Ergonomi\u0161ka forma ir patogi rankena u\u017etikrina patog\u0173 naudojim\u0105.<\/p>\n","protected":false},"excerpt":{"rendered":"<p>Anticeliulitinis masa\u017euoklis yra nepakei\u010diamas prietaisas kovoje su celiulitu. Skirtingo dyd\u017eio i\u0161kilimai masa\u017euoja od\u0105, tod\u0117l riebalai skyla. Masa\u017euoklis labai pagerina odos kraujotak\u0105, tod\u0117l anticeliulitinis preparatas \u012fsisavinamas daug geriau. Ergonomi\u0161ka forma ir patogi rankena u\u017etikrina patog\u0173 naudojim\u0105.<\/p>\n","protected":false},"featured_media":11162,"comment_status":"open","ping_status":"closed","template":"","meta":[],"product_brand":[],"product_cat":[120,125,119],"product_tag":[],"class_list":{"0":"post-11164","1":"product","2":"type-product","3":"status-publish","4":"has-post-thumbnail","6":"product_cat-anticeliulitines-priemones","7":"product_cat-ispardavimas","8":"product_cat-kuno-produktai","10":"first","11":"outofstock","12":"sale","13":"shipping-taxable","14":"purchasable","15":"product-type-simple"},"_links":{"self":[{"href":"https:\/\/beautysba.co.uk\/lt\/wp-json\/wp\/v2\/product\/11164","targetHints":{"allow":["GET"]}}],"collection":[{"href":"https:\/\/beautysba.co.uk\/lt\/wp-json\/wp\/v2\/product"}],"about":[{"href":"https:\/\/beautysba.co.uk\/lt\/wp-json\/wp\/v2\/types\/product"}],"replies":[{"embeddable":true,"href":"https:\/\/beautysba.co.uk\/lt\/wp-json\/wp\/v2\/comments?post=11164"}],"wp:featuredmedia":[{"embeddable":true,"href":"https:\/\/beautysba.co.uk\/lt\/wp-json\/wp\/v2\/media\/11162"}],"wp:attachment":[{"href":"https:\/\/beautysba.co.uk\/lt\/wp-json\/wp\/v2\/media?parent=11164"}],"wp:term":[{"taxonomy":"product_brand","embeddable":true,"href":"https:\/\/beautysba.co.uk\/lt\/wp-json\/wp\/v2\/product_brand?post=11164"},{"taxonomy":"product_cat","embeddable":true,"href":"https:\/\/beautysba.co.uk\/lt\/wp-json\/wp\/v2\/product_cat?post=11164"},{"taxonomy":"product_tag","embeddable":true,"href":"https:\/\/beautysba.co.uk\/lt\/wp-json\/wp\/v2\/product_tag?post=11164"}],"curies":[{"name":"wp","href":"https:\/\/api.w.org\/{rel}","templated":true}]}}