{"id":11170,"date":"2023-08-12T21:05:23","date_gmt":"2023-08-12T21:05:23","guid":{"rendered":"https:\/\/beautysba.co.uk\/product\/%d1%89%d0%b5%d1%82%d0%ba%d0%b0-%d0%b4%d0%bb%d1%8f-%d0%b2%d0%be%d0%bb%d0%be%d1%81-killys-%d1%81-%d0%b0%d1%80%d0%be%d0%bc%d0%b0%d1%82%d0%be%d0%bc-%d0%bb%d0%b0%d0%b2%d0%b0%d0%bd%d0%b4%d1%8b-color-love\/"},"modified":"2026-04-24T09:33:13","modified_gmt":"2026-04-24T09:33:13","slug":"levandu-kvapo-killys-plauku-sepetys-raudona-meile","status":"publish","type":"product","link":"https:\/\/beautysba.co.uk\/lt\/produktas\/levandu-kvapo-killys-plauku-sepetys-raudona-meile\/","title":{"rendered":"&#8220;KillyS&#8221; levand\u0173 kvapo plauk\u0173 \u0161epetys &#8220;Color Love"},"content":{"rendered":"<p>Naujoji pranc\u016bz\u0173 prek\u0117s \u017eenklo &#8220;KillyS&#8221; \u0161uk\u0173 kolekcija &#8220;Color Love&#8221; d\u017eiugina ne tik spalvomis, bet ir kvapais.<\/p>\n<p>Unikalus levand\u0173 kvapo plauk\u0173 \u0161epetys su specialia lanks\u010dia spyruokline konstrukcija, kuri palengvina \u0161ukavim\u0105. D\u0117l \u0161ereli\u0173 formos jis idealiai tinka tiek sausiems, tiek dr\u0117gniems plaukams, \u0161velniai i\u0161\u0161ukuoja sruogas ir padeda i\u0161narplioti mazgus!<\/p>\n<p>Nuostabus levand\u0173 kvapas suteiks nauj\u0173, maloni\u0173 poj\u016b\u010di\u0173 j\u016bs\u0173 kasdienei plauk\u0173 prie\u017ei\u016bros rutinai.<\/p>\n","protected":false},"excerpt":{"rendered":"<p>Naujoji pranc\u016bz\u0173 prek\u0117s \u017eenklo &#8220;KillyS&#8221; \u0161uk\u0173 kolekcija &#8220;Color Love&#8221; d\u017eiugina ne tik spalvomis, bet ir kvapais. Unikalus levand\u0173 kvapo plauk\u0173 \u0161epetys su specialia lanks\u010dia spyruokline konstrukcija, kuri palengvina \u0161ukavim\u0105. D\u0117l \u0161ereli\u0173 formos jis idealiai tinka tiek sausiems, tiek dr\u0117gniems plaukams, \u0161velniai i\u0161\u0161ukuoja sruogas ir padeda i\u0161narplioti mazgus! Nuostabus levand\u0173 kvapas suteiks nauj\u0173, maloni\u0173 poj\u016b\u010di\u0173 j\u016bs\u0173 [&hellip;]<\/p>\n","protected":false},"featured_media":11168,"comment_status":"open","ping_status":"closed","template":"","meta":[],"product_brand":[],"product_cat":[211,125,267],"product_tag":[],"class_list":{"0":"post-11170","1":"product","2":"type-product","3":"status-publish","4":"has-post-thumbnail","6":"product_cat-hair-lt","7":"product_cat-ispardavimas","8":"product_cat--lt","10":"first","11":"instock","12":"sale","13":"shipping-taxable","14":"purchasable","15":"product-type-simple"},"_links":{"self":[{"href":"https:\/\/beautysba.co.uk\/lt\/wp-json\/wp\/v2\/product\/11170","targetHints":{"allow":["GET"]}}],"collection":[{"href":"https:\/\/beautysba.co.uk\/lt\/wp-json\/wp\/v2\/product"}],"about":[{"href":"https:\/\/beautysba.co.uk\/lt\/wp-json\/wp\/v2\/types\/product"}],"replies":[{"embeddable":true,"href":"https:\/\/beautysba.co.uk\/lt\/wp-json\/wp\/v2\/comments?post=11170"}],"wp:featuredmedia":[{"embeddable":true,"href":"https:\/\/beautysba.co.uk\/lt\/wp-json\/wp\/v2\/media\/11168"}],"wp:attachment":[{"href":"https:\/\/beautysba.co.uk\/lt\/wp-json\/wp\/v2\/media?parent=11170"}],"wp:term":[{"taxonomy":"product_brand","embeddable":true,"href":"https:\/\/beautysba.co.uk\/lt\/wp-json\/wp\/v2\/product_brand?post=11170"},{"taxonomy":"product_cat","embeddable":true,"href":"https:\/\/beautysba.co.uk\/lt\/wp-json\/wp\/v2\/product_cat?post=11170"},{"taxonomy":"product_tag","embeddable":true,"href":"https:\/\/beautysba.co.uk\/lt\/wp-json\/wp\/v2\/product_tag?post=11170"}],"curies":[{"name":"wp","href":"https:\/\/api.w.org\/{rel}","templated":true}]}}