{"id":11260,"date":"2023-09-14T06:16:40","date_gmt":"2023-09-14T06:16:40","guid":{"rendered":"https:\/\/beautysba.co.uk\/product\/%d0%b0%d0%ba%d1%82%d0%b8%d0%b2%d0%bd%d1%8b%d0%b9-%d1%84%d0%bb%d1%8e%d0%b8%d0%b4-%d0%ba%d0%be%d1%80%d1%80%d0%b5%d0%ba%d1%82%d0%be%d1%80-%d0%b4%d0%bb%d1%8f-%d0%b2%d0%b5%d0%ba-%d0%bf%d1%80%d0%be%d1%82\/"},"modified":"2023-09-14T06:30:26","modified_gmt":"2023-09-14T06:30:26","slug":"active-fluid-fluid-corrector-for-eye-prot","status":"publish","type":"product","link":"https:\/\/beautysba.co.uk\/lt\/produktas\/active-fluid-fluid-corrector-for-eye-prot\/","title":{"rendered":"&#8220;Bio-tox Snail Active Eye Corrector FLUID&#8221; 30 g"},"content":{"rendered":"<p>\u0160is skystis yra daugialamelin\u0117 emulsija (Multi-Lamellar Emulsion), kurios strukt\u016bra yra kuo artimesn\u0117 epidermio lipidini\u0173 sluoksni\u0173 strukt\u016brai, tod\u0117l produktas yra fiziologi\u0161kas ir suderinamas su bet kokio tipo oda. Jis intensyviai atkuria pa\u017eeistas vietas, ma\u017eina dr\u0117gm\u0117s praradim\u0105, stiprina odos apsaugin\u012f barjer\u0105 ir skatina veikli\u0173j\u0173 med\u017eiag\u0173 skverbim\u0105si \u012f gilesnius odos sluoksnius.<br \/>\nSuteikia malon\u0173 lyt\u0117jimo poj\u016bt\u012f, tirpstanti \u0161ilkin\u0117 produkto tekst\u016bra, lengvas ir greitai \u012fsigeria be lipnios ir riebios pl\u0117vel\u0117s poj\u016b\u010dio.<\/p>\n<p>Veikliosios med\u017eiagos:<br \/>\nbiomimetinis peptidas HER\u2122-018 i\u0161 k\u016bgini\u0173 sraigi\u0173 nuod\u0173 (3%)<br \/>\nnat\u016bralus sen\u0117jim\u0105 stabdantis veiksnys GABA, \u03b3-aminom sviesto r\u016bg\u0161tis (0,3 %)<br \/>\nalantoinas<br \/>\nvitaminas E<br \/>\nargano aliejus<br \/>\nmicroshimmer<br \/>\n Veiksmas:<br \/>\nma\u017eina raumen\u0173 \u012ftamp\u0105 ir lygina od\u0105, akivaizd\u017eiai ma\u017eina \u0161un\u0173 p\u0117das ir l\u0117tina nauj\u0173 p\u0117d\u0173 formavim\u0105si.<br \/>\nmaitina ir dr\u0117kina jautri\u0105 aki\u0173 srit\u012f<br \/>\nma\u017eina aki\u0173 nuovargio simptomus, apsaugo nuo \u012fsitempimo ir diskomforto jausmo.<br \/>\nakimirksniu vizualiai i\u0161lygina ir i\u0161lygina od\u0105, tod\u0117l netobulumai tampa ma\u017eiau matomi.<br \/>\nturi apsaugos nuo tar\u0161os poveik\u012f<br \/>\ngerina odos elastingum\u0105 ir tankum\u0105.<br \/>\npasi\u017eymi ry\u0161kiu bendru jauninamuoju poveikiu.<br \/>\nVeiklioji formul\u0117: gali atsirasti lengvas dilg\u010diojimas.<br \/>\nLinijos gaminius leid\u017eiama naudoti iki nurodyto am\u017eiaus, jei kyla rai\u0161kos linij\u0173 problema.<\/p>\n","protected":false},"excerpt":{"rendered":"<p>\u0160is skystis yra daugialamelin\u0117 emulsija (Multi-Lamellar Emulsion), kurios strukt\u016bra yra kuo artimesn\u0117 epidermio lipidini\u0173 sluoksni\u0173 strukt\u016brai, tod\u0117l produktas yra fiziologi\u0161kas ir suderinamas su bet kokio tipo oda. Jis intensyviai atkuria pa\u017eeistas vietas, ma\u017eina dr\u0117gm\u0117s praradim\u0105, stiprina odos apsaugin\u012f barjer\u0105 ir skatina veikli\u0173j\u0173 med\u017eiag\u0173 skverbim\u0105si \u012f gilesnius odos sluoksnius. Suteikia malon\u0173 lyt\u0117jimo poj\u016bt\u012f, tirpstanti \u0161ilkin\u0117 produkto [&hellip;]<\/p>\n","protected":false},"featured_media":11258,"comment_status":"open","ping_status":"closed","template":"","meta":[],"product_brand":[],"product_cat":[202,210,127],"product_tag":[],"class_list":{"0":"post-11260","1":"product","2":"type-product","3":"status-publish","4":"has-post-thumbnail","6":"product_cat-akiu-kremai","7":"product_cat-serumai","8":"product_cat-veidas","10":"first","11":"outofstock","12":"shipping-taxable","13":"purchasable","14":"product-type-simple"},"_links":{"self":[{"href":"https:\/\/beautysba.co.uk\/lt\/wp-json\/wp\/v2\/product\/11260","targetHints":{"allow":["GET"]}}],"collection":[{"href":"https:\/\/beautysba.co.uk\/lt\/wp-json\/wp\/v2\/product"}],"about":[{"href":"https:\/\/beautysba.co.uk\/lt\/wp-json\/wp\/v2\/types\/product"}],"replies":[{"embeddable":true,"href":"https:\/\/beautysba.co.uk\/lt\/wp-json\/wp\/v2\/comments?post=11260"}],"wp:featuredmedia":[{"embeddable":true,"href":"https:\/\/beautysba.co.uk\/lt\/wp-json\/wp\/v2\/media\/11258"}],"wp:attachment":[{"href":"https:\/\/beautysba.co.uk\/lt\/wp-json\/wp\/v2\/media?parent=11260"}],"wp:term":[{"taxonomy":"product_brand","embeddable":true,"href":"https:\/\/beautysba.co.uk\/lt\/wp-json\/wp\/v2\/product_brand?post=11260"},{"taxonomy":"product_cat","embeddable":true,"href":"https:\/\/beautysba.co.uk\/lt\/wp-json\/wp\/v2\/product_cat?post=11260"},{"taxonomy":"product_tag","embeddable":true,"href":"https:\/\/beautysba.co.uk\/lt\/wp-json\/wp\/v2\/product_tag?post=11260"}],"curies":[{"name":"wp","href":"https:\/\/api.w.org\/{rel}","templated":true}]}}