{"id":11300,"date":"2023-09-14T06:28:36","date_gmt":"2023-09-14T06:28:36","guid":{"rendered":"https:\/\/beautysba.co.uk\/product\/bio-tox-snail-%d1%80%d0%b5%d0%b2%d0%b8%d1%82%d0%b0%d0%bb%d0%b8%d0%b7%d0%b8%d1%80%d1%83%d1%8e%d1%89%d0%b8%d0%b9-%d0%bd%d0%be%d1%87%d0%bd%d0%be%d0%b9-%d0%ba%d1%80%d0%b5%d0%bc-%d1%83%d1%85%d0%be%d0%b4\/"},"modified":"2023-09-14T06:30:24","modified_gmt":"2023-09-14T06:30:24","slug":"bio-tox-snail-revitalising-night-cream-care","status":"publish","type":"product","link":"https:\/\/beautysba.co.uk\/lt\/produktas\/bio-tox-snail-revitalising-night-cream-care\/","title":{"rendered":"&#8220;Bio-tox&#8221; sraigi\u0173 atgaivinamoji naktin\u0117 veido odos prie\u017ei\u016bros priemon\u0117 nuo rauk\u0161li\u0173 50g"},"content":{"rendered":"<p>Kremas yra daugialameliarin\u0117 emulsija (Multi-Lamellar Emulsion), kurios strukt\u016bra yra kuo artimesn\u0117 epidermio lipidini\u0173 sluoksni\u0173 strukt\u016brai, tod\u0117l produktas yra fiziologi\u0161kas ir suderinamas su bet kokio tipo oda. Jis intensyviai atkuria pa\u017eeistas vietas, ma\u017eina dr\u0117gm\u0117s praradim\u0105, stiprina odos apsaugin\u012f barjer\u0105 ir skatina veikli\u0173j\u0173 med\u017eiag\u0173 skverbim\u0105si \u012f gilesnius odos sluoksnius.<br \/>\nSuteikia malon\u0173 lyt\u0117jimo poj\u016bt\u012f, tirpstanti \u0161ilkin\u0117 produkto tekst\u016bra, lengvas ir greitai \u012fsigeria be lipnios ir riebios pl\u0117vel\u0117s poj\u016b\u010dio.<\/p>\n<p>Veikliosios med\u017eiagos:<br \/>\nbiomimetinis peptidas HER\u2122-018 i\u0161 k\u016bgini\u0173 sraigi\u0173 nuod\u0173 (1%)<br \/>\nnat\u016bralus sen\u0117jim\u0105 stabdantis veiksnys GABA, \u03b3-aminom sviesto r\u016bg\u0161tis (0,3 %)<br \/>\nalyvuogi\u0173, argano, inka-inka, vynuogi\u0173 s\u0117kl\u0173 aliejai<br \/>\nLactil\u00ae<br \/>\nhialurono r\u016bg\u0161tis<br \/>\nkreatinas<br \/>\nvitaminas E<br \/>\n Veiksmas:<br \/>\nma\u017eina raumen\u0173 \u012ftamp\u0105 ir lygina od\u0105, akivaizd\u017eiai suma\u017eina skersines kaktos rauk\u0161les, tarpuaki\u0173 rauk\u0161les, \u0161uns p\u0117das ir kt.<br \/>\nl\u0117tina nauj\u0173 rauk\u0161li\u0173 formavim\u0105si, i\u0161saugo nat\u016brali\u0105 veido i\u0161rai\u0161k\u0105 ir odos jautrum\u0105.<br \/>\ngerina odos elastingum\u0105 ir tankum\u0105, suteikia gaivumo.<br \/>\nintensyviai pri\u017ei\u016bri od\u0105 nakt\u012f, suteikdamas jai gyvybingumo<br \/>\natkuria odos nat\u016bralaus dr\u0117kinamojo faktoriaus (NMF) tr\u016bkum\u0105, intensyviai papildo dr\u0117gm\u0119 ir skatina ilgalaik\u012f jos i\u0161laikym\u0105<br \/>\nsuteikia energijos l\u0105stel\u0117ms, atkuria odos tonus\u0105, naikina sen\u0117jimo po\u017eymius<br \/>\npasi\u017eymi ry\u0161kiu bendru jauninamuoju poveikiu.<br \/>\nVeiklioji formul\u0117: gali atsirasti lengvas dilg\u010diojimas.<br \/>\nLinijos gaminius leid\u017eiama naudoti iki nurodyto am\u017eiaus, jei kyla rai\u0161kos linij\u0173 problema.<\/p>\n<p>Vis\u0173 tip\u0173 odai.<\/p>\n","protected":false},"excerpt":{"rendered":"<p>Kremas yra daugialameliarin\u0117 emulsija (Multi-Lamellar Emulsion), kurios strukt\u016bra yra kuo artimesn\u0117 epidermio lipidini\u0173 sluoksni\u0173 strukt\u016brai, tod\u0117l produktas yra fiziologi\u0161kas ir suderinamas su bet kokio tipo oda. Jis intensyviai atkuria pa\u017eeistas vietas, ma\u017eina dr\u0117gm\u0117s praradim\u0105, stiprina odos apsaugin\u012f barjer\u0105 ir skatina veikli\u0173j\u0173 med\u017eiag\u0173 skverbim\u0105si \u012f gilesnius odos sluoksnius. Suteikia malon\u0173 lyt\u0117jimo poj\u016bt\u012f, tirpstanti \u0161ilkin\u0117 produkto tekst\u016bra, [&hellip;]<\/p>\n","protected":false},"featured_media":11298,"comment_status":"open","ping_status":"closed","template":"","meta":[],"product_brand":[],"product_cat":[209,127],"product_tag":[],"class_list":{"0":"post-11300","1":"product","2":"type-product","3":"status-publish","4":"has-post-thumbnail","6":"product_cat-naktiniai-kremai","7":"product_cat-veidas","9":"first","10":"outofstock","11":"shipping-taxable","12":"purchasable","13":"product-type-simple"},"_links":{"self":[{"href":"https:\/\/beautysba.co.uk\/lt\/wp-json\/wp\/v2\/product\/11300","targetHints":{"allow":["GET"]}}],"collection":[{"href":"https:\/\/beautysba.co.uk\/lt\/wp-json\/wp\/v2\/product"}],"about":[{"href":"https:\/\/beautysba.co.uk\/lt\/wp-json\/wp\/v2\/types\/product"}],"replies":[{"embeddable":true,"href":"https:\/\/beautysba.co.uk\/lt\/wp-json\/wp\/v2\/comments?post=11300"}],"wp:featuredmedia":[{"embeddable":true,"href":"https:\/\/beautysba.co.uk\/lt\/wp-json\/wp\/v2\/media\/11298"}],"wp:attachment":[{"href":"https:\/\/beautysba.co.uk\/lt\/wp-json\/wp\/v2\/media?parent=11300"}],"wp:term":[{"taxonomy":"product_brand","embeddable":true,"href":"https:\/\/beautysba.co.uk\/lt\/wp-json\/wp\/v2\/product_brand?post=11300"},{"taxonomy":"product_cat","embeddable":true,"href":"https:\/\/beautysba.co.uk\/lt\/wp-json\/wp\/v2\/product_cat?post=11300"},{"taxonomy":"product_tag","embeddable":true,"href":"https:\/\/beautysba.co.uk\/lt\/wp-json\/wp\/v2\/product_tag?post=11300"}],"curies":[{"name":"wp","href":"https:\/\/api.w.org\/{rel}","templated":true}]}}