{"id":11301,"date":"2023-09-14T06:20:38","date_gmt":"2023-09-14T06:30:21","guid":{"rendered":"https:\/\/beautysba.co.uk\/product\/bio-tox-sraigiu-koreguojamasis-tonikas-veidui-minkstinanti-formule-200-ml\/"},"modified":"2024-03-01T08:45:43","modified_gmt":"2024-03-01T08:45:43","slug":"bio-tox-snail-correcting-tonikas-veido-formoms","status":"publish","type":"product","link":"https:\/\/beautysba.co.uk\/lt\/produktas\/bio-tox-snail-correcting-tonikas-veido-formoms\/","title":{"rendered":"&#8220;Bio-tox&#8221; sraigi\u0173 koreguojamasis tonikas veidui mink\u0161tinanti formul\u0117 200 ml"},"content":{"rendered":"<p>Puikus \u0161varios odos poj\u016btis.<\/p>\n<p>Turtinga priemon\u0117, pasi\u017eyminti sen\u0117jim\u0105 stabdan\u010diu poveikiu, kuri akimirksniu suteikia komforto poj\u016bt\u012f ir atkuria dr\u0117gm\u0117s balans\u0105 po valymo. Pa\u0161alina matin\u012f odos atspalv\u012f, pa\u0161alina sausumo ir tempimo poj\u016bt\u012f, gr\u0105\u017eina gaivum\u0105, \u0161velnum\u0105 ir elastingum\u0105. Atkuria odos barjerin\u0119 funkcij\u0105 ir veiksmingai paruo\u0161ia od\u0105 tolesn\u0117ms kosmetin\u0117ms proced\u016broms.<\/p>\n<p>Veikliosios med\u017eiagos:<br \/>\nbiomimetinis peptidas HER\u2122-018 i\u0161 k\u016bgini\u0173 sraigi\u0173 nuod\u0173 (0,1 %)<br \/>\nnat\u016bralus sen\u0117jim\u0105 stabdantis veiksnys GABA, \u03b3-aminom sviesto r\u016bg\u0161tis (0,01 %)<br \/>\nniacinamidas, NIACINAMIDE, vitaminas PP (3%)<br \/>\n Veiksmas:<br \/>\nma\u017eina raumen\u0173 \u012ftamp\u0105 ir lygina od\u0105, akivaizd\u017eiai suma\u017eina skersines kaktos rauk\u0161les, tarpuaki\u0173 rauk\u0161les, \u0161uns p\u0117das ir kt.<br \/>\nl\u0117tina nauj\u0173 rauk\u0161li\u0173 formavim\u0105si, i\u0161saugo nat\u016brali\u0105 veido i\u0161rai\u0161k\u0105 ir odos jautrum\u0105.<br \/>\nsuaktyvina mikrocirkuliacij\u0105 ir padeda normalizuoti med\u017eiag\u0173 apykaitos procesus.<br \/>\npagreitina regeneracij\u0105 ir veikia prie\u0161 tar\u0161\u0105<br \/>\ngerina odos elastingum\u0105 ir tankum\u0105, suteikia gaivumo.<br \/>\npasi\u017eymi raminamosiomis ir antioksidacin\u0117mis savyb\u0117mis<br \/>\natkuria apsaugin\u012f odos sluoksn\u012f ir ma\u017eina transepidermin\u012f dr\u0117gm\u0117s praradim\u0105.<br \/>\nedematozinis<br \/>\npasi\u017eymi ry\u0161kiu bendru jauninamuoju poveikiu.<br \/>\nVis\u0173 tip\u0173 odai.<\/p>\n","protected":false},"excerpt":{"rendered":"<p>Puikus \u0161varios odos poj\u016btis. Turtinga priemon\u0117, pasi\u017eyminti sen\u0117jim\u0105 stabdan\u010diu poveikiu, kuri akimirksniu suteikia komforto poj\u016bt\u012f ir atkuria dr\u0117gm\u0117s balans\u0105 po valymo. Pa\u0161alina matin\u012f odos atspalv\u012f, pa\u0161alina sausumo ir tempimo poj\u016bt\u012f, gr\u0105\u017eina gaivum\u0105, \u0161velnum\u0105 ir elastingum\u0105. Atkuria odos barjerin\u0119 funkcij\u0105 ir veiksmingai paruo\u0161ia od\u0105 tolesn\u0117ms kosmetin\u0117ms proced\u016broms. Veikliosios med\u017eiagos: biomimetinis peptidas HER\u2122-018 i\u0161 k\u016bgini\u0173 sraigi\u0173 nuod\u0173 [&hellip;]<\/p>\n","protected":false},"featured_media":11270,"comment_status":"open","ping_status":"closed","template":"","meta":[],"product_brand":[],"product_cat":[127,206],"product_tag":[],"class_list":{"0":"post-11301","1":"product","2":"type-product","3":"status-publish","4":"has-post-thumbnail","6":"product_cat-veidas","7":"product_cat-veido-toneriai","9":"first","10":"outofstock","11":"shipping-taxable","12":"purchasable","13":"product-type-simple"},"_links":{"self":[{"href":"https:\/\/beautysba.co.uk\/lt\/wp-json\/wp\/v2\/product\/11301","targetHints":{"allow":["GET"]}}],"collection":[{"href":"https:\/\/beautysba.co.uk\/lt\/wp-json\/wp\/v2\/product"}],"about":[{"href":"https:\/\/beautysba.co.uk\/lt\/wp-json\/wp\/v2\/types\/product"}],"replies":[{"embeddable":true,"href":"https:\/\/beautysba.co.uk\/lt\/wp-json\/wp\/v2\/comments?post=11301"}],"wp:featuredmedia":[{"embeddable":true,"href":"https:\/\/beautysba.co.uk\/lt\/wp-json\/wp\/v2\/media\/11270"}],"wp:attachment":[{"href":"https:\/\/beautysba.co.uk\/lt\/wp-json\/wp\/v2\/media?parent=11301"}],"wp:term":[{"taxonomy":"product_brand","embeddable":true,"href":"https:\/\/beautysba.co.uk\/lt\/wp-json\/wp\/v2\/product_brand?post=11301"},{"taxonomy":"product_cat","embeddable":true,"href":"https:\/\/beautysba.co.uk\/lt\/wp-json\/wp\/v2\/product_cat?post=11301"},{"taxonomy":"product_tag","embeddable":true,"href":"https:\/\/beautysba.co.uk\/lt\/wp-json\/wp\/v2\/product_tag?post=11301"}],"curies":[{"name":"wp","href":"https:\/\/api.w.org\/{rel}","templated":true}]}}