{"id":11392,"date":"2023-09-14T07:24:30","date_gmt":"2023-09-14T07:24:30","guid":{"rendered":"https:\/\/beautysba.co.uk\/product\/%d1%82%d1%80%d0%b8%d0%bf%d1%82%d0%be%d1%84%d0%b0%d0%bd-%d1%84%d0%be%d1%80%d0%bc%d1%83%d0%bb%d0%b0-%d1%81%d0%bf%d0%be%d0%ba%d0%be%d0%b9%d1%81%d1%82%d0%b2%d0%b8%d1%8f-%d0%ba%d0%b0%d0%bf%d1%81%d1%83\/"},"modified":"2023-09-16T20:58:21","modified_gmt":"2023-09-16T20:58:21","slug":"triptofano-formules-ramybes-kapsule","status":"publish","type":"product","link":"https:\/\/beautysba.co.uk\/lt\/produktas\/triptofano-formules-ramybes-kapsule\/","title":{"rendered":"Triptofano &#8220;ramyb\u0117s formul\u0117&#8221; kapsul\u0117s n15 &#8211; Evalar"},"content":{"rendered":"<p>Triptofanas Evalaras &#8211; gyvenimo d\u017eiaugsmas!<br \/>\nNerim\u0105 kelian\u010dios mintys, \u012ftampa, prisl\u0117gta nuotaika, sunku u\u017emigti&#8230; Prie\u017eastis gali b\u016bti serotonino &#8211; &#8220;laim\u0117s hormono&#8221; &#8211; tr\u016bkumas. Tokiu atveju \u012fprasti raminamieji vaistai gali neduoti laukiam\u0173 rezultat\u0173. Kaip galite pad\u0117ti sau susigr\u0105\u017einti puiki\u0105 nuotaik\u0105 ir gyventi d\u017eiaugsming\u0105 gyvenim\u0105?<\/p>\n<p>Pasinaudokite &#8220;Evalar&#8221; ramyb\u0117s formule su triptofanu.<\/p>\n<p>Triptofano formul\u0117 ramybei:<\/p>\n<p>&#8211; Skatina serotonino ir melatonino sintez\u0119 organizme, palaiko normal\u0173 miego ir budrumo cikl\u0105, taip pat padeda prisitaikyti prie laiko juost\u0173 kaitos (skrendant l\u0117ktuvu).<\/p>\n<p>&#8211; Dienos metu skatina nat\u016brali\u0105 serotonino &#8211; &#8220;laim\u0117s hormono&#8221; &#8211; gamyb\u0105, sukuria pakilios nuotaikos ir psichinio komforto jausm\u0105, didina darbingum\u0105, ma\u017eina dirglum\u0105, agresyvum\u0105, \u0161alina depresyvi\u0105 nuotaik\u0105, nerim\u0105, emocin\u012f stres\u0105.<\/p>\n<p>&#8211; Nakt\u012f jis skatina nat\u016brali\u0105 melatonino &#8211; &#8220;miego hormono&#8221; &#8211; gamyb\u0105, padeda lengvai ir greitai u\u017emigti, gerina miego gilum\u0105 ir kokyb\u0119, padeda pa\u0161alinti nutr\u016bkstamo miego problem\u0105, tod\u0117l galite pilnai i\u0161simiegoti ir pails\u0117ti per trumpesn\u012f laik\u0105.<\/p>\n<p>Privalumai:<br \/>\nOptimalus1 aminor\u016bg\u0161ties L-triptofano kiekis (500 mg 2 kapsul\u0117se)<br \/>\nL-triptofano poveik\u012f sustiprina vitaminai B5, B6<br \/>\npadaryta Palanki kaina2<br \/>\nGarantuojama auk\u0161ta kokyb\u0117: gaminama pagal tarptautin\u012f GMP3 standart\u0105<br \/>\nKaip veikia ingredientai:<br \/>\nL-triptofanas yra nepakei\u010diamoji aminor\u016bg\u0161tis, \u012feinanti \u012f vis\u0173 \u017einom\u0173 gyv\u0173 organizm\u0173 baltym\u0173 sud\u0117t\u012f Patek\u0119s \u012f organizm\u0105, L-triptofanas patiria virsm\u0173 grandin\u0119, kurios viename etape susidaro serotoninas. Be triptofano serotonino gamyba organizme nevyksta. \u0160iam procesui taip pat b\u016btina dienos \u0161viesa.<\/p>\n<p>Serotoninas veikia \u012fvairi\u0173 organ\u0173 ir audini\u0173 funkcijas. Centrin\u0117je nerv\u0173 sistemoje serotoninas yra nervini\u0173 impuls\u0173 sinapsinio perdavimo tarpininkas4. Jis dalyvauja reguliuojant bendr\u0105 centrin\u0117s nerv\u0173 sistemos aktyvumo lyg\u012f, miego ir budrumo ciklus, bendr\u0105 motorin\u012f aktyvum\u0105, \u012fvairias emocinio elgesio formas, atmint\u012f ir mokymosi procesus4. Optimalus serotonino kiekis organizme sukelia pakilios nuotaikos, emocinio komforto, d\u017eiaugsmo, laim\u0117s poj\u016bt\u012f. Serotoninas didina protin\u012f darbingum\u0105, stimuliuoja pa\u017eintin\u0119 veikl\u0105, didina savivert\u0119, padeda i\u0161laikyti savikontrol\u0119 stresin\u0117se situacijose. Jis taip pat gerina fizin\u012f paj\u0117gum\u0105, j\u0117g\u0105 ir i\u0161tverm\u0119, d\u0117l to gali pailg\u0117ti fizinio kr\u016bvio trukm\u0117, nes pasikei\u010dia subjektyvus nuovargio suvokimas.<\/p>\n<p>\u012erodyta, kad depresija sergan\u010di\u0173 ir nusiminusi\u0173 \u017emoni\u0173 serotonino kiekis yra itin ma\u017eas.<\/p>\n<p>Prasid\u0117jus tamsai, L-triptofano virsm\u0173 grandin\u0117 organizme t\u0119siasi, o i\u0161 gauto serotonino susidaro melatoninas &#8211; fiziologinis miego reguliatorius, kuris prisideda prie miego prad\u017eios, reguliuoja miego fazes ir j\u0173 trukm\u0119.<\/p>\n<p>Pantoteno r\u016bg\u0161tis (vitaminas B5) yra &#8220;antistresinis vitaminas&#8221;. Jo tr\u016bkumas organizme pasirei\u0161kia nuovargiu, miego sutrikimais, padid\u0117jusiu nuovargiu ir dirglumu5.<\/p>\n<p>Piridoksinas (vitaminas B6) svarbus centrin\u0117s ir periferin\u0117s nerv\u0173 sistemos funkcijoms palaikyti, dalyvauja serotonino sintez\u0117je ir triptofano apykaitoje5.<\/p>\n","protected":false},"excerpt":{"rendered":"<p>Triptofanas Evalaras &#8211; gyvenimo d\u017eiaugsmas! Nerim\u0105 kelian\u010dios mintys, \u012ftampa, prisl\u0117gta nuotaika, sunku u\u017emigti&#8230; Prie\u017eastis gali b\u016bti serotonino &#8211; &#8220;laim\u0117s hormono&#8221; &#8211; tr\u016bkumas. Tokiu atveju \u012fprasti raminamieji vaistai gali neduoti laukiam\u0173 rezultat\u0173. Kaip galite pad\u0117ti sau susigr\u0105\u017einti puiki\u0105 nuotaik\u0105 ir gyventi d\u017eiaugsming\u0105 gyvenim\u0105? Pasinaudokite &#8220;Evalar&#8221; ramyb\u0117s formule su triptofanu. Triptofano formul\u0117 ramybei: &#8211; Skatina serotonino ir [&hellip;]<\/p>\n","protected":false},"featured_media":11390,"comment_status":"open","ping_status":"closed","template":"","meta":[],"product_brand":[],"product_cat":[217,220],"product_tag":[],"class_list":{"0":"post-11392","1":"product","2":"type-product","3":"status-publish","4":"has-post-thumbnail","6":"product_cat-sveikatos-prieziura","7":"product_cat-zarnyno-sveikata","9":"first","10":"outofstock","11":"shipping-taxable","12":"purchasable","13":"product-type-simple"},"_links":{"self":[{"href":"https:\/\/beautysba.co.uk\/lt\/wp-json\/wp\/v2\/product\/11392","targetHints":{"allow":["GET"]}}],"collection":[{"href":"https:\/\/beautysba.co.uk\/lt\/wp-json\/wp\/v2\/product"}],"about":[{"href":"https:\/\/beautysba.co.uk\/lt\/wp-json\/wp\/v2\/types\/product"}],"replies":[{"embeddable":true,"href":"https:\/\/beautysba.co.uk\/lt\/wp-json\/wp\/v2\/comments?post=11392"}],"wp:featuredmedia":[{"embeddable":true,"href":"https:\/\/beautysba.co.uk\/lt\/wp-json\/wp\/v2\/media\/11390"}],"wp:attachment":[{"href":"https:\/\/beautysba.co.uk\/lt\/wp-json\/wp\/v2\/media?parent=11392"}],"wp:term":[{"taxonomy":"product_brand","embeddable":true,"href":"https:\/\/beautysba.co.uk\/lt\/wp-json\/wp\/v2\/product_brand?post=11392"},{"taxonomy":"product_cat","embeddable":true,"href":"https:\/\/beautysba.co.uk\/lt\/wp-json\/wp\/v2\/product_cat?post=11392"},{"taxonomy":"product_tag","embeddable":true,"href":"https:\/\/beautysba.co.uk\/lt\/wp-json\/wp\/v2\/product_tag?post=11392"}],"curies":[{"name":"wp","href":"https:\/\/api.w.org\/{rel}","templated":true}]}}