{"id":11434,"date":"2023-09-14T08:02:06","date_gmt":"2023-09-14T08:02:06","guid":{"rendered":"https:\/\/beautysba.co.uk\/product\/%d1%81%d0%bf%d1%80%d0%b5%d0%b9-%d0%b4%d0%bb%d1%8f-%d0%bd%d0%be%d0%b3-%d0%b0%d0%bd%d1%82%d0%b8%d0%b1%d0%b0%d0%ba%d1%82%d0%b5%d1%80%d0%b8%d0%b0%d0%bb%d1%8c%d0%bd%d1%8b%d0%b9-%d1%81-%d0%bc%d0%b5%d0%bd\/"},"modified":"2024-06-16T18:26:32","modified_gmt":"2024-06-16T18:26:32","slug":"antibakterinis-pedu-purskalas-su-pakeitimu","status":"publish","type":"product","link":"https:\/\/beautysba.co.uk\/lt\/produktas\/antibakterinis-pedu-purskalas-su-pakeitimu\/","title":{"rendered":"Antibakterinis p\u0117d\u0173 pur\u0161kalas su mentoliu &#8220;mico spray&#8221; 100ml"},"content":{"rendered":"<p>Naudokite &#8220;Mycospray&#8221; antibakterin\u012f p\u0117d\u0173 pur\u0161kal\u0105 (fl 100 ml) po apsilankymo pirtyje, baseine ar sporto sal\u0117je. Taip i\u0161vengsite galimos grybelin\u0117s infekcijos.<\/p>\n<p>Jei jau gydot\u0117s nuo mikoz\u0117s, kiekvien\u0105 bat\u0173 por\u0105 apdorokite &#8220;Mycospray&#8221; &#8211; tai pad\u0117s i\u0161vengti pakartotinio grybelio u\u017esikr\u0117timo.<\/p>\n<p>D\u0117l savo gaivinan\u010di\u0173 ir dezodoruojan\u010di\u0173 savybi\u0173 &#8220;Mycospray&#8221; padeda atsikratyti bakterij\u0173 sukeliamo nemalonaus kvapo.<\/p>\n<p>Mycospray veikimo principas &#8211; slopinti grybo morfogenez\u0119. Infekcijos vystymasis u\u017ekertamas labai anksti, dar prie\u0161 pasirodant pirmiesiems infekcijos po\u017eymiams &#8211; nie\u017euliui, dirginimui, odos \u012ftr\u016bkimams ir nemaloniam kvapui.<\/p>\n<p>&#8220;Mycospray&#8221; puikiai dera su oda, nesukeldamas alergini\u0173 reakcij\u0173 ar \u0161alutinio poveikio. D\u0117l \u0161i\u0173 savybi\u0173 Micospray yra nepakei\u010diama grybelini\u0173 lig\u0173 prevencijos priemon\u0117.<\/p>\n<p>Naudojimo rekomendacijos<br \/>\nMikropur\u0161kalas (pur\u0161kalas) p\u0117doms: po kiekvieno s\u0105ly\u010dio su potencialiai nesaugiu pavir\u0161iumi (vie\u0161ojo du\u0161o grindys, bendri batai ir pan.) kruop\u0161\u010diai apdorokite p\u0117d\u0173 ir bat\u0173 vidin\u0119 pus\u0119 &#8220;Mycospray&#8221; pur\u0161kalu. Gydant p\u0117das, ypating\u0105 d\u0117mes\u012f skirkite tarpupir\u0161\u010di\u0173 rauk\u0161l\u0117ms.<\/p>\n<p>Jei jau gydot\u0117s nuo grybelin\u0117s infekcijos, kad liga nepasikartot\u0173 ar nei\u0161plist\u0173, vaistu kruop\u0161\u010diai apdorokite vis\u0173 bat\u0173 vidin\u012f pavir\u0161i\u0173.<\/p>\n<p>Indikacijos<br \/>\nGrybelini\u0173 lig\u0173 prevencija.<\/p>\n<p>Sud\u0117tis<br \/>\nVanduo, propilenglikolis, hidrintas ricinos aliejus, undecenamidopropiltrimonio metosulfatas, gemalas 115, mikroelementas MXB, mentolis, kvapioji med\u017eiaga &#8220;Oriental Breeze&#8221;, 2Na, EDTA.<\/p>\n","protected":false},"excerpt":{"rendered":"<p>Naudokite &#8220;Mycospray&#8221; antibakterin\u012f p\u0117d\u0173 pur\u0161kal\u0105 (fl 100 ml) po apsilankymo pirtyje, baseine ar sporto sal\u0117je. Taip i\u0161vengsite galimos grybelin\u0117s infekcijos. Jei jau gydot\u0117s nuo mikoz\u0117s, kiekvien\u0105 bat\u0173 por\u0105 apdorokite &#8220;Mycospray&#8221; &#8211; tai pad\u0117s i\u0161vengti pakartotinio grybelio u\u017esikr\u0117timo. D\u0117l savo gaivinan\u010di\u0173 ir dezodoruojan\u010di\u0173 savybi\u0173 &#8220;Mycospray&#8221; padeda atsikratyti bakterij\u0173 sukeliamo nemalonaus kvapo. Mycospray veikimo principas &#8211; slopinti [&hellip;]<\/p>\n","protected":false},"featured_media":11432,"comment_status":"open","ping_status":"closed","template":"","meta":[],"product_brand":[],"product_cat":[125,219,217],"product_tag":[],"class_list":{"0":"post-11434","1":"product","2":"type-product","3":"status-publish","4":"has-post-thumbnail","6":"product_cat-ispardavimas","7":"product_cat-pedu-prieziura-lt","8":"product_cat-sveikatos-prieziura","10":"first","11":"instock","12":"shipping-taxable","13":"purchasable","14":"product-type-simple"},"_links":{"self":[{"href":"https:\/\/beautysba.co.uk\/lt\/wp-json\/wp\/v2\/product\/11434","targetHints":{"allow":["GET"]}}],"collection":[{"href":"https:\/\/beautysba.co.uk\/lt\/wp-json\/wp\/v2\/product"}],"about":[{"href":"https:\/\/beautysba.co.uk\/lt\/wp-json\/wp\/v2\/types\/product"}],"replies":[{"embeddable":true,"href":"https:\/\/beautysba.co.uk\/lt\/wp-json\/wp\/v2\/comments?post=11434"}],"wp:featuredmedia":[{"embeddable":true,"href":"https:\/\/beautysba.co.uk\/lt\/wp-json\/wp\/v2\/media\/11432"}],"wp:attachment":[{"href":"https:\/\/beautysba.co.uk\/lt\/wp-json\/wp\/v2\/media?parent=11434"}],"wp:term":[{"taxonomy":"product_brand","embeddable":true,"href":"https:\/\/beautysba.co.uk\/lt\/wp-json\/wp\/v2\/product_brand?post=11434"},{"taxonomy":"product_cat","embeddable":true,"href":"https:\/\/beautysba.co.uk\/lt\/wp-json\/wp\/v2\/product_cat?post=11434"},{"taxonomy":"product_tag","embeddable":true,"href":"https:\/\/beautysba.co.uk\/lt\/wp-json\/wp\/v2\/product_tag?post=11434"}],"curies":[{"name":"wp","href":"https:\/\/api.w.org\/{rel}","templated":true}]}}