{"id":11440,"date":"2023-09-14T08:03:38","date_gmt":"2023-09-14T08:03:38","guid":{"rendered":"https:\/\/beautysba.co.uk\/product\/%d0%b1%d0%b0%d1%80%d1%81%d1%83%d1%87%d0%b8%d0%b9-%d0%b6%d0%b8%d1%80-%d0%ba%d0%b0%d0%bf%d1%81%d1%83%d0%bb%d1%8b-n120-fitosila\/"},"modified":"2024-04-03T14:10:13","modified_gmt":"2024-04-03T14:10:13","slug":"barsuko-riebalu-kapsules-n120-fitosila","status":"publish","type":"product","link":"https:\/\/beautysba.co.uk\/lt\/produktas\/barsuko-riebalu-kapsules-n120-fitosila\/","title":{"rendered":"Badger riebal\u0173 kapsul\u0117s n120 &#8211; fitosila"},"content":{"rendered":"<p>Praturtinti barsuko taukai kapsul\u0117se yra \u012frodyta nat\u016brali priemon\u0117, skirta aterosklerozei, plau\u010di\u0173 ir kv\u0117pavimo tak\u0173 ligoms, suma\u017e\u0117jusiam imunitetui ir sutrikusiai med\u017eiag\u0173 apykaitai gydyti. Klinikiniais tyrimais patvirtintas didelis praturtint\u0173 barsuko riebal\u0173 kapsuli\u0173 veiksmingumas gydant \u012fvairias ligas ir b\u016bkles, susijusias su med\u017eiag\u0173 apykaitos sutrikimais ir padid\u0117jusiu cholesterolio kiekiu.<\/p>\n<p>Barsuko riebal\u0173 kapsul\u0117s yra \u0161iuolaikin\u0117 patobulinta tradicin\u0117s liaudies medicinoje pla\u010diai naudojamos priemon\u0117s forma. Preparato sud\u0117tyje yra polineso\u010di\u0173j\u0173 riebal\u0173 r\u016bg\u0161\u010di\u0173 (Omega-3 ir kt.), vitamino A, vitamino E ir kvie\u010di\u0173 gemal\u0173 aliejaus.<\/p>\n<p>\u0160is biologi\u0161kai veikli\u0173j\u0173 med\u017eiag\u0173 kompleksas suteikia vaistui didel\u012f veiksmingum\u0105 kaip profilaktin\u0117 ir tonizuojanti priemon\u0117, taip pat gydant \u0161irdies ir kraujagysli\u0173 bei kv\u0117pavimo sistemos ligas. Be to, kapsul\u0117se esantys barsuko riebalai veiksmingai ma\u017eina \u0161alutin\u012f chemoterapijos poveik\u012f sergant v\u0117\u017eiu.<\/p>\n<p>&#8220;Sustamed&#8221; barsuko taukai &#8211; biologi\u0161kai aktyvus maisto papildas, papildomas polineso\u010di\u0173j\u0173 riebal\u0173 r\u016bg\u0161\u010di\u0173 Omega 3 ir Omega 6 \u0161altinis.<\/p>\n<p>Veikliosios med\u017eiagos:1 kapsul\u0117je: lydyt\u0173 riebal\u0173 barzdaskut\u0117 0,20 g, kvie\u010di\u0173 gemal\u0173 aliejus 0,05 g.<\/p>\n<p>Vartojimas: suaugusiesiems po 6 kapsules 3 kartus per dien\u0105 valgio metu. Vartojimo trukm\u0117: 1-2 m\u0117nesiai, vartojim\u0105 galima kartoti 2-3 kartus per metus.<\/p>\n<p>D\u0117mesio! Nenaudokite, jei netoleruojate atskir\u0173 sudedam\u0173j\u0173 dali\u0173.<\/p>\n<p>Laikyti nuo + 5\u00b0C iki + 25\u00b0C temperat\u016broje, vaikams nepasiekiamoje vietoje.<\/p>\n<p>T\u016bris: 120 vnt. po 0,25 g<\/p>\n","protected":false},"excerpt":{"rendered":"<p>Praturtinti barsuko taukai kapsul\u0117se yra \u012frodyta nat\u016brali priemon\u0117, skirta aterosklerozei, plau\u010di\u0173 ir kv\u0117pavimo tak\u0173 ligoms, suma\u017e\u0117jusiam imunitetui ir sutrikusiai med\u017eiag\u0173 apykaitai gydyti. Klinikiniais tyrimais patvirtintas didelis praturtint\u0173 barsuko riebal\u0173 kapsuli\u0173 veiksmingumas gydant \u012fvairias ligas ir b\u016bkles, susijusias su med\u017eiag\u0173 apykaitos sutrikimais ir padid\u0117jusiu cholesterolio kiekiu. Barsuko riebal\u0173 kapsul\u0117s yra \u0161iuolaikin\u0117 patobulinta tradicin\u0117s liaudies medicinoje pla\u010diai [&hellip;]<\/p>\n","protected":false},"featured_media":11438,"comment_status":"open","ping_status":"closed","template":"","meta":[],"product_brand":[],"product_cat":[217,220],"product_tag":[],"class_list":{"0":"post-11440","1":"product","2":"type-product","3":"status-publish","4":"has-post-thumbnail","6":"product_cat-sveikatos-prieziura","7":"product_cat-zarnyno-sveikata","9":"first","10":"instock","11":"shipping-taxable","12":"purchasable","13":"product-type-simple"},"_links":{"self":[{"href":"https:\/\/beautysba.co.uk\/lt\/wp-json\/wp\/v2\/product\/11440","targetHints":{"allow":["GET"]}}],"collection":[{"href":"https:\/\/beautysba.co.uk\/lt\/wp-json\/wp\/v2\/product"}],"about":[{"href":"https:\/\/beautysba.co.uk\/lt\/wp-json\/wp\/v2\/types\/product"}],"replies":[{"embeddable":true,"href":"https:\/\/beautysba.co.uk\/lt\/wp-json\/wp\/v2\/comments?post=11440"}],"wp:featuredmedia":[{"embeddable":true,"href":"https:\/\/beautysba.co.uk\/lt\/wp-json\/wp\/v2\/media\/11438"}],"wp:attachment":[{"href":"https:\/\/beautysba.co.uk\/lt\/wp-json\/wp\/v2\/media?parent=11440"}],"wp:term":[{"taxonomy":"product_brand","embeddable":true,"href":"https:\/\/beautysba.co.uk\/lt\/wp-json\/wp\/v2\/product_brand?post=11440"},{"taxonomy":"product_cat","embeddable":true,"href":"https:\/\/beautysba.co.uk\/lt\/wp-json\/wp\/v2\/product_cat?post=11440"},{"taxonomy":"product_tag","embeddable":true,"href":"https:\/\/beautysba.co.uk\/lt\/wp-json\/wp\/v2\/product_tag?post=11440"}],"curies":[{"name":"wp","href":"https:\/\/api.w.org\/{rel}","templated":true}]}}