{"id":11482,"date":"2023-09-14T08:15:50","date_gmt":"2023-09-14T08:15:50","guid":{"rendered":"https:\/\/beautysba.co.uk\/product\/%d1%83%d1%81%d0%bf%d0%be%d0%ba%d0%be%d0%b8%d1%82%d0%b5%d0%bb%d1%8c%d0%bd%d1%8b%d0%b9-%d1%82%d1%80%d0%b0%d0%b2%d1%8f%d0%bd%d0%be%d0%b9-%d1%81%d0%b1%d0%be%d1%80-50%d0%b3-%d0%bb%d0%b5%d0%ba%d1%80%d0%b0\/"},"modified":"2023-09-14T08:51:09","modified_gmt":"2023-09-14T08:51:09","slug":"raminanciu-zoleliu-rinkinys-50g-lekra","status":"publish","type":"product","link":"https:\/\/beautysba.co.uk\/lt\/produktas\/raminanciu-zoleliu-rinkinys-50g-lekra\/","title":{"rendered":"Raminan\u010di\u0173 \u017eoleli\u0173 rinkinys 50g &#8211; lecraset"},"content":{"rendered":"<p>Kolekcijoje yra vaistini\u0173 augal\u0173, liaudies medicinoje pripa\u017eint\u0173 veiksmingais raminamaisiais vaistais (melisos, \u010diobreliai, valerijonai, raudon\u0117liai ir motiejukai). Kolekcija turi raminam\u0105j\u012f poveik\u012f centrinei nerv\u0173 sistemai. Jis vartojamas neuroz\u0117ms, nemigai, isterijai ir menopauz\u0117s simptomams gydyti.<\/p>\n<p>Paruo\u0161imas ir naudojimas: 1 valgom\u0105j\u012f \u0161auk\u0161t\u0105 u\u017epilkite 200 ml (1 puodeliu) kar\u0161to virinto vandens ir kaitinkite vandens vonel\u0117je 15 minu\u010di\u0173 da\u017enai mai\u0161ydami. Atv\u0117sinkite, perko\u0161kite. Likusi \u017ealiava i\u0161spaud\u017eiama. Gauto u\u017epilo t\u016bris virintu vandeniu u\u017epilamas iki 200 ml. Geriama po 1\/3 puodelio 3 kartus per dien\u0105 30 minu\u010di\u0173 prie\u0161 valg\u012f.<\/p>\n<p>Sud\u0117tis:<\/p>\n<p>Valerijono \u0161aknis 15%<br \/>\nMedaus \u017eolel\u0117s 10%<br \/>\n\u010ciobreli\u0173 \u017eol\u0117 25%<br \/>\nraudon\u0117lio \u017eol\u0117 25 %<br \/>\nMotin\u017eol\u0117s \u017eol\u0117 25%<br \/>\nKontraindikacijos: individualus arbatos sudedam\u0173j\u0173 dali\u0173 netoleravimas.<\/p>\n<p>50 g<\/p>\n","protected":false},"excerpt":{"rendered":"<p>Kolekcijoje yra vaistini\u0173 augal\u0173, liaudies medicinoje pripa\u017eint\u0173 veiksmingais raminamaisiais vaistais (melisos, \u010diobreliai, valerijonai, raudon\u0117liai ir motiejukai). Kolekcija turi raminam\u0105j\u012f poveik\u012f centrinei nerv\u0173 sistemai. Jis vartojamas neuroz\u0117ms, nemigai, isterijai ir menopauz\u0117s simptomams gydyti. Paruo\u0161imas ir naudojimas: 1 valgom\u0105j\u012f \u0161auk\u0161t\u0105 u\u017epilkite 200 ml (1 puodeliu) kar\u0161to virinto vandens ir kaitinkite vandens vonel\u0117je 15 minu\u010di\u0173 da\u017enai mai\u0161ydami. Atv\u0117sinkite, [&hellip;]<\/p>\n","protected":false},"featured_media":11480,"comment_status":"open","ping_status":"closed","template":"","meta":[],"product_brand":[],"product_cat":[217,270],"product_tag":[],"class_list":{"0":"post-11482","1":"product","2":"type-product","3":"status-publish","4":"has-post-thumbnail","6":"product_cat-sveikatos-prieziura","7":"product_cat----lt","9":"first","10":"outofstock","11":"shipping-taxable","12":"purchasable","13":"product-type-simple"},"_links":{"self":[{"href":"https:\/\/beautysba.co.uk\/lt\/wp-json\/wp\/v2\/product\/11482","targetHints":{"allow":["GET"]}}],"collection":[{"href":"https:\/\/beautysba.co.uk\/lt\/wp-json\/wp\/v2\/product"}],"about":[{"href":"https:\/\/beautysba.co.uk\/lt\/wp-json\/wp\/v2\/types\/product"}],"replies":[{"embeddable":true,"href":"https:\/\/beautysba.co.uk\/lt\/wp-json\/wp\/v2\/comments?post=11482"}],"wp:featuredmedia":[{"embeddable":true,"href":"https:\/\/beautysba.co.uk\/lt\/wp-json\/wp\/v2\/media\/11480"}],"wp:attachment":[{"href":"https:\/\/beautysba.co.uk\/lt\/wp-json\/wp\/v2\/media?parent=11482"}],"wp:term":[{"taxonomy":"product_brand","embeddable":true,"href":"https:\/\/beautysba.co.uk\/lt\/wp-json\/wp\/v2\/product_brand?post=11482"},{"taxonomy":"product_cat","embeddable":true,"href":"https:\/\/beautysba.co.uk\/lt\/wp-json\/wp\/v2\/product_cat?post=11482"},{"taxonomy":"product_tag","embeddable":true,"href":"https:\/\/beautysba.co.uk\/lt\/wp-json\/wp\/v2\/product_tag?post=11482"}],"curies":[{"name":"wp","href":"https:\/\/api.w.org\/{rel}","templated":true}]}}