{"id":11528,"date":"2023-09-14T08:30:31","date_gmt":"2023-09-14T08:30:31","guid":{"rendered":"https:\/\/beautysba.co.uk\/product\/%d1%86%d0%b8%d0%bd%d0%ba%d0%be%d0%b2%d0%b0%d1%8f-%d0%bc%d0%b0%d0%b7%d1%8c-%d0%b4%d0%bb%d1%8f-%d0%bd%d0%b0%d1%80%d1%83%d0%b6%d0%bd%d0%be%d0%b3%d0%be-%d0%bf%d1%80%d0%b8%d0%bc%d0%b5%d0%bd%d0%b5%d0%bd\/"},"modified":"2026-04-24T09:44:04","modified_gmt":"2026-04-24T09:44:04","slug":"cinko-tepalas-isoriniam-naudojimui","status":"publish","type":"product","link":"https:\/\/beautysba.co.uk\/lt\/produktas\/cinko-tepalas-isoriniam-naudojimui\/","title":{"rendered":"Cinkas, tepalas i\u0161oriniam naudojimui 10 % 25 g"},"content":{"rendered":"<p>Cinko tepalas &#8211; i\u0161orinio naudojimo priemon\u0117, pasi\u017eyminti sutraukian\u010diu ir d\u017eiovinan\u010diu poveikiu.<\/p>\n<p>Naudojamas vaikams, jis padeda i\u0161vengti vystykl\u0173 b\u0117rimo, apsaugo nuo \u0161lapimo ir kit\u0173 dirgikli\u0173 bei ramina sudirgusi\u0105 od\u0105.<\/p>\n<p>Suma\u017eina eksudacij\u0105 ir dr\u0117kinim\u0105, tod\u0117l suma\u017e\u0117ja vietinis dirginimas.<\/p>\n<p>Simptomin\u012f ir apsaugin\u012f vaisto poveik\u012f lemia cinko oksidas. Cinko oksidas kartu su vazelino pagrindu sukuria fizin\u012f barjer\u0105, apsaugin\u012f odos sluoksn\u012f, kuris suma\u017eina dirgikli\u0173 poveik\u012f pa\u017eeistai vietai ir apsaugo nuo b\u0117rim\u0173.<\/p>\n<p>Indikacijos<\/p>\n<p>Sauskelni\u0173 b\u0117rimo gydymas ir profilaktika.<\/p>\n<p>Preparatas taip pat naudojamas kaip pirmosios pagalbos priemon\u0117 nedideliems odos su\u017ealojimams (nedideliems nudegimams, \u012fpjovimams, \u012fbr\u0117\u017eimams, \u012ftr\u016bkimams) gydyti.<\/p>\n<p>Fotokontaktinis dermatitas.<\/p>\n<p>Kontraindikacijos<\/p>\n<p>Padid\u0117j\u0119s jautrumas vaistui.<\/p>\n<p>\u0160alutiniai poveikiai<\/p>\n<p>Galimos padid\u0117jusio jautrumo vaistui reakcijos: nie\u017eulys, hiperemija, alergin\u0117s reakcijos tepalo vartojimo vietose.<\/p>\n<p>Kaip vartoti, kursas ir dozavimas<\/p>\n<p>Tik i\u0161oriniam naudojimui.<\/p>\n<p>&#8220;Sauskelni\u0173&#8221; b\u0117rimas k\u016bdikiams.<\/p>\n<p>Gydymas: prie\u0161 tepdami nuplaukite ir nusausinkite pa\u017eeist\u0105 viet\u0105. Atsiradus pirmiesiems paraudimo, sauskelni\u0173 b\u0117rimo ar nedidelio odos sudirginimo po\u017eymiams, tepalas tepamas 3 ar daugiau kart\u0173 per dien\u0105, pagal poreik\u012f, paprastai kei\u010diant sauskelnes.<\/p>\n<p>Prevencija: patepkite od\u0105, kuri\u0105 dengia sauskeln\u0117s ar sauskeln\u0117s, prie\u0161 atsirandant dirginimo po\u017eymiams, ypa\u010d prie\u0161 mieg\u0105, kai k\u016bdikis ilg\u0105 laik\u0105 gali b\u016bti su dr\u0117gnomis sauskeln\u0117mis.<\/p>\n<p>\u012epjovimai, \u012fbr\u0117\u017eimai ir nudegimai<\/p>\n<p>U\u017etepkite plon\u0105 sluoksn\u012f, jei reikia, u\u017ed\u0117kite marl\u0117s tvarst\u012f.<\/p>\n<p>Tepkite tik pavir\u0161inius ir neu\u017ekr\u0117stus pa\u017eeidimus.<\/p>\n<p>Fotokontaktinis dermatitas<\/p>\n<p>Tepalas plonu sluoksniu tepamas ant pa\u017eeist\u0173 odos viet\u0173 1-3 kartus per dien\u0105.<\/p>\n","protected":false},"excerpt":{"rendered":"<p>Cinko tepalas &#8211; i\u0161orinio naudojimo priemon\u0117, pasi\u017eyminti sutraukian\u010diu ir d\u017eiovinan\u010diu poveikiu. Naudojamas vaikams, jis padeda i\u0161vengti vystykl\u0173 b\u0117rimo, apsaugo nuo \u0161lapimo ir kit\u0173 dirgikli\u0173 bei ramina sudirgusi\u0105 od\u0105. Suma\u017eina eksudacij\u0105 ir dr\u0117kinim\u0105, tod\u0117l suma\u017e\u0117ja vietinis dirginimas. Simptomin\u012f ir apsaugin\u012f vaisto poveik\u012f lemia cinko oksidas. Cinko oksidas kartu su vazelino pagrindu sukuria fizin\u012f barjer\u0105, apsaugin\u012f odos [&hellip;]<\/p>\n","protected":false},"featured_media":11526,"comment_status":"open","ping_status":"closed","template":"","meta":[],"product_brand":[],"product_cat":[128,127],"product_tag":[],"class_list":{"0":"post-11528","1":"product","2":"type-product","3":"status-publish","4":"has-post-thumbnail","6":"product_cat-spuogu-demiu-gydymas","7":"product_cat-veidas","9":"first","10":"outofstock","11":"shipping-taxable","12":"purchasable","13":"product-type-simple"},"_links":{"self":[{"href":"https:\/\/beautysba.co.uk\/lt\/wp-json\/wp\/v2\/product\/11528","targetHints":{"allow":["GET"]}}],"collection":[{"href":"https:\/\/beautysba.co.uk\/lt\/wp-json\/wp\/v2\/product"}],"about":[{"href":"https:\/\/beautysba.co.uk\/lt\/wp-json\/wp\/v2\/types\/product"}],"replies":[{"embeddable":true,"href":"https:\/\/beautysba.co.uk\/lt\/wp-json\/wp\/v2\/comments?post=11528"}],"wp:featuredmedia":[{"embeddable":true,"href":"https:\/\/beautysba.co.uk\/lt\/wp-json\/wp\/v2\/media\/11526"}],"wp:attachment":[{"href":"https:\/\/beautysba.co.uk\/lt\/wp-json\/wp\/v2\/media?parent=11528"}],"wp:term":[{"taxonomy":"product_brand","embeddable":true,"href":"https:\/\/beautysba.co.uk\/lt\/wp-json\/wp\/v2\/product_brand?post=11528"},{"taxonomy":"product_cat","embeddable":true,"href":"https:\/\/beautysba.co.uk\/lt\/wp-json\/wp\/v2\/product_cat?post=11528"},{"taxonomy":"product_tag","embeddable":true,"href":"https:\/\/beautysba.co.uk\/lt\/wp-json\/wp\/v2\/product_tag?post=11528"}],"curies":[{"name":"wp","href":"https:\/\/api.w.org\/{rel}","templated":true}]}}