{"id":11552,"date":"2023-09-14T08:37:15","date_gmt":"2023-09-14T08:37:15","guid":{"rendered":"https:\/\/beautysba.co.uk\/product\/%d1%81%d0%ba%d0%b8%d0%bf%d0%b8%d0%b4%d0%b0%d1%80%d0%bd%d0%b0%d1%8f-%d0%bc%d0%b0%d0%b7%d1%8c-%d1%82%d1%83%d0%b1%d0%b0-25%d0%b3\/"},"modified":"2023-09-14T08:49:14","modified_gmt":"2023-09-14T08:49:14","slug":"terpentino-tepalo-tubele-25g","status":"publish","type":"product","link":"https:\/\/beautysba.co.uk\/lt\/produktas\/terpentino-tepalo-tubele-25g\/","title":{"rendered":"Turpentino tepalo t\u016bbel\u0117 25g"},"content":{"rendered":"<p>farmakologinis poveikis<br \/>\nFarmakologinis poveikis &#8211; vietinis dirginimas, antiseptikas.<\/p>\n<p>Indikacijos<br \/>\nNeuralgija, miozitas, reumatas, artritas.<\/p>\n<p>Sud\u0117tis<br \/>\n100 g tepalo yra 20 g i\u0161gryninto terpentino aliejaus ir 80 g vandens ir vazelino emulsijos; stiklainiuose.<\/p>\n<p>Laikymo s\u0105lygos<br \/>\nNuo \u0161viesos apsaugotoje vietoje, ne auk\u0161tesn\u0117je kaip 15 \u00b0C temperat\u016broje.<\/p>\n<p>Laikyti vaikams nepasiekiamoje vietoje.<\/p>\n","protected":false},"excerpt":{"rendered":"<p>farmakologinis poveikis Farmakologinis poveikis &#8211; vietinis dirginimas, antiseptikas. Indikacijos Neuralgija, miozitas, reumatas, artritas. Sud\u0117tis 100 g tepalo yra 20 g i\u0161gryninto terpentino aliejaus ir 80 g vandens ir vazelino emulsijos; stiklainiuose. Laikymo s\u0105lygos Nuo \u0161viesos apsaugotoje vietoje, ne auk\u0161tesn\u0117je kaip 15 \u00b0C temperat\u016broje. Laikyti vaikams nepasiekiamoje vietoje.<\/p>\n","protected":false},"featured_media":13747,"comment_status":"open","ping_status":"closed","template":"","meta":[],"product_brand":[],"product_cat":[218,219,217,305],"product_tag":[],"class_list":{"0":"post-11552","1":"product","2":"type-product","3":"status-publish","4":"has-post-thumbnail","6":"product_cat-kuno-prieziura","7":"product_cat-pedu-prieziura-lt","8":"product_cat-sveikatos-prieziura","9":"product_cat------lt","11":"first","12":"outofstock","13":"shipping-taxable","14":"purchasable","15":"product-type-simple"},"_links":{"self":[{"href":"https:\/\/beautysba.co.uk\/lt\/wp-json\/wp\/v2\/product\/11552","targetHints":{"allow":["GET"]}}],"collection":[{"href":"https:\/\/beautysba.co.uk\/lt\/wp-json\/wp\/v2\/product"}],"about":[{"href":"https:\/\/beautysba.co.uk\/lt\/wp-json\/wp\/v2\/types\/product"}],"replies":[{"embeddable":true,"href":"https:\/\/beautysba.co.uk\/lt\/wp-json\/wp\/v2\/comments?post=11552"}],"wp:featuredmedia":[{"embeddable":true,"href":"https:\/\/beautysba.co.uk\/lt\/wp-json\/wp\/v2\/media\/13747"}],"wp:attachment":[{"href":"https:\/\/beautysba.co.uk\/lt\/wp-json\/wp\/v2\/media?parent=11552"}],"wp:term":[{"taxonomy":"product_brand","embeddable":true,"href":"https:\/\/beautysba.co.uk\/lt\/wp-json\/wp\/v2\/product_brand?post=11552"},{"taxonomy":"product_cat","embeddable":true,"href":"https:\/\/beautysba.co.uk\/lt\/wp-json\/wp\/v2\/product_cat?post=11552"},{"taxonomy":"product_tag","embeddable":true,"href":"https:\/\/beautysba.co.uk\/lt\/wp-json\/wp\/v2\/product_tag?post=11552"}],"curies":[{"name":"wp","href":"https:\/\/api.w.org\/{rel}","templated":true}]}}