{"id":11564,"date":"2023-09-14T08:40:30","date_gmt":"2023-09-14T08:40:30","guid":{"rendered":"https:\/\/beautysba.co.uk\/product\/%d0%b0%d1%81%d0%ba%d0%be%d1%80%d0%b1%d0%b8%d0%bd%d0%be%d0%b2%d0%b0%d1%8f-%d0%ba%d0%b8%d1%81%d0%bb%d0%be%d1%82%d0%b0-%d0%b4%d1%80%d0%b0%d0%b6%d0%b5-n200\/"},"modified":"2023-11-06T12:23:55","modified_gmt":"2023-11-06T12:23:55","slug":"askorbo-rugstis-drauge-n200","status":"publish","type":"product","link":"https:\/\/beautysba.co.uk\/lt\/produktas\/askorbo-rugstis-drauge-n200\/","title":{"rendered":"Askorbo r\u016bg\u0161tis dra\u017e\u0117 n200"},"content":{"rendered":"<p>Vitaminas C prisideda prie normalios imunin\u0117s sistemos veiklos.<\/p>\n<p>Grynasis svoris: 200 table\u010di\u0173 po 70 g.<\/p>\n<p>SUD\u0116TIS: cukrus, L-askorbo r\u016bg\u0161tis (vitaminas C), bulvi\u0173 krakmolas, citrin\u0173 kvapioji med\u017eiaga, antiagregantas &#8211; talkas, apvalkalas &#8211; geltonasis bi\u010di\u0173 va\u0161kas, saul\u0117gr\u0105\u017e\u0173 aliejus, maistinis da\u017eiklis &#8211; geltonasis chinolinas.<\/p>\n<p>Dienos doz\u0117s kiekis (vitaminas C): 2 tablet\u0117s 100 mg 125,0%*. (* %NRV yra suaugusiesiems skirtos paros normos procentin\u0117 dalis).<\/p>\n<p>Dozavimas: suaugusiesiems &#8211; po 1 tablet\u0119 2 kartus per dien\u0105 po valgio.<\/p>\n<p>Kontraindikacijos: individualus komponent\u0173 netoleravimas. Nenaudokite kaip \u012fvairios mitybos pakaitalo! Svarbu subalansuota ir \u012fvairi mityba bei sveikas gyvenimo b\u016bdas! Nevir\u0161ykite rekomenduojamos paros doz\u0117s! Jei pasirei\u0161kia alergin\u0117s reakcijos, nutraukite vartojim\u0105 ir kreipkit\u0117s \u012f gydytoj\u0105. Chinolino geltonasis gali tur\u0117ti neigiam\u0105 poveik\u012f vaik\u0173 aktyvumui ir d\u0117mesiui.<\/p>\n<p>Laikyti iki +25\u00baC temperat\u016broje, sausoje, tamsioje, vaikams nepasiekiamoje vietoje. Met\u0173 metai: \u017er. pakuot\u0119.<\/p>\n","protected":false},"excerpt":{"rendered":"<p>Vitaminas C prisideda prie normalios imunin\u0117s sistemos veiklos. Grynasis svoris: 200 table\u010di\u0173 po 70 g. SUD\u0116TIS: cukrus, L-askorbo r\u016bg\u0161tis (vitaminas C), bulvi\u0173 krakmolas, citrin\u0173 kvapioji med\u017eiaga, antiagregantas &#8211; talkas, apvalkalas &#8211; geltonasis bi\u010di\u0173 va\u0161kas, saul\u0117gr\u0105\u017e\u0173 aliejus, maistinis da\u017eiklis &#8211; geltonasis chinolinas. Dienos doz\u0117s kiekis (vitaminas C): 2 tablet\u0117s 100 mg 125,0%*. (* %NRV yra suaugusiesiems [&hellip;]<\/p>\n","protected":false},"featured_media":11562,"comment_status":"open","ping_status":"closed","template":"","meta":[],"product_brand":[],"product_cat":[333,217,220],"product_tag":[],"class_list":{"0":"post-11564","1":"product","2":"type-product","3":"status-publish","4":"has-post-thumbnail","6":"product_cat-persalimo-ligoms-ir-psichinei-sveikatai","7":"product_cat-sveikatos-prieziura","8":"product_cat-zarnyno-sveikata","10":"first","11":"instock","12":"shipping-taxable","13":"purchasable","14":"product-type-simple"},"_links":{"self":[{"href":"https:\/\/beautysba.co.uk\/lt\/wp-json\/wp\/v2\/product\/11564","targetHints":{"allow":["GET"]}}],"collection":[{"href":"https:\/\/beautysba.co.uk\/lt\/wp-json\/wp\/v2\/product"}],"about":[{"href":"https:\/\/beautysba.co.uk\/lt\/wp-json\/wp\/v2\/types\/product"}],"replies":[{"embeddable":true,"href":"https:\/\/beautysba.co.uk\/lt\/wp-json\/wp\/v2\/comments?post=11564"}],"wp:featuredmedia":[{"embeddable":true,"href":"https:\/\/beautysba.co.uk\/lt\/wp-json\/wp\/v2\/media\/11562"}],"wp:attachment":[{"href":"https:\/\/beautysba.co.uk\/lt\/wp-json\/wp\/v2\/media?parent=11564"}],"wp:term":[{"taxonomy":"product_brand","embeddable":true,"href":"https:\/\/beautysba.co.uk\/lt\/wp-json\/wp\/v2\/product_brand?post=11564"},{"taxonomy":"product_cat","embeddable":true,"href":"https:\/\/beautysba.co.uk\/lt\/wp-json\/wp\/v2\/product_cat?post=11564"},{"taxonomy":"product_tag","embeddable":true,"href":"https:\/\/beautysba.co.uk\/lt\/wp-json\/wp\/v2\/product_tag?post=11564"}],"curies":[{"name":"wp","href":"https:\/\/api.w.org\/{rel}","templated":true}]}}