{"id":11589,"date":"2023-09-14T08:21:48","date_gmt":"2023-09-14T08:52:08","guid":{"rendered":"https:\/\/beautysba.co.uk\/product\/vitaminas-d3-5000-n30-niksen\/"},"modified":"2023-12-28T08:07:43","modified_gmt":"2023-12-28T08:07:43","slug":"%d0%b2%d0%b8%d1%82%d0%b0%d0%bc%d0%b8%d0%bd-d3-5000-n30-niksen","status":"publish","type":"product","link":"https:\/\/beautysba.co.uk\/lt\/produktas\/%d0%b2%d0%b8%d1%82%d0%b0%d0%bc%d0%b8%d0%bd-d3-5000-n30-niksen\/","title":{"rendered":"Vitaminas d3 5000 n30 &#8211; niksen"},"content":{"rendered":"<p>VITAMINAS D3 5000 N30 &#8211; NIXEN<br \/>\nVitaminas D skatina sveikus kaulus, \u0161ird\u012f ir imunin\u0119 sistem\u0105.<\/p>\n<p>Grynasis kiekis: 30 table\u010di\u0173.<\/p>\n<p>Sudedamosios dalys: mikrokristalin\u0117 celiulioz\u0117, modifikuotas kvie\u010di\u0173 krakmolas, magnio stearatas, silicio dioksidas.<\/p>\n<p>Vartojimas: suaugusiesiems gerti po 1 tablet\u0119 per dien\u0105.<\/p>\n<p>\u012esp\u0117jimai: individualus sudedam\u0173j\u0173 dali\u0173 netoleravimas, n\u0117\u0161tumas, \u017eindymas.<\/p>\n<p>Prie\u0161 pradedant vartoti papild\u0105, rekomenduojama pasitarti su gydytoju. Jei pasirei\u0161kia alergin\u0117s reakcijos, nutraukite vartojim\u0105 ir kreipkit\u0117s \u012f gydytoj\u0105.<\/p>\n<p>Laikyti +5 &#8211; +25C temperat\u016broje, sausoje, tamsioje, vaikams nepasiekiamoje vietoje.<\/p>\n","protected":false},"excerpt":{"rendered":"<p>VITAMINAS D3 5000 N30 &#8211; NIXEN Vitaminas D skatina sveikus kaulus, \u0161ird\u012f ir imunin\u0119 sistem\u0105. Grynasis kiekis: 30 table\u010di\u0173. Sudedamosios dalys: mikrokristalin\u0117 celiulioz\u0117, modifikuotas kvie\u010di\u0173 krakmolas, magnio stearatas, silicio dioksidas. Vartojimas: suaugusiesiems gerti po 1 tablet\u0119 per dien\u0105. \u012esp\u0117jimai: individualus sudedam\u0173j\u0173 dali\u0173 netoleravimas, n\u0117\u0161tumas, \u017eindymas. Prie\u0161 pradedant vartoti papild\u0105, rekomenduojama pasitarti su gydytoju. Jei pasirei\u0161kia [&hellip;]<\/p>\n","protected":false},"featured_media":11504,"comment_status":"open","ping_status":"closed","template":"","meta":[],"product_brand":[],"product_cat":[217,220],"product_tag":[],"class_list":{"0":"post-11589","1":"product","2":"type-product","3":"status-publish","4":"has-post-thumbnail","6":"product_cat-sveikatos-prieziura","7":"product_cat-zarnyno-sveikata","9":"first","10":"outofstock","11":"shipping-taxable","12":"purchasable","13":"product-type-simple"},"_links":{"self":[{"href":"https:\/\/beautysba.co.uk\/lt\/wp-json\/wp\/v2\/product\/11589","targetHints":{"allow":["GET"]}}],"collection":[{"href":"https:\/\/beautysba.co.uk\/lt\/wp-json\/wp\/v2\/product"}],"about":[{"href":"https:\/\/beautysba.co.uk\/lt\/wp-json\/wp\/v2\/types\/product"}],"replies":[{"embeddable":true,"href":"https:\/\/beautysba.co.uk\/lt\/wp-json\/wp\/v2\/comments?post=11589"}],"wp:featuredmedia":[{"embeddable":true,"href":"https:\/\/beautysba.co.uk\/lt\/wp-json\/wp\/v2\/media\/11504"}],"wp:attachment":[{"href":"https:\/\/beautysba.co.uk\/lt\/wp-json\/wp\/v2\/media?parent=11589"}],"wp:term":[{"taxonomy":"product_brand","embeddable":true,"href":"https:\/\/beautysba.co.uk\/lt\/wp-json\/wp\/v2\/product_brand?post=11589"},{"taxonomy":"product_cat","embeddable":true,"href":"https:\/\/beautysba.co.uk\/lt\/wp-json\/wp\/v2\/product_cat?post=11589"},{"taxonomy":"product_tag","embeddable":true,"href":"https:\/\/beautysba.co.uk\/lt\/wp-json\/wp\/v2\/product_tag?post=11589"}],"curies":[{"name":"wp","href":"https:\/\/api.w.org\/{rel}","templated":true}]}}