{"id":11675,"date":"2023-09-30T17:01:17","date_gmt":"2023-09-30T17:01:17","guid":{"rendered":"https:\/\/beautysba.co.uk\/product\/%d1%81%d0%b0%d0%b1%d0%b5%d0%bb%d1%8c%d0%bd%d0%b8%d0%ba-%d1%82%d0%b0%d0%b1%d0%bb%d0%b5%d1%82%d0%ba%d0%b8-n60-evalar\/"},"modified":"2023-09-30T17:14:41","modified_gmt":"2023-09-30T17:14:41","slug":"cinquefoil-tablets-n60-evalar","status":"publish","type":"product","link":"https:\/\/beautysba.co.uk\/lt\/produktas\/cinquefoil-tablets-n60-evalar\/","title":{"rendered":"Sabelnik tablet\u0117s n60 &#8211; Evalar"},"content":{"rendered":"<p>Sveiki, judr\u016bs s\u0105nariai ir stuburas leid\u017eia jums lengvai jud\u0117ti ir jaustis jaunesniems nei j\u016bs\u0173 am\u017eius. Esant jud\u0117jimo diskomfortui, suma\u017e\u0117jus s\u0105nari\u0173 judrumui, b\u016btinas priemoni\u0173 kompleksas, \u012fskaitant gydytojo paskirt\u0105 gydym\u0105, fizioterapij\u0105, diet\u0105, gydomuosius pratimus ir \u0161ioje srityje i\u0161tirt\u0173 savybi\u0173 turin\u010di\u0173 augal\u0173 vartojim\u0105.<\/p>\n<p>Pelkin\u0117 viksva &#8211; nuostabus augalas, kuriam gamta suteik\u0117 nepaprast\u0105 gali\u0105. Biologinis gyslo\u010dio med\u017eiag\u0173 komplekso aktyvumas lemia jo vartojim\u0105 s\u0105nari\u0173 ir stuburo sveikatai palaikyti.<\/p>\n<p>Kruop\u0161\u010diai atrinktos, patikrintos \u017ealiavos ir \u0161iuolaikin\u0117s gamybos technologijos leid\u017eia jums gauti table\u010di\u0173 Sabelnik Evalar, kuris i\u0161laiko vis\u0105 biologi\u0161kai aktyvi\u0173 med\u017eiag\u0173 sabelnika komplekso j\u0117g\u0105.<\/p>\n<p>Sabelnik-Evalar skatina:<\/p>\n<p>raumen\u0173 ir kaul\u0173 sistemos funkcin\u0117s b\u016bkl\u0117s gerinimas;<\/p>\n<p>i\u0161laikyti s\u0105nari\u0173 judrum\u0105 ir stuburo lankstum\u0105.<\/p>\n<p>Taikymo b\u016bdas<\/p>\n<p>Suaugusieji vartoja po 2 tabletes vien\u0105 kart\u0105 per dien\u0105 valgio metu.<br \/>\nPri\u0117mimo trukm\u0117 &#8211; ne trumpesn\u0117 kaip 1 m\u0117nuo.<br \/>\nJei reikia, vartojimo kurs\u0105 galima pakartoti.<\/p>\n","protected":false},"excerpt":{"rendered":"<p>Sveiki, judr\u016bs s\u0105nariai ir stuburas leid\u017eia jums lengvai jud\u0117ti ir jaustis jaunesniems nei j\u016bs\u0173 am\u017eius. Esant jud\u0117jimo diskomfortui, suma\u017e\u0117jus s\u0105nari\u0173 judrumui, b\u016btinas priemoni\u0173 kompleksas, \u012fskaitant gydytojo paskirt\u0105 gydym\u0105, fizioterapij\u0105, diet\u0105, gydomuosius pratimus ir \u0161ioje srityje i\u0161tirt\u0173 savybi\u0173 turin\u010di\u0173 augal\u0173 vartojim\u0105. Pelkin\u0117 viksva &#8211; nuostabus augalas, kuriam gamta suteik\u0117 nepaprast\u0105 gali\u0105. Biologinis gyslo\u010dio med\u017eiag\u0173 komplekso aktyvumas [&hellip;]<\/p>\n","protected":false},"featured_media":11673,"comment_status":"open","ping_status":"closed","template":"","meta":[],"product_brand":[],"product_cat":[217,220],"product_tag":[],"class_list":{"0":"post-11675","1":"product","2":"type-product","3":"status-publish","4":"has-post-thumbnail","6":"product_cat-sveikatos-prieziura","7":"product_cat-zarnyno-sveikata","9":"first","10":"outofstock","11":"shipping-taxable","12":"purchasable","13":"product-type-simple"},"_links":{"self":[{"href":"https:\/\/beautysba.co.uk\/lt\/wp-json\/wp\/v2\/product\/11675","targetHints":{"allow":["GET"]}}],"collection":[{"href":"https:\/\/beautysba.co.uk\/lt\/wp-json\/wp\/v2\/product"}],"about":[{"href":"https:\/\/beautysba.co.uk\/lt\/wp-json\/wp\/v2\/types\/product"}],"replies":[{"embeddable":true,"href":"https:\/\/beautysba.co.uk\/lt\/wp-json\/wp\/v2\/comments?post=11675"}],"wp:featuredmedia":[{"embeddable":true,"href":"https:\/\/beautysba.co.uk\/lt\/wp-json\/wp\/v2\/media\/11673"}],"wp:attachment":[{"href":"https:\/\/beautysba.co.uk\/lt\/wp-json\/wp\/v2\/media?parent=11675"}],"wp:term":[{"taxonomy":"product_brand","embeddable":true,"href":"https:\/\/beautysba.co.uk\/lt\/wp-json\/wp\/v2\/product_brand?post=11675"},{"taxonomy":"product_cat","embeddable":true,"href":"https:\/\/beautysba.co.uk\/lt\/wp-json\/wp\/v2\/product_cat?post=11675"},{"taxonomy":"product_tag","embeddable":true,"href":"https:\/\/beautysba.co.uk\/lt\/wp-json\/wp\/v2\/product_tag?post=11675"}],"curies":[{"name":"wp","href":"https:\/\/api.w.org\/{rel}","templated":true}]}}