{"id":11681,"date":"2023-09-30T17:05:55","date_gmt":"2023-09-30T17:05:55","guid":{"rendered":"https:\/\/beautysba.co.uk\/product\/%d0%b3%d0%b5%d0%bb%d1%8c-%d0%b4%d0%bb%d1%8f-%d1%82%d0%b5%d0%bb%d0%b0-%d0%bb%d0%be%d1%88%d0%b0%d0%b4%d0%b8%d0%bd%d0%b0%d1%8f-%d1%81%d0%b8%d0%bb%d0%b0-%d1%81-%d0%bf%d0%b5%d1%80%d1%86%d0%b5%d0%bc\/"},"modified":"2023-09-30T17:14:42","modified_gmt":"2023-09-30T17:14:42","slug":"horse-power-peper-kuno-gelis","status":"publish","type":"product","link":"https:\/\/beautysba.co.uk\/lt\/produktas\/horse-power-peper-kuno-gelis\/","title":{"rendered":"&#8220;Horse Power&#8221; k\u016bno gelis su aitriosiomis paprikomis 250ml &#8211; Crevil"},"content":{"rendered":"<p>&#8220;Crevil Horse Power&#8221; gelis su aitriosiomis paprikomis 250ml<br \/>\nHORSE BALM CHILI GEL Odos prie\u017ei\u016brai raudon\u0173j\u0173 aitri\u0173j\u0173 paprik\u0173 ekstraktas sukuria malon\u0173 \u0161ilumos poj\u016bt\u012f.<\/p>\n<p>NAUDOJIMAS: tepkite pe\u010dius, nugar\u0105, rankas, kojas iki 3 kart\u0173 per dien\u0105 ir \u012fmasa\u017euokite pagal poreik\u012f. D\u0117mesio! Venkite s\u0105ly\u010dio su akimis, atviromis \u017eaizdomis ir gleivin\u0117mis! Netinka k\u016bdikiams ir ma\u017eiems vaikams! Po naudojimo nusiplaukite rankas! Netinka vartoti. Netepkite veido.<\/p>\n","protected":false},"excerpt":{"rendered":"<p>&#8220;Crevil Horse Power&#8221; gelis su aitriosiomis paprikomis 250ml HORSE BALM CHILI GEL Odos prie\u017ei\u016brai raudon\u0173j\u0173 aitri\u0173j\u0173 paprik\u0173 ekstraktas sukuria malon\u0173 \u0161ilumos poj\u016bt\u012f. NAUDOJIMAS: tepkite pe\u010dius, nugar\u0105, rankas, kojas iki 3 kart\u0173 per dien\u0105 ir \u012fmasa\u017euokite pagal poreik\u012f. D\u0117mesio! Venkite s\u0105ly\u010dio su akimis, atviromis \u017eaizdomis ir gleivin\u0117mis! Netinka k\u016bdikiams ir ma\u017eiems vaikams! Po naudojimo nusiplaukite rankas! [&hellip;]<\/p>\n","protected":false},"featured_media":11679,"comment_status":"open","ping_status":"closed","template":"","meta":[],"product_brand":[],"product_cat":[125,201,217,305],"product_tag":[],"class_list":{"0":"post-11681","1":"product","2":"type-product","3":"status-publish","4":"has-post-thumbnail","6":"product_cat-ispardavimas","7":"product_cat-skausmo-malsinimas","8":"product_cat-sveikatos-prieziura","9":"product_cat------lt","11":"first","12":"outofstock","13":"sale","14":"shipping-taxable","15":"purchasable","16":"product-type-simple"},"_links":{"self":[{"href":"https:\/\/beautysba.co.uk\/lt\/wp-json\/wp\/v2\/product\/11681","targetHints":{"allow":["GET"]}}],"collection":[{"href":"https:\/\/beautysba.co.uk\/lt\/wp-json\/wp\/v2\/product"}],"about":[{"href":"https:\/\/beautysba.co.uk\/lt\/wp-json\/wp\/v2\/types\/product"}],"replies":[{"embeddable":true,"href":"https:\/\/beautysba.co.uk\/lt\/wp-json\/wp\/v2\/comments?post=11681"}],"wp:featuredmedia":[{"embeddable":true,"href":"https:\/\/beautysba.co.uk\/lt\/wp-json\/wp\/v2\/media\/11679"}],"wp:attachment":[{"href":"https:\/\/beautysba.co.uk\/lt\/wp-json\/wp\/v2\/media?parent=11681"}],"wp:term":[{"taxonomy":"product_brand","embeddable":true,"href":"https:\/\/beautysba.co.uk\/lt\/wp-json\/wp\/v2\/product_brand?post=11681"},{"taxonomy":"product_cat","embeddable":true,"href":"https:\/\/beautysba.co.uk\/lt\/wp-json\/wp\/v2\/product_cat?post=11681"},{"taxonomy":"product_tag","embeddable":true,"href":"https:\/\/beautysba.co.uk\/lt\/wp-json\/wp\/v2\/product_tag?post=11681"}],"curies":[{"name":"wp","href":"https:\/\/api.w.org\/{rel}","templated":true}]}}