{"id":11728,"date":"2023-10-17T10:38:08","date_gmt":"2023-10-17T10:38:08","guid":{"rendered":"https:\/\/beautysba.co.uk\/product\/%d0%bd%d0%b0%d0%b1%d0%be%d1%80-%d0%ba%d0%be%d1%81%d0%bc%d0%b5%d1%82%d0%b8%d1%87%d0%b5%d1%81%d0%ba%d0%b8%d0%b9-%e2%84%962-%d1%81%d1%83%d0%bb%d1%8c%d1%81%d0%b5%d0%bd%d0%b0-%d0%bf%d1%80%d0%be%d1%82%d0%b8\/"},"modified":"2023-10-17T10:39:48","modified_gmt":"2023-10-17T10:39:48","slug":"kosmetikos-rinkinys-2-sulsena-anti","status":"publish","type":"product","link":"https:\/\/beautysba.co.uk\/lt\/produktas\/kosmetikos-rinkinys-2-sulsena-anti\/","title":{"rendered":"Kosmetikos rinkinys Nr. 2 SULSENA \u0161amp\u016bnas nuo pleiskan\u0173 \/ \u0161vei\u010diamasis \u0161amp\u016bnas, pasta 2%"},"content":{"rendered":"<p>Visapusi\u0161kas po\u017ei\u016bris \u012f pleiskan\u0173 ir j\u0173 pasekmi\u0173 problem\u0173 sprendim\u0105.<\/p>\n<p>Veiksmingai ir \u0161velniai i\u0161spr\u0119sti pleiskan\u0173 ir nemalonaus nie\u017eulio problem\u0105 pad\u0117s plauk\u0173 ir galvos odos prie\u017ei\u016bros priemon\u0117s nuo pleiskan\u0173 SULSENA serija, sukurta aktyvaus dermatologinio komponento &#8211; seleno disulfido (SeS2) pagrindu, kuris turi unikali\u0105 savyb\u0119 tikslingai veikti pagrindin\u0119 pleiskan\u0173 prie\u017east\u012f &#8211; mieli\u0173 grybel\u012f Pityrosporum Ovale.<\/p>\n<p>1 \u017dINGSNIS<br \/>\nGilus valymas &#8211; SULSENA \u0161vei\u010diamasis \u0161amp\u016bnas<br \/>\nnuo pleiskan\u0173<\/p>\n<p>veiksmingai atsikrato lipni\u0173, sunkiai valom\u0173 pleiskan\u0173;<br \/>\nnormalizuoja galvos odos lipid\u0173 pusiausvyr\u0105;<br \/>\nslopina Pityrosporum Ovale genties mieli\u0173 grybeli\u0173 augim\u0105, tod\u0117l ant galvos odos kaupiasi daugiau negyv\u0173 epidermio l\u0105steli\u0173;<br \/>\nd\u0117l \u0161amp\u016bno sud\u0117tyje esan\u010di\u0173 mink\u0161t\u0173 polietileno granuli\u0173 sukuriamas mikromasa\u017eo efektas, gerinantis plauk\u0173 folikul\u0173 apr\u016bpinim\u0105 krauju;<br \/>\npuikiai i\u0161plauna plauk\u0173 modeliavimo priemones.<br \/>\n2 \u017dINGSNIS<br \/>\nAktyvi prie\u017ei\u016bra &#8211; pasta SULSENA 2%<br \/>\ngalvos odos prie\u017ei\u016bros priemon\u0117 nuo pleiskan\u0173<\/p>\n<p>normalizuoja galvos odos riebal\u0173 sekrecijos funkcij\u0105;<br \/>\noptimizuoja Pityrosporum Ovale genties mieli\u0173 grybelio, sukelian\u010dio pleiskanas, kiek\u012f;<br \/>\npa\u0161alina destrukcinius procesus plauk\u0173 augimo zonoje;<br \/>\natkuria galvos odos l\u0105steli\u0173 gyvybingum\u0105;<br \/>\npadeda stiprinti plauk\u0173 \u0161akn\u0173 aparat\u0105;<br \/>\npagerina plauk\u0173 tonus\u0105, suteikia jiems sveik\u0105 i\u0161vaizd\u0105, \u017evilges\u012f ir elastingum\u0105.<br \/>\nSULSENA produkt\u0173 nuo pleiskan\u0173 veiksmingumas yra klini\u0161kai \u012frodytas. Klinikinius tyrimus, skirtus SULSENA prekinio \u017eenklo produkt\u0173 veiksmingumui \u012fvertinti, atliko: Valstybin\u0117s \u012fmon\u0117s MT tyrim\u0173 instituto bandym\u0173 laboratorijos centras RAMS. 2008 m. kovo 5 d. i\u0161vada; UAB &#8220;NPC&#8221; KosmoProdTest. 2016 m. kovo 30 d. nuomon\u0117.<\/p>\n","protected":false},"excerpt":{"rendered":"<p>Visapusi\u0161kas po\u017ei\u016bris \u012f pleiskan\u0173 ir j\u0173 pasekmi\u0173 problem\u0173 sprendim\u0105. Veiksmingai ir \u0161velniai i\u0161spr\u0119sti pleiskan\u0173 ir nemalonaus nie\u017eulio problem\u0105 pad\u0117s plauk\u0173 ir galvos odos prie\u017ei\u016bros priemon\u0117s nuo pleiskan\u0173 SULSENA serija, sukurta aktyvaus dermatologinio komponento &#8211; seleno disulfido (SeS2) pagrindu, kuris turi unikali\u0105 savyb\u0119 tikslingai veikti pagrindin\u0119 pleiskan\u0173 prie\u017east\u012f &#8211; mieli\u0173 grybel\u012f Pityrosporum Ovale. 1 \u017dINGSNIS Gilus [&hellip;]<\/p>\n","protected":false},"featured_media":11726,"comment_status":"open","ping_status":"closed","template":"","meta":[],"product_brand":[],"product_cat":[211,214,216],"product_tag":[],"class_list":{"0":"post-11728","1":"product","2":"type-product","3":"status-publish","4":"has-post-thumbnail","6":"product_cat-hair-lt","7":"product_cat-plauku-kaukes","8":"product_cat-sampunai","10":"first","11":"outofstock","12":"shipping-taxable","13":"purchasable","14":"product-type-simple"},"_links":{"self":[{"href":"https:\/\/beautysba.co.uk\/lt\/wp-json\/wp\/v2\/product\/11728","targetHints":{"allow":["GET"]}}],"collection":[{"href":"https:\/\/beautysba.co.uk\/lt\/wp-json\/wp\/v2\/product"}],"about":[{"href":"https:\/\/beautysba.co.uk\/lt\/wp-json\/wp\/v2\/types\/product"}],"replies":[{"embeddable":true,"href":"https:\/\/beautysba.co.uk\/lt\/wp-json\/wp\/v2\/comments?post=11728"}],"wp:featuredmedia":[{"embeddable":true,"href":"https:\/\/beautysba.co.uk\/lt\/wp-json\/wp\/v2\/media\/11726"}],"wp:attachment":[{"href":"https:\/\/beautysba.co.uk\/lt\/wp-json\/wp\/v2\/media?parent=11728"}],"wp:term":[{"taxonomy":"product_brand","embeddable":true,"href":"https:\/\/beautysba.co.uk\/lt\/wp-json\/wp\/v2\/product_brand?post=11728"},{"taxonomy":"product_cat","embeddable":true,"href":"https:\/\/beautysba.co.uk\/lt\/wp-json\/wp\/v2\/product_cat?post=11728"},{"taxonomy":"product_tag","embeddable":true,"href":"https:\/\/beautysba.co.uk\/lt\/wp-json\/wp\/v2\/product_tag?post=11728"}],"curies":[{"name":"wp","href":"https:\/\/api.w.org\/{rel}","templated":true}]}}