{"id":11942,"date":"2023-11-10T07:50:15","date_gmt":"2023-11-10T07:50:15","guid":{"rendered":"https:\/\/beautysba.co.uk\/product\/%d0%bc%d0%b8%d0%bb%d0%be%d0%bd%d0%b0-5-%d0%b4%d0%bb%d1%8f-%d0%bf%d0%be%d0%b4%d0%b4%d0%b5%d1%80%d0%b6%d0%b0%d0%bd%d0%b8%d1%8f-%d0%b7%d0%b4%d0%be%d1%80%d0%be%d0%b2%d1%8c%d1%8f-%d0%bc%d0%be%d0%bb%d0%be\/"},"modified":"2026-04-24T09:36:41","modified_gmt":"2026-04-24T09:36:41","slug":"milona-5-uz-sveikata-islaikanti-piena","status":"publish","type":"product","link":"https:\/\/beautysba.co.uk\/lt\/produktas\/milona-5-uz-sveikata-islaikanti-piena\/","title":{"rendered":"Milona-5 kr\u016bt\u0173 sveikatai palaikyti N100 Evalar"},"content":{"rendered":"<p>Pieno liauka atlieka svarb\u0173 vaidmen\u012f moters sveikatai. Jis ne tik maitina k\u016bdik\u012f, bet ir yra moters papuo\u0161alas. Skirtingais moters gyvenimo etapais hormonai lemia pieno liauk\u0173 veikl\u0105, tod\u0117l kr\u016bties audinys jautriai reaguoja \u012f bet kokius hormoninio fono nukrypimus. Netinkamas gyvenimo b\u016bdas, stresas, riebus ir angliavandeni\u0173 maistas, alkoholis, r\u016bkymas didina normali\u0173 pieno liauk\u0173 funkcij\u0173 sutrikim\u0173 galimyb\u0119, atsiranda gumul\u0117li\u0173, skausmas, formos poky\u010diai.<\/p>\n<p>Pieno liauka yra nuo hormon\u0173 priklausomas organas, t. y. sutrikimai i\u0161sivysto d\u0117l hormon\u0173 pusiausvyros sutrikim\u0173 organizme.<\/p>\n<p>Didel\u012f d\u0117mes\u012f reik\u0117t\u0173 skirti tinkamai mitybai ir kompetentingam vaista\u017eoli\u0173 vartojimui.<\/p>\n<p>&#8220;Milona-5&#8221; &#8211; tai visas spektras med\u017eiag\u0173 i\u0161 \u017einom\u0173 augal\u0173, turin\u010di\u0173 \u012ftakos moter\u0173 sveikatos optimizavimui ir moter\u0173 reprodukcini\u0173 organ\u0173 bei kr\u016bties audinio funkcin\u0117s b\u016bkl\u0117s palaikymui.<br \/>\n&#8220;Milona-5&#8221; sud\u0117tis parinkta atsi\u017evelgiant \u012f visapusi\u0161k\u0105 po\u017ei\u016br\u012f \u012f hormon\u0173 pusiausvyr\u0105 ir psichoemocin\u012f fon\u0105, kurie yra labai svarb\u016bs moters pieno liauk\u0173 ir reprodukcin\u0117s sistemos sveikatai.<br \/>\nDu\u0161ika, varnal\u0117\u0161a, baltasis \u017eiedinis bij\u016bnas, pamir\u0161tas kop\u016bstlapis, \u010dagos ekstraktas, saldymedis, medetkos ir dumbliai &#8211; tai augal\u0173 kompleksas, padedantis palaikyti hormonin\u0119 organizmo pusiausvyr\u0105, turintis \u0161veln\u0173 raminam\u0105j\u012f poveik\u012f psichoemociniam fonui, stiprinantis organizmo apsaug\u0105, turintis tonizuojam\u0105j\u012f poveik\u012f.<\/p>\n<p>Naudojimo rekomendacijos:<\/p>\n<p>Suaugusieji vartoja po 2 tabletes vien\u0105 kart\u0105 per dien\u0105 valgio metu. Gydymo trukm\u0117 &#8211; 1 m\u0117nuo. Po 10 dien\u0173 pertraukos pri\u0117mimo kurs\u0105 galima pakartoti.<\/p>\n","protected":false},"excerpt":{"rendered":"<p>Augal\u0173 kompleksas, palaikantis moter\u0173 reprodukcini\u0173 organ\u0173 funkcij\u0105 ir kr\u016bt\u0173 sveikat\u0105<\/p>\n","protected":false},"featured_media":11940,"comment_status":"open","ping_status":"closed","template":"","meta":[],"product_brand":[],"product_cat":[328,217,220],"product_tag":[],"class_list":{"0":"post-11942","1":"product","2":"type-product","3":"status-publish","4":"has-post-thumbnail","6":"product_cat-moteru-sveikata","7":"product_cat-sveikatos-prieziura","8":"product_cat-zarnyno-sveikata","10":"first","11":"instock","12":"shipping-taxable","13":"purchasable","14":"product-type-simple"},"_links":{"self":[{"href":"https:\/\/beautysba.co.uk\/lt\/wp-json\/wp\/v2\/product\/11942","targetHints":{"allow":["GET"]}}],"collection":[{"href":"https:\/\/beautysba.co.uk\/lt\/wp-json\/wp\/v2\/product"}],"about":[{"href":"https:\/\/beautysba.co.uk\/lt\/wp-json\/wp\/v2\/types\/product"}],"replies":[{"embeddable":true,"href":"https:\/\/beautysba.co.uk\/lt\/wp-json\/wp\/v2\/comments?post=11942"}],"wp:featuredmedia":[{"embeddable":true,"href":"https:\/\/beautysba.co.uk\/lt\/wp-json\/wp\/v2\/media\/11940"}],"wp:attachment":[{"href":"https:\/\/beautysba.co.uk\/lt\/wp-json\/wp\/v2\/media?parent=11942"}],"wp:term":[{"taxonomy":"product_brand","embeddable":true,"href":"https:\/\/beautysba.co.uk\/lt\/wp-json\/wp\/v2\/product_brand?post=11942"},{"taxonomy":"product_cat","embeddable":true,"href":"https:\/\/beautysba.co.uk\/lt\/wp-json\/wp\/v2\/product_cat?post=11942"},{"taxonomy":"product_tag","embeddable":true,"href":"https:\/\/beautysba.co.uk\/lt\/wp-json\/wp\/v2\/product_tag?post=11942"}],"curies":[{"name":"wp","href":"https:\/\/api.w.org\/{rel}","templated":true}]}}